{"id":93,"date":"2026-03-07T11:09:40","date_gmt":"2026-03-07T10:09:40","guid":{"rendered":"https:\/\/epoxyexpert.si\/?page_id=93"},"modified":"2026-04-04T22:06:54","modified_gmt":"2026-04-04T20:06:54","slug":"storitve","status":"publish","type":"page","link":"https:\/\/epoxyexpert.si\/en\/storitve\/","title":{"rendered":"Storitve"},"content":{"rendered":"<div data-elementor-type=\"wp-page\" data-elementor-id=\"93\" class=\"elementor elementor-93\">\n\t\t\t\t<div class=\"elementor-element elementor-element-4a9259d e-con-full e-flex e-con e-parent\" data-id=\"4a9259d\" data-element_type=\"container\" data-e-type=\"container\" data-settings=\"{&quot;background_background&quot;:&quot;classic&quot;}\">\n\t\t<div class=\"elementor-element elementor-element-e8ec77f e-con-full e-flex e-con e-child\" data-id=\"e8ec77f\" data-element_type=\"container\" data-e-type=\"container\" data-settings=\"{&quot;background_background&quot;:&quot;classic&quot;}\">\n\t\t<div class=\"elementor-element elementor-element-da0b7f0 e-con-full e-flex e-con e-child\" data-id=\"da0b7f0\" data-element_type=\"container\" data-e-type=\"container\" data-settings=\"{&quot;background_background&quot;:&quot;classic&quot;,&quot;position&quot;:&quot;absolute&quot;}\">\n\t\t\t\t<div class=\"elementor-element elementor-element-f463820 elementor-widget elementor-widget-heading\" data-id=\"f463820\" data-element_type=\"widget\" data-e-type=\"widget\" data-widget_type=\"heading.default\">\n\t\t\t\t\t<div class=\"elementor-heading-title elementor-size-default\">Storitve<\/div>\t\t\t\t<\/div>\n\t\t\t\t<\/div>\n\t\t<div class=\"elementor-element elementor-element-19dbfbf e-con-full e-flex e-con e-child\" data-id=\"19dbfbf\" data-element_type=\"container\" data-e-type=\"container\" data-settings=\"{&quot;position&quot;:&quot;absolute&quot;}\">\n\t\t\t\t<div class=\"elementor-element elementor-element-8951e73 elementor-widget__width-initial elementor-widget-tablet__width-initial elementor-widget elementor-widget-heading\" data-id=\"8951e73\" data-element_type=\"widget\" data-e-type=\"widget\" data-widget_type=\"heading.default\">\n\t\t\t\t\t<div class=\"elementor-heading-title elementor-size-default\">Profesionalne re\u0161itve za polimerne tlake, dobavo materialov, tehni\u010dno spremljanje in zaklju\u010dna gradbena dela.<\/div>\t\t\t\t<\/div>\n\t\t\t\t<\/div>\n\t\t\t\t<\/div>\n\t\t\t\t<\/div>\n\t\t<div class=\"elementor-element elementor-element-e3f9f6c e-flex e-con-boxed e-con e-parent\" data-id=\"e3f9f6c\" data-element_type=\"container\" data-e-type=\"container\" data-settings=\"{&quot;background_background&quot;:&quot;classic&quot;}\">\n\t\t\t\t\t<div class=\"e-con-inner\">\n\t\t<div class=\"elementor-element elementor-element-01759c5 e-con-full e-flex e-con e-child\" data-id=\"01759c5\" data-element_type=\"container\" data-e-type=\"container\" data-settings=\"{&quot;background_background&quot;:&quot;classic&quot;}\">\n\t\t<div class=\"elementor-element elementor-element-1b4e995 e-con-full e-flex e-con e-child\" data-id=\"1b4e995\" data-element_type=\"container\" data-e-type=\"container\">\n\t\t<div class=\"elementor-element elementor-element-725fdeb e-con-full e-flex e-con e-child\" data-id=\"725fdeb\" data-element_type=\"container\" data-e-type=\"container\">\n\t\t\t\t<div class=\"elementor-element elementor-element-45929fc elementor-widget__width-initial elementor-widget elementor-widget-text-editor\" data-id=\"45929fc\" data-element_type=\"widget\" data-e-type=\"widget\" data-widget_type=\"text-editor.default\">\n\t\t\t\t\t\t\t\t\t<p class=\"p1\">Epoxy Expert nudi profesionalne storitve izvedbe polimernih talnih sistemov ter uradno dobavo materialov neposredno iz tovarne CHEMCO Slovenija po vsem svetu. Delujemo celovito, od priprave podlage in izvedbe sistemov do tehni\u010dne podpore in zaklju\u010dnih gradbenih del.<\/p>\t\t\t\t\t\t\t\t<\/div>\n\t\t<div class=\"elementor-element elementor-element-ca51074 e-con-full e-flex e-con e-child\" data-id=\"ca51074\" data-element_type=\"container\" data-e-type=\"container\">\n\t\t<div class=\"elementor-element elementor-element-d7c20d2 e-con-full e-flex e-con e-child\" data-id=\"d7c20d2\" data-element_type=\"container\" data-e-type=\"container\" data-settings=\"{&quot;background_background&quot;:&quot;classic&quot;}\">\n\t\t<div class=\"elementor-element elementor-element-f51ba8a e-con-full e-flex e-con e-child\" data-id=\"f51ba8a\" data-element_type=\"container\" data-e-type=\"container\">\n\t\t<div class=\"elementor-element elementor-element-4eb9eed e-con-full e-flex e-con e-child\" data-id=\"4eb9eed\" data-element_type=\"container\" data-e-type=\"container\" data-settings=\"{&quot;background_background&quot;:&quot;classic&quot;}\">\n\t\t\t\t<div class=\"elementor-element elementor-element-dcf5778 elementor-widget elementor-widget-heading\" data-id=\"dcf5778\" data-element_type=\"widget\" data-e-type=\"widget\" data-widget_type=\"heading.default\">\n\t\t\t\t\t<div class=\"elementor-heading-title elementor-size-default\">01<\/div>\t\t\t\t<\/div>\n\t\t\t\t<\/div>\n\t\t\t\t<div class=\"elementor-element elementor-element-d6e8038 elementor-widget__width-initial elementor-widget-mobile__width-initial elementor-widget elementor-widget-heading\" data-id=\"d6e8038\" data-element_type=\"widget\" data-e-type=\"widget\" data-widget_type=\"heading.default\">\n\t\t\t\t\t<h3 class=\"elementor-heading-title elementor-size-default\">Polimerna tla<\/h3>\t\t\t\t<\/div>\n\t\t\t\t<div class=\"elementor-element elementor-element-0bdb417 elementor-widget__width-initial elementor-widget elementor-widget-text-editor\" data-id=\"0bdb417\" data-element_type=\"widget\" data-e-type=\"widget\" data-widget_type=\"text-editor.default\">\n\t\t\t\t\t\t\t\t\t<p class=\"p1\">Izvajamo celoten sistem polimernih tal za industrijske, komercialne in zasebne objekte. V ponudbi so epoksidni sistemi, poliuretanski premazi, poliasparti\u010dni zaklju\u010dni sloji, dekorativni kvar\u010dni sistemi, antistati\u010dna tla in 3D re\u0161itve. Poskrbimo za strokovno pripravo podlage, nanos vseh potrebnih slojev ter kontrolo kakovosti izvedbe.<\/p><div id=\"mttContainer\" class=\"notranslate\" style=\"transform: translate(142px, 26px);\" aria-expanded=\"false\"><div id=\"tippy-1\" style=\"z-index: 100000200; visibility: hidden; position: absolute; inset: auto auto 0px 0px; margin: 0px; transform: translate3d(400px, -20px, 0px);\" data-tippy-root=\"\"><div class=\"tippy-box\" style=\"max-width: 350px; transition-duration: 250ms;\" tabindex=\"-1\" role=\"mtttooltip\" data-state=\"hidden\" data-theme=\"custom\" data-animation=\"fade\" data-placement=\"top\"><div class=\"tippy-content\" style=\"transition-duration: 250ms;\" data-state=\"hidden\"><span dir=\"ltr\">\u041c\u044b \u0440\u0435\u0430\u043b\u0438\u0437\u0443\u0435\u043c \u043a\u043e\u043c\u043f\u043b\u0435\u043a\u0441\u043d\u0443\u044e \u0441\u0438\u0441\u0442\u0435\u043c\u0443 \u043f\u043e\u043b\u0438\u043c\u0435\u0440\u043d\u044b\u0445 \u043f\u043e\u043b\u043e\u0432 \u0434\u043b\u044f \u043f\u0440\u043e\u043c\u044b\u0448\u043b\u0435\u043d\u043d\u044b\u0445, \u043a\u043e\u043c\u043c\u0435\u0440\u0447\u0435\u0441\u043a\u0438\u0445 \u0438 \u0447\u0430\u0441\u0442\u043d\u044b\u0445 \u043e\u0431\u044a\u0435\u043a\u0442\u043e\u0432. \u0412 \u043f\u0440\u0435\u0434\u043b\u043e\u0436\u0435\u043d\u0438\u0435 \u0432\u0445\u043e\u0434\u044f\u0442 \u044d\u043f\u043e\u043a\u0441\u0438\u0434\u043d\u044b\u0435 \u0441\u0438\u0441\u0442\u0435\u043c\u044b, \u043f\u043e\u043b\u0438\u0443\u0440\u0435\u0442\u0430\u043d\u043e\u0432\u044b\u0435 \u043f\u043e\u043a\u0440\u044b\u0442\u0438\u044f, \u043f\u043e\u043b\u0438\u0430\u0441\u043f\u0430\u0440\u0430\u0433\u0438\u043d\u043e\u0432\u044b\u0435 \u043e\u0442\u0434\u0435\u043b\u043e\u0447\u043d\u044b\u0435 \u0441\u043b\u043e\u0438, \u0434\u0435\u043a\u043e\u0440\u0430\u0442\u0438\u0432\u043d\u044b\u0435 \u043a\u0432\u0430\u0440\u0446\u0435\u0432\u044b\u0435 \u0441\u0438\u0441\u0442\u0435\u043c\u044b, \u0430\u043d\u0442\u0438\u0441\u0442\u0430\u0442\u0438\u0447\u0435\u0441\u043a\u0438\u0435 \u043f\u043e\u043b\u044b \u0438 3D-\u0440\u0435\u0448\u0435\u043d\u0438\u044f. \u041c\u044b \u0431\u0435\u0440\u0435\u043c \u043d\u0430 \u0441\u0435\u0431\u044f \u043f\u0440\u043e\u0444\u0435\u0441\u0441\u0438\u043e\u043d\u0430\u043b\u044c\u043d\u0443\u044e \u043f\u043e\u0434\u0433\u043e\u0442\u043e\u0432\u043a\u0443 \u043e\u0441\u043d\u043e\u0432\u0430\u043d\u0438\u044f, \u043d\u0430\u043d\u0435\u0441\u0435\u043d\u0438\u0435 \u0432\u0441\u0435\u0445 \u043d\u0435\u043e\u0431\u0445\u043e\u0434\u0438\u043c\u044b\u0445 \u0441\u043b\u043e\u0435\u0432 \u0438 \u043a\u043e\u043d\u0442\u0440\u043e\u043b\u044c \u043a\u0430\u0447\u0435\u0441\u0442\u0432\u0430 \u0438\u0441\u043f\u043e\u043b\u043d\u0435\u043d\u0438\u044f.<\/span><\/div><div class=\"tippy-arrow\" style=\"position: absolute; left: 0px; transform: translate3d(91px, 0px, 0px);\">\u00a0<\/div><\/div><\/div><\/div>\t\t\t\t\t\t\t\t<\/div>\n\t\t\t\t<\/div>\n\t\t<div class=\"elementor-element elementor-element-46401f1 e-con-full e-flex e-con e-child\" data-id=\"46401f1\" data-element_type=\"container\" data-e-type=\"container\" data-settings=\"{&quot;background_background&quot;:&quot;classic&quot;}\">\n\t\t\t\t<\/div>\n\t\t\t\t<\/div>\n\t\t<div class=\"elementor-element elementor-element-45bd579 e-con-full e-flex e-con e-child\" data-id=\"45bd579\" data-element_type=\"container\" data-e-type=\"container\" data-settings=\"{&quot;background_background&quot;:&quot;classic&quot;}\">\n\t\t<div class=\"elementor-element elementor-element-760c534 e-con-full e-flex e-con e-child\" data-id=\"760c534\" data-element_type=\"container\" data-e-type=\"container\" data-settings=\"{&quot;background_background&quot;:&quot;classic&quot;}\">\n\t\t\t\t<div class=\"elementor-element elementor-element-155bd34 elementor-widget elementor-widget-heading\" data-id=\"155bd34\" data-element_type=\"widget\" data-e-type=\"widget\" data-widget_type=\"heading.default\">\n\t\t\t\t\t<div class=\"elementor-heading-title elementor-size-default\">02<\/div>\t\t\t\t<\/div>\n\t\t\t\t<\/div>\n\t\t\t\t<div class=\"elementor-element elementor-element-116a029 elementor-widget elementor-widget-heading\" data-id=\"116a029\" data-element_type=\"widget\" data-e-type=\"widget\" data-widget_type=\"heading.default\">\n\t\t\t\t\t<h3 class=\"elementor-heading-title elementor-size-default\">Dobava materialov CHEMCO<\/h3>\t\t\t\t<\/div>\n\t\t\t\t<div class=\"elementor-element elementor-element-f7dc2ae elementor-widget elementor-widget-text-editor\" data-id=\"f7dc2ae\" data-element_type=\"widget\" data-e-type=\"widget\" data-widget_type=\"text-editor.default\">\n\t\t\t\t\t\t\t\t\t<p class=\"p1\">Zagotavljamo neposredno dobavo materialov proizvajalca CHEMCO Slovenija brez posrednikov. Na voljo so epoksidne smole, poliuretanski in poliasparti\u010dni sistemi, temeljni premazi, reparaturne me\u0161anice, kvar\u010dni polnilci, dekorativni \u010dipsi, protizdrsni dodatki in za\u0161\u010ditni zaklju\u010dni laki. Nudimo tudi svetovanje pri izbiri sistema, porabi materiala in tehnologiji nanosa.<\/p>\t\t\t\t\t\t\t\t<\/div>\n\t\t\t\t<\/div>\n\t\t<div class=\"elementor-element elementor-element-afb6ae0 e-con-full e-flex e-con e-child\" data-id=\"afb6ae0\" data-element_type=\"container\" data-e-type=\"container\" data-settings=\"{&quot;background_background&quot;:&quot;classic&quot;}\">\n\t\t<div class=\"elementor-element elementor-element-908d2a1 e-con-full e-flex e-con e-child\" data-id=\"908d2a1\" data-element_type=\"container\" data-e-type=\"container\" data-settings=\"{&quot;background_background&quot;:&quot;classic&quot;}\">\n\t\t\t\t<div class=\"elementor-element elementor-element-e528dbf elementor-widget elementor-widget-heading\" data-id=\"e528dbf\" data-element_type=\"widget\" data-e-type=\"widget\" data-widget_type=\"heading.default\">\n\t\t\t\t\t<div class=\"elementor-heading-title elementor-size-default\">03<\/div>\t\t\t\t<\/div>\n\t\t\t\t<\/div>\n\t\t\t\t<div class=\"elementor-element elementor-element-016e229 elementor-widget elementor-widget-heading\" data-id=\"016e229\" data-element_type=\"widget\" data-e-type=\"widget\" data-widget_type=\"heading.default\">\n\t\t\t\t\t<h3 class=\"elementor-heading-title elementor-size-default\">Tehni\u010dno spremljanje<\/h3>\t\t\t\t<\/div>\n\t\t\t\t<div class=\"elementor-element elementor-element-65ce997 elementor-widget elementor-widget-text-editor\" data-id=\"65ce997\" data-element_type=\"widget\" data-e-type=\"widget\" data-widget_type=\"text-editor.default\">\n\t\t\t\t\t\t\t\t\t<p class=\"p1\">Za izvajalce, podjetja in investitorje nudimo tehni\u010dno podporo pri pripravi in izvedbi projektov. To vklju\u010duje pomo\u010d pri izra\u010dunu porabe in stro\u0161kov, priporo\u010dila glede tehnologije nanosa, kontrolo kakovosti na objektu, usposabljanje za delo z materiali CHEMCO ter \u0161ef-monta\u017eo na lokaciji naro\u010dnika.<\/p>\t\t\t\t\t\t\t\t<\/div>\n\t\t\t\t<\/div>\n\t\t<div class=\"elementor-element elementor-element-308c755 e-con-full e-flex e-con e-child\" data-id=\"308c755\" data-element_type=\"container\" data-e-type=\"container\" data-settings=\"{&quot;background_background&quot;:&quot;classic&quot;}\">\n\t\t<div class=\"elementor-element elementor-element-90457e7 e-con-full e-flex e-con e-child\" data-id=\"90457e7\" data-element_type=\"container\" data-e-type=\"container\" data-settings=\"{&quot;background_background&quot;:&quot;classic&quot;}\">\n\t\t\t\t<div class=\"elementor-element elementor-element-0bea17e elementor-widget elementor-widget-heading\" data-id=\"0bea17e\" data-element_type=\"widget\" data-e-type=\"widget\" data-widget_type=\"heading.default\">\n\t\t\t\t\t<div class=\"elementor-heading-title elementor-size-default\">04<\/div>\t\t\t\t<\/div>\n\t\t\t\t<\/div>\n\t\t\t\t<div class=\"elementor-element elementor-element-328b5d3 elementor-widget elementor-widget-heading\" data-id=\"328b5d3\" data-element_type=\"widget\" data-e-type=\"widget\" data-widget_type=\"heading.default\">\n\t\t\t\t\t<h3 class=\"elementor-heading-title elementor-size-default\">Zaklju\u010dna gradbena dela<\/h3>\t\t\t\t<\/div>\n\t\t\t\t<div class=\"elementor-element elementor-element-93acc41 elementor-widget elementor-widget-text-editor\" data-id=\"93acc41\" data-element_type=\"widget\" data-e-type=\"widget\" data-widget_type=\"text-editor.default\">\n\t\t\t\t\t\t\t\t\t<p class=\"p1\">Epoxy Expert izvaja tudi profesionalna zaklju\u010dna gradbena dela, s katerimi objekt dobi funkcionalen, trajen in estetsko dovr\u0161en zaklju\u010dek. V sklop storitev sodijo priprava podlag, polaganje keramike in kamna, sanitarna dela, pleskarska in za\u0161\u010ditna dela, rekonstrukcije ter obnova objektov, pa tudi druga zaklju\u010dna dela po dogovoru.<\/p><div id=\"mttContainer\" class=\"notranslate\" style=\"transform: translate(237px, 78px);\" aria-expanded=\"false\">\u00a0<\/div>\t\t\t\t\t\t\t\t<\/div>\n\t\t\t\t<\/div>\n\t\t\t\t<\/div>\n\t\t\t\t<\/div>\n\t\t<div class=\"elementor-element elementor-element-55e6c7e e-con-full e-flex e-con e-child\" data-id=\"55e6c7e\" data-element_type=\"container\" data-e-type=\"container\" data-settings=\"{&quot;background_background&quot;:&quot;classic&quot;}\">\n\t\t\t\t<div class=\"elementor-element elementor-element-589f481 elementor-widget elementor-widget-heading\" data-id=\"589f481\" data-element_type=\"widget\" data-e-type=\"widget\" data-widget_type=\"heading.default\">\n\t\t\t\t\t<h2 class=\"elementor-heading-title elementor-size-default\">Potrebujete ustrezno re\u0161itev za svoj objekt?<\/h2>\t\t\t\t<\/div>\n\t\t\t\t<div class=\"elementor-element elementor-element-c15c75e elementor-widget elementor-widget-text-editor\" data-id=\"c15c75e\" data-element_type=\"widget\" data-e-type=\"widget\" data-widget_type=\"text-editor.default\">\n\t\t\t\t\t\t\t\t\t<p>Pomagamo pri izbiri sistema, pripravi tehni\u010dne re\u0161itve in organizaciji izvedbe glede na potrebe va\u0161ega projekta.<\/p>\t\t\t\t\t\t\t\t<\/div>\n\t\t\t\t<div class=\"elementor-element elementor-element-ecf34a9 elementor-widget elementor-widget-button\" data-id=\"ecf34a9\" data-element_type=\"widget\" data-e-type=\"widget\" data-widget_type=\"button.default\">\n\t\t\t\t\t\t\t\t\t\t<a class=\"elementor-button elementor-button-link elementor-size-sm\" href=\"https:\/\/epoxyexpert.si\/en\/kontakt\/\">\n\t\t\t\t\t\t<span class=\"elementor-button-content-wrapper\">\n\t\t\t\t\t\t\t\t\t<span class=\"elementor-button-text\">Brezpla\u010dna konzultacija<\/span>\n\t\t\t\t\t<\/span>\n\t\t\t\t\t<\/a>\n\t\t\t\t\t\t\t\t<\/div>\n\t\t\t\t<\/div>\n\t\t\t\t<\/div>\n\t\t\t\t<\/div>\n\t\t\t\t\t<\/div>\n\t\t\t\t<\/div>\n\t\t\t\t<\/div>","protected":false},"excerpt":{"rendered":"<p>Storitve Profesionalne re\u0161itve za polimerne tlake, dobavo materialov, tehni\u010dno spremljanje in zaklju\u010dna gradbena dela. Epoxy Expert nudi profesionalne storitve izvedbe polimernih talnih sistemov ter uradno dobavo materialov neposredno iz tovarne CHEMCO Slovenija po vsem svetu. Delujemo celovito, od priprave podlage in izvedbe sistemov do tehni\u010dne podpore in zaklju\u010dnih gradbenih del. 01 Polimerna tla Izvajamo celoten&#8230;<\/p>","protected":false},"author":1,"featured_media":0,"parent":0,"menu_order":0,"comment_status":"closed","ping_status":"closed","template":"","meta":{"_kad_post_transparent":"","_kad_post_title":"hide","_kad_post_layout":"fullwidth","_kad_post_sidebar_id":"","_kad_post_content_style":"unboxed","_kad_post_vertical_padding":"hide","_kad_post_feature":"hide","_kad_post_feature_position":"","_kad_post_header":false,"_kad_post_footer":false,"_kad_post_classname":"","footnotes":""},"class_list":["post-93","page","type-page","status-publish","hentry"],"_links":{"self":[{"href":"https:\/\/epoxyexpert.si\/en\/wp-json\/wp\/v2\/pages\/93","targetHints":{"allow":["GET"]}}],"collection":[{"href":"https:\/\/epoxyexpert.si\/en\/wp-json\/wp\/v2\/pages"}],"about":[{"href":"https:\/\/epoxyexpert.si\/en\/wp-json\/wp\/v2\/types\/page"}],"author":[{"embeddable":true,"href":"https:\/\/epoxyexpert.si\/en\/wp-json\/wp\/v2\/users\/1"}],"replies":[{"embeddable":true,"href":"https:\/\/epoxyexpert.si\/en\/wp-json\/wp\/v2\/comments?post=93"}],"version-history":[{"count":142,"href":"https:\/\/epoxyexpert.si\/en\/wp-json\/wp\/v2\/pages\/93\/revisions"}],"predecessor-version":[{"id":1913,"href":"https:\/\/epoxyexpert.si\/en\/wp-json\/wp\/v2\/pages\/93\/revisions\/1913"}],"wp:attachment":[{"href":"https:\/\/epoxyexpert.si\/en\/wp-json\/wp\/v2\/media?parent=93"}],"curies":[{"name":"wp","href":"https:\/\/api.w.org\/{rel}","templated":true}]}}