{"id":922,"date":"2026-03-17T20:25:41","date_gmt":"2026-03-17T19:25:41","guid":{"rendered":"https:\/\/epoxyexpert.si\/?page_id=922"},"modified":"2026-03-28T12:46:12","modified_gmt":"2026-03-28T11:46:12","slug":"gdpr","status":"publish","type":"page","link":"https:\/\/epoxyexpert.si\/en\/gdpr\/","title":{"rendered":"GDPR"},"content":{"rendered":"<div data-elementor-type=\"wp-page\" data-elementor-id=\"922\" class=\"elementor elementor-922\">\n\t\t\t\t<div class=\"elementor-element elementor-element-ef9c1c4 e-con-full e-flex e-con e-parent\" data-id=\"ef9c1c4\" data-element_type=\"container\" data-e-type=\"container\" data-settings=\"{&quot;background_background&quot;:&quot;classic&quot;}\">\n\t\t<div class=\"elementor-element elementor-element-f4d11a1 e-con-full e-flex e-con e-child\" data-id=\"f4d11a1\" data-element_type=\"container\" data-e-type=\"container\">\n\t\t<div class=\"elementor-element elementor-element-6b5d91f e-flex e-con-boxed e-con e-child\" data-id=\"6b5d91f\" data-element_type=\"container\" data-e-type=\"container\" data-settings=\"{&quot;background_background&quot;:&quot;classic&quot;}\">\n\t\t\t\t\t<div class=\"e-con-inner\">\n\t\t<div class=\"elementor-element elementor-element-6424773 e-con-full e-flex e-con e-child\" data-id=\"6424773\" data-element_type=\"container\" data-e-type=\"container\" data-settings=\"{&quot;background_background&quot;:&quot;classic&quot;}\">\n\t\t\t\t<div class=\"elementor-element elementor-element-ce08b42 elementor-widget elementor-widget-heading\" data-id=\"ce08b42\" data-element_type=\"widget\" data-e-type=\"widget\" data-widget_type=\"heading.default\">\n\t\t\t\t\t<div class=\"elementor-heading-title elementor-size-default\">GDPR<\/div>\t\t\t\t<\/div>\n\t\t\t\t<\/div>\n\t\t\t\t<div class=\"elementor-element elementor-element-e9a638f elementor-widget elementor-widget-heading\" data-id=\"e9a638f\" data-element_type=\"widget\" data-e-type=\"widget\" data-widget_type=\"heading.default\">\n\t\t\t\t\t<div class=\"elementor-heading-title elementor-size-default\">Varstvo osebnih podatkov  v skladu z uredbo GDPR<\/div>\t\t\t\t<\/div>\n\t\t\t\t<div class=\"elementor-element elementor-element-b3278c2 elementor-widget elementor-widget-text-editor\" data-id=\"b3278c2\" data-element_type=\"widget\" data-e-type=\"widget\" data-widget_type=\"text-editor.default\">\n\t\t\t\t\t\t\t\t\t<p class=\"p1\">Osebne podatke obdelujemo zakonito, pregledno in izklju\u010dno za namene, za katere so bili zbrani.<\/p>\t\t\t\t\t\t\t\t<\/div>\n\t\t<div class=\"elementor-element elementor-element-577d2d2 e-con-full e-flex e-con e-child\" data-id=\"577d2d2\" data-element_type=\"container\" data-e-type=\"container\" data-settings=\"{&quot;background_background&quot;:&quot;gradient&quot;}\">\n\t\t<div class=\"elementor-element elementor-element-8c1c773 e-con-full e-flex e-con e-child\" data-id=\"8c1c773\" data-element_type=\"container\" data-e-type=\"container\" data-settings=\"{&quot;background_background&quot;:&quot;gradient&quot;}\">\n\t\t\t\t<\/div>\n\t\t\t\t<\/div>\n\t\t\t\t<div class=\"elementor-element elementor-element-82d99b6 elementor-widget elementor-widget-text-editor\" data-id=\"82d99b6\" data-element_type=\"widget\" data-e-type=\"widget\" data-widget_type=\"text-editor.default\">\n\t\t\t\t\t\t\t\t\t<p class=\"p1\">Upravljavec osebnih podatkov je STSK d.o.o. Ve\u010d informacij o obdelavi, hrambi, pravicah uporabnikov in pi\u0161kotkih je na voljo v celotni politiki zasebnosti.<\/p><p>Politika je pripravljena v skladu z dolo\u010dbami GDPR in veljavno zakonodajo Republike Slovenije.<\/p><div id=\"mttContainer\" class=\"notranslate\" style=\"transform: translate(239px, 77px);\" aria-expanded=\"false\">\u00a0<\/div>\t\t\t\t\t\t\t\t<\/div>\n\t\t<div class=\"elementor-element elementor-element-d7789d6 e-con-full e-flex e-con e-child\" data-id=\"d7789d6\" data-element_type=\"container\" data-e-type=\"container\">\n\t\t\t\t<div class=\"elementor-element elementor-element-dda98e2 elementor-align-center elementor-widget__width-inherit elementor-widget elementor-widget-button\" data-id=\"dda98e2\" data-element_type=\"widget\" data-e-type=\"widget\" data-widget_type=\"button.default\">\n\t\t\t\t\t\t\t\t\t\t<a class=\"elementor-button elementor-button-link elementor-size-sm\" href=\"https:\/\/epoxyexpert.si\/en\/politika-zasebnosti\/\">\n\t\t\t\t\t\t<span class=\"elementor-button-content-wrapper\">\n\t\t\t\t\t\t\t\t\t<span class=\"elementor-button-text\">Preberite politiko<\/span>\n\t\t\t\t\t<\/span>\n\t\t\t\t\t<\/a>\n\t\t\t\t\t\t\t\t<\/div>\n\t\t\t\t<\/div>\n\t\t\t\t\t<\/div>\n\t\t\t\t<\/div>\n\t\t\t\t<\/div>\n\t\t\t\t<\/div>\n\t\t\t\t<\/div>","protected":false},"excerpt":{"rendered":"<p>GDPR Varstvo osebnih podatkov v skladu z uredbo GDPR Osebne podatke obdelujemo zakonito, pregledno in izklju\u010dno za namene, za katere so bili zbrani. Upravljavec osebnih podatkov je STSK d.o.o. Ve\u010d informacij o obdelavi, hrambi, pravicah uporabnikov in pi\u0161kotkih je na voljo v celotni politiki zasebnosti. Politika je pripravljena v skladu z dolo\u010dbami GDPR in veljavno&#8230;<\/p>","protected":false},"author":1,"featured_media":0,"parent":0,"menu_order":0,"comment_status":"closed","ping_status":"closed","template":"","meta":{"_kad_post_transparent":"","_kad_post_title":"hide","_kad_post_layout":"fullwidth","_kad_post_sidebar_id":"","_kad_post_content_style":"unboxed","_kad_post_vertical_padding":"hide","_kad_post_feature":"hide","_kad_post_feature_position":"","_kad_post_header":false,"_kad_post_footer":false,"_kad_post_classname":"","footnotes":""},"class_list":["post-922","page","type-page","status-publish","hentry"],"_links":{"self":[{"href":"https:\/\/epoxyexpert.si\/en\/wp-json\/wp\/v2\/pages\/922","targetHints":{"allow":["GET"]}}],"collection":[{"href":"https:\/\/epoxyexpert.si\/en\/wp-json\/wp\/v2\/pages"}],"about":[{"href":"https:\/\/epoxyexpert.si\/en\/wp-json\/wp\/v2\/types\/page"}],"author":[{"embeddable":true,"href":"https:\/\/epoxyexpert.si\/en\/wp-json\/wp\/v2\/users\/1"}],"replies":[{"embeddable":true,"href":"https:\/\/epoxyexpert.si\/en\/wp-json\/wp\/v2\/comments?post=922"}],"version-history":[{"count":52,"href":"https:\/\/epoxyexpert.si\/en\/wp-json\/wp\/v2\/pages\/922\/revisions"}],"predecessor-version":[{"id":1538,"href":"https:\/\/epoxyexpert.si\/en\/wp-json\/wp\/v2\/pages\/922\/revisions\/1538"}],"wp:attachment":[{"href":"https:\/\/epoxyexpert.si\/en\/wp-json\/wp\/v2\/media?parent=922"}],"curies":[{"name":"wp","href":"https:\/\/api.w.org\/{rel}","templated":true}]}}