{"id":920,"date":"2026-03-17T20:25:22","date_gmt":"2026-03-17T19:25:22","guid":{"rendered":"https:\/\/epoxyexpert.si\/?page_id=920"},"modified":"2026-03-25T15:16:02","modified_gmt":"2026-03-25T14:16:02","slug":"zaposlitev","status":"publish","type":"page","link":"https:\/\/epoxyexpert.si\/en\/zaposlitev\/","title":{"rendered":"Zaposlitev"},"content":{"rendered":"\t\t<div data-elementor-type=\"wp-page\" data-elementor-id=\"920\" class=\"elementor elementor-920\">\n\t\t\t\t<div class=\"elementor-element elementor-element-4e57cf4 e-con-full e-flex e-con e-parent\" data-id=\"4e57cf4\" data-element_type=\"container\" data-e-type=\"container\" data-settings=\"{&quot;background_background&quot;:&quot;classic&quot;}\">\n\t\t<div class=\"elementor-element elementor-element-92cc3c8 e-con-full e-flex e-con e-child\" data-id=\"92cc3c8\" data-element_type=\"container\" data-e-type=\"container\" data-settings=\"{&quot;background_background&quot;:&quot;classic&quot;}\">\n\t\t<div class=\"elementor-element elementor-element-80673a3 e-con-full e-flex e-con e-child\" data-id=\"80673a3\" data-element_type=\"container\" data-e-type=\"container\" data-settings=\"{&quot;background_background&quot;:&quot;classic&quot;,&quot;position&quot;:&quot;absolute&quot;}\">\n\t\t\t\t<div class=\"elementor-element elementor-element-0192ddd elementor-widget elementor-widget-heading\" data-id=\"0192ddd\" data-element_type=\"widget\" data-e-type=\"widget\" data-widget_type=\"heading.default\">\n\t\t\t\t\t<div class=\"elementor-heading-title elementor-size-default\">KARIERA<\/div>\t\t\t\t<\/div>\n\t\t\t\t<\/div>\n\t\t<div class=\"elementor-element elementor-element-6846fe2 e-con-full e-flex e-con e-child\" data-id=\"6846fe2\" data-element_type=\"container\" data-e-type=\"container\" data-settings=\"{&quot;position&quot;:&quot;absolute&quot;}\">\n\t\t\t\t<div class=\"elementor-element elementor-element-5474f0a elementor-widget__width-initial elementor-widget-tablet__width-initial elementor-widget elementor-widget-heading\" data-id=\"5474f0a\" data-element_type=\"widget\" data-e-type=\"widget\" data-widget_type=\"heading.default\">\n\t\t\t\t\t<div class=\"elementor-heading-title elementor-size-default\">Pridru\u017eite se ekipi za profesionalne talne sisteme<\/div>\t\t\t\t<\/div>\n\t\t\t\t<\/div>\n\t\t\t\t<\/div>\n\t\t\t\t<\/div>\n\t\t<div class=\"elementor-element elementor-element-5071260 e-flex e-con-boxed e-con e-parent\" data-id=\"5071260\" data-element_type=\"container\" data-e-type=\"container\" data-settings=\"{&quot;background_background&quot;:&quot;classic&quot;}\">\n\t\t\t\t\t<div class=\"e-con-inner\">\n\t\t<div class=\"elementor-element elementor-element-3334d80 e-con-full e-flex e-con e-child\" data-id=\"3334d80\" data-element_type=\"container\" data-e-type=\"container\" data-settings=\"{&quot;background_background&quot;:&quot;classic&quot;}\">\n\t\t<div class=\"elementor-element elementor-element-f52186d e-con-full e-flex e-con e-child\" data-id=\"f52186d\" data-element_type=\"container\" data-e-type=\"container\">\n\t\t<div class=\"elementor-element elementor-element-59a4b0a e-con-full e-flex e-con e-child\" data-id=\"59a4b0a\" data-element_type=\"container\" data-e-type=\"container\">\n\t\t<div class=\"elementor-element elementor-element-eacf56d e-con-full e-flex e-con e-child\" data-id=\"eacf56d\" data-element_type=\"container\" data-e-type=\"container\" data-settings=\"{&quot;background_background&quot;:&quot;classic&quot;}\">\n\t\t\t\t<div class=\"elementor-element elementor-element-b763a95 elementor-widget elementor-widget-heading\" data-id=\"b763a95\" data-element_type=\"widget\" data-e-type=\"widget\" data-widget_type=\"heading.default\">\n\t\t\t\t\t<div class=\"elementor-heading-title elementor-size-default\">PROSTA DELOVNA MESTA<\/div>\t\t\t\t<\/div>\n\t\t\t\t<\/div>\n\t\t\t\t<\/div>\n\t\t\t\t<div class=\"elementor-element elementor-element-4f6a64f elementor-widget elementor-widget-heading\" data-id=\"4f6a64f\" data-element_type=\"widget\" data-e-type=\"widget\" data-widget_type=\"heading.default\">\n\t\t\t\t\t<h2 class=\"elementor-heading-title elementor-size-default\">I\u0161\u010demo odgovorne sodelavce za dolgoro\u010dno rast in kakovostno izvedbo projektov<\/h2>\t\t\t\t<\/div>\n\t\t\t\t<div class=\"elementor-element elementor-element-b47f4d9 elementor-widget__width-initial elementor-widget elementor-widget-text-editor\" data-id=\"b47f4d9\" data-element_type=\"widget\" data-e-type=\"widget\" data-widget_type=\"text-editor.default\">\n\t\t\t\t\t\t\t\t\t<p class=\"p1\">\u010ce \u017eelite delati na podro\u010dju epoksidnih in poliuretanskih talnih sistemov ter sodelovati pri profesionalnih projektih v Sloveniji in tujini, vas vabimo k prijavi.<\/p>\t\t\t\t\t\t\t\t<\/div>\n\t\t<div class=\"elementor-element elementor-element-c16a179 e-con-full e-flex e-con e-child\" data-id=\"c16a179\" data-element_type=\"container\" data-e-type=\"container\" data-settings=\"{&quot;background_background&quot;:&quot;gradient&quot;}\">\n\t\t<div class=\"elementor-element elementor-element-8e74cee e-con-full e-flex e-con e-child\" data-id=\"8e74cee\" data-element_type=\"container\" data-e-type=\"container\" data-settings=\"{&quot;background_background&quot;:&quot;gradient&quot;}\">\n\t\t\t\t<\/div>\n\t\t\t\t<\/div>\n\t\t\t\t<div class=\"elementor-element elementor-element-4f298cf elementor-widget__width-initial elementor-widget elementor-widget-text-editor\" data-id=\"4f298cf\" data-element_type=\"widget\" data-e-type=\"widget\" data-widget_type=\"text-editor.default\">\n\t\t\t\t\t\t\t\t\t<p data-source-pos=\"43:12-46:16\" data-source-name=\"p\">Odprti smo za razli\u010dne oblike sodelovanja, odvisno od va\u0161ih izku\u0161enj, znanja in poklicnih ciljev.<\/p><p data-source-pos=\"47:12-50:16\" data-source-name=\"p\">I\u0161\u010demo odgovorne, disciplinirane in tehni\u010dno usmerjene sodelavce, ki se \u017eelijo dolgoro\u010dno razvijati skupaj z nami.<\/p><p data-source-pos=\"51:12-55:16\" data-source-name=\"p\">Izku\u0161nje v gradbeni\u0161tvu, zaklju\u010dnih delih ali pri izvedbi industrijskih tal so prednost, najpomembnej\u0161i pa so resen pristop do dela, zanesljivost in \u017eelja po strokovni rasti.<\/p><p data-source-pos=\"56:12-59:16\" data-source-name=\"p\">Svoj \u017eivljenjepis po\u0161ljite na: <a href=\"mailto:info@epoxyexpert.si\"><strong><span class=\"font-semibold text-[#536458]\" data-source-pos=\"57:45-57:118\" data-source-name=\"span\">info@epoxyexpert.si<\/span><\/strong><\/a> in kmalu vas bomo kontaktirali.<\/p>\t\t\t\t\t\t\t\t<\/div>\n\t\t<div class=\"elementor-element elementor-element-eb1bb86 e-con-full e-flex e-con e-child\" data-id=\"eb1bb86\" data-element_type=\"container\" data-e-type=\"container\">\n\t\t\t\t<div class=\"elementor-element elementor-element-7be9c03 elementor-widget elementor-widget-button\" data-id=\"7be9c03\" data-element_type=\"widget\" data-e-type=\"widget\" data-widget_type=\"button.default\">\n\t\t\t\t\t\t\t\t\t\t<a class=\"elementor-button elementor-button-link elementor-size-sm\" href=\"https:\/\/epoxyexpert.si\/kontakt\/\">\n\t\t\t\t\t\t<span class=\"elementor-button-content-wrapper\">\n\t\t\t\t\t\t\t\t\t<span class=\"elementor-button-text\">Prijavite se zdaj<\/span>\n\t\t\t\t\t<\/span>\n\t\t\t\t\t<\/a>\n\t\t\t\t\t\t\t\t<\/div>\n\t\t\t\t<\/div>\n\t\t\t\t<\/div>\n\t\t<div class=\"elementor-element elementor-element-8605002 e-con-full e-flex e-con e-child\" data-id=\"8605002\" data-element_type=\"container\" data-e-type=\"container\">\n\t\t<div class=\"elementor-element elementor-element-20854fc e-con-full e-flex e-con e-child\" data-id=\"20854fc\" data-element_type=\"container\" data-e-type=\"container\" data-settings=\"{&quot;background_background&quot;:&quot;classic&quot;}\">\n\t\t<div class=\"elementor-element elementor-element-511d4f8 e-con-full e-flex e-con e-child\" data-id=\"511d4f8\" data-element_type=\"container\" data-e-type=\"container\" data-settings=\"{&quot;background_background&quot;:&quot;classic&quot;}\">\n\t\t\t\t<div class=\"elementor-element elementor-element-4e68c17 elementor-widget elementor-widget-heading\" data-id=\"4e68c17\" data-element_type=\"widget\" data-e-type=\"widget\" data-widget_type=\"heading.default\">\n\t\t\t\t\t<div class=\"elementor-heading-title elementor-size-default\">01<\/div>\t\t\t\t<\/div>\n\t\t\t\t<\/div>\n\t\t\t\t<div class=\"elementor-element elementor-element-24e4b56 elementor-widget elementor-widget-heading\" data-id=\"24e4b56\" data-element_type=\"widget\" data-e-type=\"widget\" data-widget_type=\"heading.default\">\n\t\t\t\t\t<div class=\"elementor-heading-title elementor-size-default\">Odgovoren pristop<\/div>\t\t\t\t<\/div>\n\t\t\t\t<div class=\"elementor-element elementor-element-8e0a598 elementor-widget elementor-widget-text-editor\" data-id=\"8e0a598\" data-element_type=\"widget\" data-e-type=\"widget\" data-widget_type=\"text-editor.default\">\n\t\t\t\t\t\t\t\t\t<p class=\"p1\">Resen odnos do dela, zanesljivost in pripravljenost za kakovostno izvedbo nalog.<\/p>\t\t\t\t\t\t\t\t<\/div>\n\t\t\t\t<\/div>\n\t\t<div class=\"elementor-element elementor-element-85279db e-con-full e-flex e-con e-child\" data-id=\"85279db\" data-element_type=\"container\" data-e-type=\"container\" data-settings=\"{&quot;background_background&quot;:&quot;classic&quot;}\">\n\t\t<div class=\"elementor-element elementor-element-92649ed e-con-full e-flex e-con e-child\" data-id=\"92649ed\" data-element_type=\"container\" data-e-type=\"container\" data-settings=\"{&quot;background_background&quot;:&quot;classic&quot;}\">\n\t\t\t\t<div class=\"elementor-element elementor-element-d2fb8b8 elementor-widget elementor-widget-heading\" data-id=\"d2fb8b8\" data-element_type=\"widget\" data-e-type=\"widget\" data-widget_type=\"heading.default\">\n\t\t\t\t\t<div class=\"elementor-heading-title elementor-size-default\">02<\/div>\t\t\t\t<\/div>\n\t\t\t\t<\/div>\n\t\t\t\t<div class=\"elementor-element elementor-element-98833a9 elementor-widget elementor-widget-heading\" data-id=\"98833a9\" data-element_type=\"widget\" data-e-type=\"widget\" data-widget_type=\"heading.default\">\n\t\t\t\t\t<div class=\"elementor-heading-title elementor-size-default\">Tehni\u010dna usmerjenost<\/div>\t\t\t\t<\/div>\n\t\t\t\t<div class=\"elementor-element elementor-element-8947a97 elementor-widget elementor-widget-text-editor\" data-id=\"8947a97\" data-element_type=\"widget\" data-e-type=\"widget\" data-widget_type=\"text-editor.default\">\n\t\t\t\t\t\t\t\t\t<p class=\"p1\">Prednost imajo kandidati z ob\u010dutkom za natan\u010dnost, izvedbo sistema in delo na objektu.<\/p>\t\t\t\t\t\t\t\t<\/div>\n\t\t\t\t<\/div>\n\t\t<div class=\"elementor-element elementor-element-637c0f1 e-con-full e-flex e-con e-child\" data-id=\"637c0f1\" data-element_type=\"container\" data-e-type=\"container\" data-settings=\"{&quot;background_background&quot;:&quot;classic&quot;}\">\n\t\t<div class=\"elementor-element elementor-element-04763a2 e-con-full e-flex e-con e-child\" data-id=\"04763a2\" data-element_type=\"container\" data-e-type=\"container\" data-settings=\"{&quot;background_background&quot;:&quot;classic&quot;}\">\n\t\t\t\t<div class=\"elementor-element elementor-element-08fcfb3 elementor-widget elementor-widget-heading\" data-id=\"08fcfb3\" data-element_type=\"widget\" data-e-type=\"widget\" data-widget_type=\"heading.default\">\n\t\t\t\t\t<div class=\"elementor-heading-title elementor-size-default\">03<\/div>\t\t\t\t<\/div>\n\t\t\t\t<\/div>\n\t\t\t\t<div class=\"elementor-element elementor-element-511b7b6 elementor-widget elementor-widget-heading\" data-id=\"511b7b6\" data-element_type=\"widget\" data-e-type=\"widget\" data-widget_type=\"heading.default\">\n\t\t\t\t\t<div class=\"elementor-heading-title elementor-size-default\">Dolgoro\u010dni razvoj<\/div>\t\t\t\t<\/div>\n\t\t\t\t<div class=\"elementor-element elementor-element-cd0de30 elementor-widget elementor-widget-text-editor\" data-id=\"cd0de30\" data-element_type=\"widget\" data-e-type=\"widget\" data-widget_type=\"text-editor.default\">\n\t\t\t\t\t\t\t\t\t<p class=\"p1\">Mo\u017enost sodelovanja in strokovne rasti pri projektih v Sloveniji in tujini.<\/p><div id=\"mttContainer\" class=\"notranslate\" style=\"transform: translate(223px, 44px);\" aria-expanded=\"false\"><div id=\"tippy-1\" style=\"z-index: 100000200; visibility: hidden; position: absolute; inset: 0px auto auto 0px; margin: 0px; transform: translate3d(324px, 20px, 0px);\" data-tippy-root=\"\"><div class=\"tippy-box\" style=\"max-width: 350px; transition-duration: 250ms;\" tabindex=\"-1\" role=\"mtttooltip\" data-state=\"hidden\" data-theme=\"custom\" data-animation=\"fade\" data-placement=\"bottom\"><div class=\"tippy-content\" style=\"transition-duration: 250ms;\" data-state=\"hidden\"><span dir=\"ltr\">\u0412\u043e\u0437\u043c\u043e\u0436\u043d\u043e\u0441\u0442\u044c \u0441\u043e\u0442\u0440\u0443\u0434\u043d\u0438\u0447\u0435\u0441\u0442\u0432\u0430 \u0438 \u043f\u0440\u043e\u0444\u0435\u0441\u0441\u0438\u043e\u043d\u0430\u043b\u044c\u043d\u043e\u0433\u043e \u0440\u043e\u0441\u0442\u0430 \u0432 \u043f\u0440\u043e\u0435\u043a\u0442\u0430\u0445 \u0432 \u0421\u043b\u043e\u0432\u0435\u043d\u0438\u0438 \u0438 \u0437\u0430 \u0440\u0443\u0431\u0435\u0436\u043e\u043c.<\/span><\/div><div class=\"tippy-arrow\" style=\"position: absolute; left: 0px; transform: translate3d(167px, 0px, 0px);\">\u00a0<\/div><\/div><\/div><\/div>\t\t\t\t\t\t\t\t<\/div>\n\t\t\t\t<\/div>\n\t\t\t\t<\/div>\n\t\t\t\t<\/div>\n\t\t\t\t\t<\/div>\n\t\t\t\t<\/div>\n\t\t\t\t<\/div>\n\t\t","protected":false},"excerpt":{"rendered":"<p>KARIERA Pridru\u017eite se ekipi za profesionalne talne sisteme PROSTA DELOVNA MESTA I\u0161\u010demo odgovorne sodelavce za dolgoro\u010dno rast in kakovostno izvedbo projektov \u010ce \u017eelite delati na podro\u010dju epoksidnih in poliuretanskih talnih sistemov ter sodelovati pri profesionalnih projektih v Sloveniji in tujini, vas vabimo k prijavi. Odprti smo za razli\u010dne oblike sodelovanja, odvisno od va\u0161ih izku\u0161enj, znanja&#8230;<\/p>","protected":false},"author":1,"featured_media":0,"parent":0,"menu_order":0,"comment_status":"closed","ping_status":"closed","template":"","meta":{"_kad_post_transparent":"","_kad_post_title":"hide","_kad_post_layout":"fullwidth","_kad_post_sidebar_id":"","_kad_post_content_style":"unboxed","_kad_post_vertical_padding":"hide","_kad_post_feature":"hide","_kad_post_feature_position":"","_kad_post_header":false,"_kad_post_footer":false,"_kad_post_classname":"","footnotes":""},"class_list":["post-920","page","type-page","status-publish","hentry"],"_links":{"self":[{"href":"https:\/\/epoxyexpert.si\/en\/wp-json\/wp\/v2\/pages\/920","targetHints":{"allow":["GET"]}}],"collection":[{"href":"https:\/\/epoxyexpert.si\/en\/wp-json\/wp\/v2\/pages"}],"about":[{"href":"https:\/\/epoxyexpert.si\/en\/wp-json\/wp\/v2\/types\/page"}],"author":[{"embeddable":true,"href":"https:\/\/epoxyexpert.si\/en\/wp-json\/wp\/v2\/users\/1"}],"replies":[{"embeddable":true,"href":"https:\/\/epoxyexpert.si\/en\/wp-json\/wp\/v2\/comments?post=920"}],"version-history":[{"count":38,"href":"https:\/\/epoxyexpert.si\/en\/wp-json\/wp\/v2\/pages\/920\/revisions"}],"predecessor-version":[{"id":1539,"href":"https:\/\/epoxyexpert.si\/en\/wp-json\/wp\/v2\/pages\/920\/revisions\/1539"}],"wp:attachment":[{"href":"https:\/\/epoxyexpert.si\/en\/wp-json\/wp\/v2\/media?parent=920"}],"curies":[{"name":"wp","href":"https:\/\/api.w.org\/{rel}","templated":true}]}}