{"id":916,"date":"2026-03-17T20:24:36","date_gmt":"2026-03-17T19:24:36","guid":{"rendered":"https:\/\/epoxyexpert.si\/?page_id=916"},"modified":"2026-03-25T14:56:06","modified_gmt":"2026-03-25T13:56:06","slug":"partnerstvo","status":"publish","type":"page","link":"https:\/\/epoxyexpert.si\/en\/partnerstvo\/","title":{"rendered":"Partnerstvo"},"content":{"rendered":"<div data-elementor-type=\"wp-page\" data-elementor-id=\"916\" class=\"elementor elementor-916\">\n\t\t\t\t<div class=\"elementor-element elementor-element-688a427 e-con-full e-flex e-con e-parent\" data-id=\"688a427\" data-element_type=\"container\" data-e-type=\"container\" data-settings=\"{&quot;background_background&quot;:&quot;classic&quot;}\">\n\t\t<div class=\"elementor-element elementor-element-1f60be9 e-con-full e-flex e-con e-child\" data-id=\"1f60be9\" data-element_type=\"container\" data-e-type=\"container\" data-settings=\"{&quot;background_background&quot;:&quot;gradient&quot;,&quot;position&quot;:&quot;absolute&quot;}\">\n\t\t\t\t<div class=\"elementor-element elementor-element-769a761 elementor-widget elementor-widget-text-editor\" data-id=\"769a761\" data-element_type=\"widget\" data-e-type=\"widget\" data-widget_type=\"text-editor.default\">\n\t\t\t\t\t\t\t\t\t<p class=\"p1\">\u00a0<\/p><div id=\"mttContainer\" class=\"notranslate\" style=\"transform: translate(241px, 81px);\" aria-expanded=\"false\">\u00a0<\/div>\t\t\t\t\t\t\t\t<\/div>\n\t\t\t\t<\/div>\n\t\t<div class=\"elementor-element elementor-element-d8ca360 e-con-full e-flex e-con e-child\" data-id=\"d8ca360\" data-element_type=\"container\" data-e-type=\"container\" data-settings=\"{&quot;background_background&quot;:&quot;classic&quot;,&quot;position&quot;:&quot;absolute&quot;}\">\n\t\t\t\t<div class=\"elementor-element elementor-element-fbc8e02 elementor-widget elementor-widget-heading\" data-id=\"fbc8e02\" data-element_type=\"widget\" data-e-type=\"widget\" data-widget_type=\"heading.default\">\n\t\t\t\t\t<div class=\"elementor-heading-title elementor-size-default\">MEDNARODNO PARTNERSTVO<\/div>\t\t\t\t<\/div>\n\t\t\t\t<\/div>\n\t\t<div class=\"elementor-element elementor-element-755dd01 e-con-full e-flex e-con e-child\" data-id=\"755dd01\" data-element_type=\"container\" data-e-type=\"container\" data-settings=\"{&quot;position&quot;:&quot;absolute&quot;}\">\n\t\t\t\t<div class=\"elementor-element elementor-element-77c3e14 elementor-widget__width-initial elementor-widget-tablet__width-initial elementor-widget elementor-widget-heading\" data-id=\"77c3e14\" data-element_type=\"widget\" data-e-type=\"widget\" data-widget_type=\"heading.default\">\n\t\t\t\t\t<div class=\"elementor-heading-title elementor-size-default\">Skupaj gradimo mo\u010dna partnerstva za rast na razli\u010dnih trgih<\/div>\t\t\t\t<\/div>\n\t\t\t\t<\/div>\n\t\t\t\t<\/div>\n\t\t<div class=\"elementor-element elementor-element-a8f3773 e-flex e-con-boxed e-con e-parent\" data-id=\"a8f3773\" data-element_type=\"container\" data-e-type=\"container\" data-settings=\"{&quot;background_background&quot;:&quot;classic&quot;}\">\n\t\t\t\t\t<div class=\"e-con-inner\">\n\t\t<div class=\"elementor-element elementor-element-5dc7912 e-con-full e-flex e-con e-child\" data-id=\"5dc7912\" data-element_type=\"container\" data-e-type=\"container\">\n\t\t<div class=\"elementor-element elementor-element-f11ed73 e-con-full e-flex e-con e-child\" data-id=\"f11ed73\" data-element_type=\"container\" data-e-type=\"container\">\n\t\t<div class=\"elementor-element elementor-element-b2f04be e-con-full e-flex e-con e-child\" data-id=\"b2f04be\" data-element_type=\"container\" data-e-type=\"container\" data-settings=\"{&quot;background_background&quot;:&quot;classic&quot;}\">\n\t\t\t\t<div class=\"elementor-element elementor-element-e3d31b4 elementor-widget elementor-widget-heading\" data-id=\"e3d31b4\" data-element_type=\"widget\" data-e-type=\"widget\" data-widget_type=\"heading.default\">\n\t\t\t\t\t<div class=\"elementor-heading-title elementor-size-default\">PARTNERSTVO<\/div>\t\t\t\t<\/div>\n\t\t\t\t<\/div>\n\t\t\t\t<\/div>\n\t\t\t\t<div class=\"elementor-element elementor-element-f38b81e elementor-widget__width-initial elementor-widget elementor-widget-heading\" data-id=\"f38b81e\" data-element_type=\"widget\" data-e-type=\"widget\" data-widget_type=\"heading.default\">\n\t\t\t\t\t<div class=\"elementor-heading-title elementor-size-default\">Skupaj \u0161irimo trg in ustvarjamo nove prilo\u017enosti<\/div>\t\t\t\t<\/div>\n\t\t\t\t<div class=\"elementor-element elementor-element-ea62cb3 elementor-widget__width-initial elementor-widget elementor-widget-text-editor\" data-id=\"ea62cb3\" data-element_type=\"widget\" data-e-type=\"widget\" data-widget_type=\"text-editor.default\">\n\t\t\t\t\t\t\t\t\t<p class=\"p1\">I\u0161\u010demo partnerje, zastopnike in podjetja za dolgoro\u010dno sodelovanje na podro\u010dju epoksidnih, poliuretanskih in polimernih talnih sistemov.<\/p>\t\t\t\t\t\t\t\t<\/div>\n\t\t<div class=\"elementor-element elementor-element-89f9c26 e-con-full e-flex e-con e-child\" data-id=\"89f9c26\" data-element_type=\"container\" data-e-type=\"container\" data-settings=\"{&quot;background_background&quot;:&quot;gradient&quot;}\">\n\t\t<div class=\"elementor-element elementor-element-d1ee0d4 e-con-full e-flex e-con e-child\" data-id=\"d1ee0d4\" data-element_type=\"container\" data-e-type=\"container\" data-settings=\"{&quot;background_background&quot;:&quot;gradient&quot;}\">\n\t\t\t\t<\/div>\n\t\t\t\t<\/div>\n\t\t\t\t<div class=\"elementor-element elementor-element-e77ba10 elementor-widget__width-initial elementor-widget elementor-widget-text-editor\" data-id=\"e77ba10\" data-element_type=\"widget\" data-e-type=\"widget\" data-widget_type=\"text-editor.default\">\n\t\t\t\t\t\t\t\t\t<p class=\"p1\">S pridru\u017eitvijo na\u0161i mre\u017ei pridobite dostop do tehnologij, materialov, izobra\u017eevanja in strokovne podpore ter mo\u017enost razvoja poslovanja pod blagovno znamko <strong>CHEMCO d.o.o.<\/strong>, ki ponuja preverjene re\u0161itve na podro\u010dju polimernih, epoksidnih in poliuretanskih talnih sistemov.<\/p><p class=\"p1\">Odprti smo tudi za skupno prodajo in strokovno sodelovanje s podjetji ter posameznimi strokovnjaki, ki \u017eelijo skupaj \u0161iriti trg, izmenjevati izku\u0161nje in ustvarjati obojestransko koristne projekte.<\/p><p class=\"p1\">Kontaktirajte nas za ve\u010d informacij in pogovor o mo\u017enostih partnerstva.<\/p><div id=\"mttContainer\" class=\"notranslate\" style=\"transform: translate(249px, 28px);\" aria-expanded=\"false\"><div id=\"tippy-1\" style=\"z-index: 100000200; visibility: hidden; position: absolute; inset: auto auto 0px 0px; margin: 0px; transform: translate3d(298px, -20px, 0px);\" data-tippy-root=\"\"><div class=\"tippy-box\" style=\"max-width: 350px; transition-duration: 250ms;\" tabindex=\"-1\" role=\"mtttooltip\" data-state=\"hidden\" data-theme=\"custom\" data-animation=\"fade\" data-placement=\"top\"><div class=\"tippy-content\" style=\"transition-duration: 250ms;\" data-state=\"hidden\"><span dir=\"ltr\">\u041f\u0440\u0438\u0441\u043e\u0435\u0434\u0438\u043d\u044f\u044f\u0441\u044c \u043a \u043d\u0430\u0448\u0435\u0439 \u0441\u0435\u0442\u0438, \u0432\u044b \u043f\u043e\u043b\u0443\u0447\u0430\u0435\u0442\u0435 \u0434\u043e\u0441\u0442\u0443\u043f \u043a \u0442\u0435\u0445\u043d\u043e\u043b\u043e\u0433\u0438\u044f\u043c, \u043c\u0430\u0442\u0435\u0440\u0438\u0430\u043b\u0430\u043c, \u043e\u0431\u0440\u0430\u0437\u043e\u0432\u0430\u043d\u0438\u044e \u0438 \u043f\u0440\u043e\u0444\u0435\u0441\u0441\u0438\u043e\u043d\u0430\u043b\u044c\u043d\u043e\u0439 \u043f\u043e\u0434\u0434\u0435\u0440\u0436\u043a\u0435, \u0430 \u0442\u0430\u043a\u0436\u0435 \u0432\u043e\u0437\u043c\u043e\u0436\u043d\u043e\u0441\u0442\u044c \u0440\u0430\u0437\u0432\u0438\u0442\u0438\u044f \u0431\u0438\u0437\u043d\u0435\u0441\u0430 \u0432 \u0440\u0430\u043c\u043a\u0430\u0445 CHEMCO d.o.o. \u0431\u0440\u0435\u043d\u0434, \u043f\u0440\u0435\u0434\u043b\u0430\u0433\u0430\u044e\u0449\u0438\u0439 \u043f\u0440\u043e\u0432\u0435\u0440\u0435\u043d\u043d\u044b\u0435 \u0440\u0435\u0448\u0435\u043d\u0438\u044f \u0432 \u043e\u0431\u043b\u0430\u0441\u0442\u0438 \u043f\u043e\u043b\u0438\u043c\u0435\u0440\u043d\u044b\u0445, \u044d\u043f\u043e\u043a\u0441\u0438\u0434\u043d\u044b\u0445 \u0438 \u043f\u043e\u043b\u0438\u0443\u0440\u0435\u0442\u0430\u043d\u043e\u0432\u044b\u0445 \u043d\u0430\u043f\u043e\u043b\u044c\u043d\u044b\u0445 \u0441\u0438\u0441\u0442\u0435\u043c. \u041c\u044b \u0442\u0430\u043a\u0436\u0435 \u043e\u0442\u043a\u0440\u044b\u0442\u044b \u0434\u043b\u044f \u0441\u043e\u0432\u043c\u0435\u0441\u0442\u043d\u044b\u0445 \u043f\u0440\u043e\u0434\u0430\u0436 \u0438 \u043f\u0440\u043e\u0444\u0435\u0441\u0441\u0438\u043e\u043d\u0430\u043b\u044c\u043d\u043e\u0433\u043e \u0441\u043e\u0442\u0440\u0443\u0434\u043d\u0438\u0447\u0435\u0441\u0442\u0432\u0430 \u0441 \u043a\u043e\u043c\u043f\u0430\u043d\u0438\u044f\u043c\u0438 \u0438 \u043e\u0442\u0434\u0435\u043b\u044c\u043d\u044b\u043c\u0438 \u044d\u043a\u0441\u043f\u0435\u0440\u0442\u0430\u043c\u0438, \u043a\u043e\u0442\u043e\u0440\u044b\u0435 \u0445\u043e\u0442\u044f\u0442 \u0432\u043c\u0435\u0441\u0442\u0435 \u0440\u0430\u0441\u0448\u0438\u0440\u044f\u0442\u044c \u0440\u044b\u043d\u043e\u043a, \u043e\u0431\u043c\u0435\u043d\u0438\u0432\u0430\u0442\u044c\u0441\u044f \u043e\u043f\u044b\u0442\u043e\u043c \u0438 \u0441\u043e\u0437\u0434\u0430\u0432\u0430\u0442\u044c \u0432\u0437\u0430\u0438\u043c\u043e\u0432\u044b\u0433\u043e\u0434\u043d\u044b\u0435 \u043f\u0440\u043e\u0435\u043a\u0442\u044b. \u0421\u0432\u044f\u0436\u0438\u0442\u0435\u0441\u044c \u0441 \u043d\u0430\u043c\u0438 \u0434\u043b\u044f \u043f\u043e\u043b\u0443\u0447\u0435\u043d\u0438\u044f \u0434\u043e\u043f\u043e\u043b\u043d\u0438\u0442\u0435\u043b\u044c\u043d\u043e\u0439 \u0438\u043d\u0444\u043e\u0440\u043c\u0430\u0446\u0438\u0438 \u0438 \u043e\u0431\u0441\u0443\u0436\u0434\u0435\u043d\u0438\u044f \u0432\u043e\u0437\u043c\u043e\u0436\u043d\u043e\u0441\u0442\u0435\u0439 \u043f\u0430\u0440\u0442\u043d\u0435\u0440\u0441\u0442\u0432\u0430. \u0421\u0432\u044f\u0436\u0438\u0442\u0435\u0441\u044c \u0441 \u043d\u0430\u043c\u0438 \u0434\u043b\u044f \u043f\u043e\u043b\u0443\u0447\u0435\u043d\u0438\u044f \u0434\u043e\u043f\u043e\u043b\u043d\u0438\u0442\u0435\u043b\u044c\u043d\u043e\u0439 \u0438\u043d\u0444\u043e\u0440\u043c\u0430\u0446\u0438\u0438 \u0438 \u043e\u0431\u0441\u0443\u0436\u0434\u0435\u043d\u0438\u044f \u0432\u043e\u0437\u043c\u043e\u0436\u043d\u043e\u0441\u0442\u0435\u0439 \u043f\u0430\u0440\u0442\u043d\u0435\u0440\u0441\u0442\u0432\u0430.<\/span><\/div><div class=\"tippy-arrow\" style=\"position: absolute; left: 0px; transform: translate3d(179px, 0px, 0px);\">\u00a0<\/div><\/div><\/div><\/div>\t\t\t\t\t\t\t\t<\/div>\n\t\t<div class=\"elementor-element elementor-element-fce83f5 e-con-full e-flex e-con e-child\" data-id=\"fce83f5\" data-element_type=\"container\" data-e-type=\"container\">\n\t\t\t\t<div class=\"elementor-element elementor-element-89cc910 elementor-widget elementor-widget-button\" data-id=\"89cc910\" data-element_type=\"widget\" data-e-type=\"widget\" data-widget_type=\"button.default\">\n\t\t\t\t\t\t\t\t\t\t<a class=\"elementor-button elementor-button-link elementor-size-sm\" href=\"https:\/\/epoxyexpert.si\/en\/kontakt\/\">\n\t\t\t\t\t\t<span class=\"elementor-button-content-wrapper\">\n\t\t\t\t\t\t\t\t\t<span class=\"elementor-button-text\">Brezpla\u010dna konzultacija<\/span>\n\t\t\t\t\t<\/span>\n\t\t\t\t\t<\/a>\n\t\t\t\t\t\t\t\t<\/div>\n\t\t\t\t<\/div>\n\t\t\t\t<\/div>\n\t\t<div class=\"elementor-element elementor-element-412f5da e-con-full e-flex e-con e-child\" data-id=\"412f5da\" data-element_type=\"container\" data-e-type=\"container\">\n\t\t<div class=\"elementor-element elementor-element-95d12e7 e-con-full e-flex e-con e-child\" data-id=\"95d12e7\" data-element_type=\"container\" data-e-type=\"container\" data-settings=\"{&quot;background_background&quot;:&quot;classic&quot;}\">\n\t\t<div class=\"elementor-element elementor-element-b1348f2 e-con-full e-flex e-con e-child\" data-id=\"b1348f2\" data-element_type=\"container\" data-e-type=\"container\" data-settings=\"{&quot;background_background&quot;:&quot;classic&quot;}\">\n\t\t\t\t<div class=\"elementor-element elementor-element-84d31eb elementor-widget elementor-widget-heading\" data-id=\"84d31eb\" data-element_type=\"widget\" data-e-type=\"widget\" data-widget_type=\"heading.default\">\n\t\t\t\t\t<div class=\"elementor-heading-title elementor-size-default\">01<\/div>\t\t\t\t<\/div>\n\t\t\t\t<\/div>\n\t\t\t\t<div class=\"elementor-element elementor-element-1754bd8 elementor-widget elementor-widget-heading\" data-id=\"1754bd8\" data-element_type=\"widget\" data-e-type=\"widget\" data-widget_type=\"heading.default\">\n\t\t\t\t\t<div class=\"elementor-heading-title elementor-size-default\">Tehnologije in materiali<\/div>\t\t\t\t<\/div>\n\t\t\t\t<div class=\"elementor-element elementor-element-db750ab elementor-widget elementor-widget-text-editor\" data-id=\"db750ab\" data-element_type=\"widget\" data-e-type=\"widget\" data-widget_type=\"text-editor.default\">\n\t\t\t\t\t\t\t\t\t<p class=\"p1\">Dostop do preverjenih sistemov, kakovostnih materialov in tehni\u010dnih re\u0161itev za razli\u010dne vrste objektov in projektov.<\/p>\t\t\t\t\t\t\t\t<\/div>\n\t\t\t\t<\/div>\n\t\t<div class=\"elementor-element elementor-element-450bd90 e-con-full e-flex e-con e-child\" data-id=\"450bd90\" data-element_type=\"container\" data-e-type=\"container\" data-settings=\"{&quot;background_background&quot;:&quot;classic&quot;}\">\n\t\t<div class=\"elementor-element elementor-element-9114de5 e-con-full e-flex e-con e-child\" data-id=\"9114de5\" data-element_type=\"container\" data-e-type=\"container\" data-settings=\"{&quot;background_background&quot;:&quot;classic&quot;}\">\n\t\t\t\t<div class=\"elementor-element elementor-element-816fc76 elementor-widget elementor-widget-heading\" data-id=\"816fc76\" data-element_type=\"widget\" data-e-type=\"widget\" data-widget_type=\"heading.default\">\n\t\t\t\t\t<div class=\"elementor-heading-title elementor-size-default\">02<\/div>\t\t\t\t<\/div>\n\t\t\t\t<\/div>\n\t\t\t\t<div class=\"elementor-element elementor-element-9393534 elementor-widget elementor-widget-heading\" data-id=\"9393534\" data-element_type=\"widget\" data-e-type=\"widget\" data-widget_type=\"heading.default\">\n\t\t\t\t\t<div class=\"elementor-heading-title elementor-size-default\">Izobra\u017eevanje in podpora<\/div>\t\t\t\t<\/div>\n\t\t\t\t<div class=\"elementor-element elementor-element-ad71c13 elementor-widget elementor-widget-text-editor\" data-id=\"ad71c13\" data-element_type=\"widget\" data-e-type=\"widget\" data-widget_type=\"text-editor.default\">\n\t\t\t\t\t\t\t\t\t<p class=\"p1\">Strokovno usposabljanje, svetovanje in prakti\u010dna podpora pri uvajanju re\u0161itev ter razvoju poslovanja na lokalnem trgu.<\/p>\t\t\t\t\t\t\t\t<\/div>\n\t\t\t\t<\/div>\n\t\t<div class=\"elementor-element elementor-element-31321e4 e-con-full e-flex e-con e-child\" data-id=\"31321e4\" data-element_type=\"container\" data-e-type=\"container\" data-settings=\"{&quot;background_background&quot;:&quot;classic&quot;}\">\n\t\t<div class=\"elementor-element elementor-element-3588b76 e-con-full e-flex e-con e-child\" data-id=\"3588b76\" data-element_type=\"container\" data-e-type=\"container\" data-settings=\"{&quot;background_background&quot;:&quot;classic&quot;}\">\n\t\t\t\t<div class=\"elementor-element elementor-element-f368e4d elementor-widget elementor-widget-heading\" data-id=\"f368e4d\" data-element_type=\"widget\" data-e-type=\"widget\" data-widget_type=\"heading.default\">\n\t\t\t\t\t<div class=\"elementor-heading-title elementor-size-default\">03<\/div>\t\t\t\t<\/div>\n\t\t\t\t<\/div>\n\t\t\t\t<div class=\"elementor-element elementor-element-3bc02d0 elementor-widget elementor-widget-heading\" data-id=\"3bc02d0\" data-element_type=\"widget\" data-e-type=\"widget\" data-widget_type=\"heading.default\">\n\t\t\t\t\t<div class=\"elementor-heading-title elementor-size-default\">Skupna prodaja in rast<\/div>\t\t\t\t<\/div>\n\t\t\t\t<div class=\"elementor-element elementor-element-d832a6d elementor-widget elementor-widget-text-editor\" data-id=\"d832a6d\" data-element_type=\"widget\" data-e-type=\"widget\" data-widget_type=\"text-editor.default\">\n\t\t\t\t\t\t\t\t\t<p class=\"p1\">Mo\u017enost dolgoro\u010dnega sodelovanja, skupnih prodajnih aktivnosti, \u0161irjenja trga in ustvarjanja obojestransko koristnih projektov.<\/p><div id=\"mttContainer\" class=\"notranslate\" style=\"transform: translate(241px, 1px);\" aria-expanded=\"false\"><div id=\"tippy-1\" style=\"z-index: 100000200; visibility: hidden; position: absolute; inset: auto auto 0px 0px; margin: 0px; transform: translate3d(306px, -20px, 0px);\" data-tippy-root=\"\"><div class=\"tippy-box\" style=\"max-width: 350px; transition-duration: 250ms;\" tabindex=\"-1\" role=\"mtttooltip\" data-state=\"hidden\" data-theme=\"custom\" data-animation=\"fade\" data-placement=\"top\" data-escaped=\"\"><div class=\"tippy-content\" style=\"transition-duration: 250ms;\" data-state=\"hidden\"><span dir=\"ltr\">\u0412\u043e\u0437\u043c\u043e\u0436\u043d\u043e\u0441\u0442\u044c \u0434\u043e\u043b\u0433\u043e\u0441\u0440\u043e\u0447\u043d\u043e\u0433\u043e \u0441\u043e\u0442\u0440\u0443\u0434\u043d\u0438\u0447\u0435\u0441\u0442\u0432\u0430, \u0441\u043e\u0432\u043c\u0435\u0441\u0442\u043d\u043e\u0439 \u0442\u043e\u0440\u0433\u043e\u0432\u043e\u0439 \u0434\u0435\u044f\u0442\u0435\u043b\u044c\u043d\u043e\u0441\u0442\u0438, \u0440\u0430\u0441\u0448\u0438\u0440\u0435\u043d\u0438\u044f \u0440\u044b\u043d\u043a\u0430 \u0438 \u0441\u043e\u0437\u0434\u0430\u043d\u0438\u044f \u0432\u0437\u0430\u0438\u043c\u043e\u0432\u044b\u0433\u043e\u0434\u043d\u044b\u0445 \u043f\u0440\u043e\u0435\u043a\u0442\u043e\u0432.<\/span><\/div><div class=\"tippy-arrow\" style=\"position: absolute; left: 0px; transform: translate3d(179px, 0px, 0px);\">\u00a0<\/div><\/div><\/div><\/div>\t\t\t\t\t\t\t\t<\/div>\n\t\t\t\t<\/div>\n\t\t\t\t<\/div>\n\t\t\t\t\t<\/div>\n\t\t\t\t<\/div>\n\t\t\t\t<\/div>","protected":false},"excerpt":{"rendered":"<p>\u00a0 \u00a0 MEDNARODNO PARTNERSTVO Skupaj gradimo mo\u010dna partnerstva za rast na razli\u010dnih trgih PARTNERSTVO Skupaj \u0161irimo trg in ustvarjamo nove prilo\u017enosti I\u0161\u010demo partnerje, zastopnike in podjetja za dolgoro\u010dno sodelovanje na podro\u010dju epoksidnih, poliuretanskih in polimernih talnih sistemov. S pridru\u017eitvijo na\u0161i mre\u017ei pridobite dostop do tehnologij, materialov, izobra\u017eevanja in strokovne podpore ter mo\u017enost razvoja poslovanja pod&#8230;<\/p>","protected":false},"author":1,"featured_media":0,"parent":0,"menu_order":0,"comment_status":"closed","ping_status":"closed","template":"","meta":{"_kad_post_transparent":"","_kad_post_title":"hide","_kad_post_layout":"fullwidth","_kad_post_sidebar_id":"","_kad_post_content_style":"unboxed","_kad_post_vertical_padding":"hide","_kad_post_feature":"hide","_kad_post_feature_position":"","_kad_post_header":false,"_kad_post_footer":false,"_kad_post_classname":"","footnotes":""},"class_list":["post-916","page","type-page","status-publish","hentry"],"_links":{"self":[{"href":"https:\/\/epoxyexpert.si\/en\/wp-json\/wp\/v2\/pages\/916","targetHints":{"allow":["GET"]}}],"collection":[{"href":"https:\/\/epoxyexpert.si\/en\/wp-json\/wp\/v2\/pages"}],"about":[{"href":"https:\/\/epoxyexpert.si\/en\/wp-json\/wp\/v2\/types\/page"}],"author":[{"embeddable":true,"href":"https:\/\/epoxyexpert.si\/en\/wp-json\/wp\/v2\/users\/1"}],"replies":[{"embeddable":true,"href":"https:\/\/epoxyexpert.si\/en\/wp-json\/wp\/v2\/comments?post=916"}],"version-history":[{"count":52,"href":"https:\/\/epoxyexpert.si\/en\/wp-json\/wp\/v2\/pages\/916\/revisions"}],"predecessor-version":[{"id":1303,"href":"https:\/\/epoxyexpert.si\/en\/wp-json\/wp\/v2\/pages\/916\/revisions\/1303"}],"wp:attachment":[{"href":"https:\/\/epoxyexpert.si\/en\/wp-json\/wp\/v2\/media?parent=916"}],"curies":[{"name":"wp","href":"https:\/\/api.w.org\/{rel}","templated":true}]}}