{"id":914,"date":"2026-03-17T20:23:38","date_gmt":"2026-03-17T19:23:38","guid":{"rendered":"https:\/\/epoxyexpert.si\/?page_id=914"},"modified":"2026-03-24T23:47:32","modified_gmt":"2026-03-24T22:47:32","slug":"usposabljanje","status":"publish","type":"page","link":"https:\/\/epoxyexpert.si\/en\/usposabljanje\/","title":{"rendered":"Usposabljanje"},"content":{"rendered":"<div data-elementor-type=\"wp-page\" data-elementor-id=\"914\" class=\"elementor elementor-914\">\n\t\t\t\t<div class=\"elementor-element elementor-element-28de4a0 e-flex e-con-boxed e-con e-parent\" data-id=\"28de4a0\" data-element_type=\"container\" data-e-type=\"container\" data-settings=\"{&quot;background_background&quot;:&quot;classic&quot;}\">\n\t\t\t\t\t<div class=\"e-con-inner\">\n\t\t\t\t<div class=\"elementor-element elementor-element-a33a463 elementor-widget elementor-widget-heading\" data-id=\"a33a463\" data-element_type=\"widget\" data-e-type=\"widget\" data-widget_type=\"heading.default\">\n\t\t\t\t\t<div class=\"elementor-heading-title elementor-size-default\">USPOSABLJANJE<\/div>\t\t\t\t<\/div>\n\t\t\t\t<div class=\"elementor-element elementor-element-113571b elementor-widget__width-initial elementor-widget-tablet__width-initial elementor-widget-mobile__width-initial elementor-widget elementor-widget-heading\" data-id=\"113571b\" data-element_type=\"widget\" data-e-type=\"widget\" data-widget_type=\"heading.default\">\n\t\t\t\t\t<div class=\"elementor-heading-title elementor-size-default\">Profesionalno usposabljanje za epoksi in poliuretanske  sisteme<\/div>\t\t\t\t<\/div>\n\t\t<div class=\"elementor-element elementor-element-ef1216d e-con-full e-flex e-con e-child\" data-id=\"ef1216d\" data-element_type=\"container\" data-e-type=\"container\">\n\t\t\t\t<div class=\"elementor-element elementor-element-b49e71a elementor-widget__width-initial elementor-widget elementor-widget-text-editor\" data-id=\"b49e71a\" data-element_type=\"widget\" data-e-type=\"widget\" data-widget_type=\"text-editor.default\">\n\t\t\t\t\t\t\t\t\t<p class=\"p1\"><span class=\"s1\">5<\/span>-dnevni prakti\u010dni te\u010daj na bazi Chemco d.o.o. | Ljubljana, Slovenija<\/p>\t\t\t\t\t\t\t\t<\/div>\n\t\t\t\t<\/div>\n\t\t<div class=\"elementor-element elementor-element-c23507b e-con-full e-flex e-con e-child\" data-id=\"c23507b\" data-element_type=\"container\" data-e-type=\"container\">\n\t\t\t\t<div class=\"elementor-element elementor-element-66bf342 elementor-widget elementor-widget-button\" data-id=\"66bf342\" data-element_type=\"widget\" data-e-type=\"widget\" data-widget_type=\"button.default\">\n\t\t\t\t\t\t\t\t\t\t<a class=\"elementor-button elementor-button-link elementor-size-sm\" href=\"https:\/\/epoxyexpert.si\/en\/kontakt\/\">\n\t\t\t\t\t\t<span class=\"elementor-button-content-wrapper\">\n\t\t\t\t\t\t\t\t\t<span class=\"elementor-button-text\">Prijavi se na usposabljanje<\/span>\n\t\t\t\t\t<\/span>\n\t\t\t\t\t<\/a>\n\t\t\t\t\t\t\t\t<\/div>\n\t\t\t\t<\/div>\n\t\t\t\t\t<\/div>\n\t\t\t\t<\/div>\n\t\t<div class=\"elementor-element elementor-element-7c91421 e-flex e-con-boxed e-con e-parent\" data-id=\"7c91421\" data-element_type=\"container\" data-e-type=\"container\" data-settings=\"{&quot;background_background&quot;:&quot;classic&quot;}\">\n\t\t\t\t\t<div class=\"e-con-inner\">\n\t\t<div class=\"elementor-element elementor-element-5b031cf e-con-full e-flex e-con e-child\" data-id=\"5b031cf\" data-element_type=\"container\" data-e-type=\"container\">\n\t\t<div class=\"elementor-element elementor-element-8d81ec2 e-con-full e-flex e-con e-child\" data-id=\"8d81ec2\" data-element_type=\"container\" data-e-type=\"container\" data-settings=\"{&quot;background_background&quot;:&quot;classic&quot;}\">\n\t\t\t\t<div class=\"elementor-element elementor-element-d7af966 elementor-widget elementor-widget-heading\" data-id=\"d7af966\" data-element_type=\"widget\" data-e-type=\"widget\" data-widget_type=\"heading.default\">\n\t\t\t\t\t<div class=\"elementor-heading-title elementor-size-default\">Opis<\/div>\t\t\t\t<\/div>\n\t\t\t\t<div class=\"elementor-element elementor-element-53eeb24 elementor-widget elementor-widget-text-editor\" data-id=\"53eeb24\" data-element_type=\"widget\" data-e-type=\"widget\" data-widget_type=\"text-editor.default\">\n\t\t\t\t\t\t\t\t\t<p class=\"p1\">Te\u010daj je usmerjen v oblikovanje dolgoro\u010dnega profesionalnega partnerstva in delo z originalnimi sistemi proizvajalca. Namenjen je gradbenim podjetjem in izvajalcem, mojstrom in ekipam, ki vstopajo v segment polimernih tlakov, tehni\u010dnim strokovnjakom in bodo\u010dim partnerjem, distributerjem ter regionalnim predstavnikom.<\/p><div id=\"mttContainer\" class=\"notranslate\" style=\"transform: translate(229px, 154px);\" aria-expanded=\"false\">\u00a0<\/div>\t\t\t\t\t\t\t\t<\/div>\n\t\t\t\t<\/div>\n\t\t<div class=\"elementor-element elementor-element-7be7342 e-con-full e-flex e-con e-child\" data-id=\"7be7342\" data-element_type=\"container\" data-e-type=\"container\">\n\t\t<div class=\"elementor-element elementor-element-e0b594c e-con-full e-flex e-con e-child\" data-id=\"e0b594c\" data-element_type=\"container\" data-e-type=\"container\" data-settings=\"{&quot;background_background&quot;:&quot;classic&quot;}\">\n\t\t\t\t<div class=\"elementor-element elementor-element-d830d90 elementor-widget elementor-widget-heading\" data-id=\"d830d90\" data-element_type=\"widget\" data-e-type=\"widget\" data-widget_type=\"heading.default\">\n\t\t\t\t\t<h3 class=\"elementor-heading-title elementor-size-default\">Kaj vklju\u010duje usposabljanje<\/h3>\t\t\t\t<\/div>\n\t\t\t\t<div class=\"elementor-element elementor-element-62054db elementor-widget elementor-widget-text-editor\" data-id=\"62054db\" data-element_type=\"widget\" data-e-type=\"widget\" data-widget_type=\"text-editor.default\">\n\t\t\t\t\t\t\t\t\t<ul><li><p class=\"p1\">priprava podlage<\/p><\/li><li><p class=\"p1\">ocena stanja betona<\/p><\/li><li><p class=\"p1\">merjenje vlage<\/p><\/li><li><p class=\"p1\">bru\u0161enje, popravilo in pravilna priprava povr\u0161ine<\/p><\/li><li><p class=\"p1\">polimerni sistemi<\/p><\/li><li><p class=\"p1\">epoksidni in poliuretanski premazi<\/p><\/li><li><p class=\"p1\">enobarvni in dekorativni sistemi (kvarc, flakes)<\/p><\/li><li><p class=\"p1\">antistati\u010dni (ESD) premazi<\/p><\/li><li><p class=\"p1\">kemi\u010dno odporni sistemi<\/p><\/li><li><p class=\"p1\">obrabno odporni in udarno odporni tlaki<\/p><\/li><li><p class=\"p1\">vlagoodporne in specialne re\u0161itve<\/p><\/li><li><p class=\"p1\">pravilno me\u0161anje komponent<\/p><\/li><li><p class=\"p1\">kontrola debeline sloja<\/p><\/li><li><p class=\"p1\">tehnika nanosa<\/p><\/li><li><p class=\"p1\">odpravljanje tipi\u010dnih napak<\/p><\/li><li><p class=\"p1\">izra\u010dun porabe materiala in stro\u0161kov projekta<\/p><\/li><\/ul>\t\t\t\t\t\t\t\t<\/div>\n\t\t\t\t<\/div>\n\t\t\t\t<\/div>\n\t\t<div class=\"elementor-element elementor-element-d2d7bf8 e-con-full e-flex e-con e-child\" data-id=\"d2d7bf8\" data-element_type=\"container\" data-e-type=\"container\">\n\t\t<div class=\"elementor-element elementor-element-079ea24 e-con-full e-flex e-con e-child\" data-id=\"079ea24\" data-element_type=\"container\" data-e-type=\"container\" data-settings=\"{&quot;background_background&quot;:&quot;classic&quot;}\">\n\t\t\t\t<div class=\"elementor-element elementor-element-3f1fd80 elementor-widget elementor-widget-heading\" data-id=\"3f1fd80\" data-element_type=\"widget\" data-e-type=\"widget\" data-widget_type=\"heading.default\">\n\t\t\t\t\t<h3 class=\"elementor-heading-title elementor-size-default\">Format usposabljanja<\/h3>\t\t\t\t<\/div>\n\t\t\t\t<div class=\"elementor-element elementor-element-70fdee8 elementor-widget elementor-widget-text-editor\" data-id=\"70fdee8\" data-element_type=\"widget\" data-e-type=\"widget\" data-widget_type=\"text-editor.default\">\n\t\t\t\t\t\t\t\t\t<ul><li><p class=\"p1\">trajanje: 5 dni<\/p><\/li><li><p class=\"p1\">format: 30% teorija \/ 70% praksa<\/p><\/li><li><p class=\"p1\">skupina: do 10 oseb<\/p><\/li><li><p class=\"p1\">lokacija: Ljubljana, Slovenija<\/p><\/li><\/ul><div id=\"mttContainer\" class=\"notranslate\" style=\"transform: translate(232px, 155px);\" aria-expanded=\"false\">\u00a0<\/div>\t\t\t\t\t\t\t\t<\/div>\n\t\t\t\t<\/div>\n\t\t<div class=\"elementor-element elementor-element-66bd669 e-con-full e-flex e-con e-child\" data-id=\"66bd669\" data-element_type=\"container\" data-e-type=\"container\" data-settings=\"{&quot;background_background&quot;:&quot;classic&quot;}\">\n\t\t\t\t<div class=\"elementor-element elementor-element-6bec554 elementor-widget elementor-widget-heading\" data-id=\"6bec554\" data-element_type=\"widget\" data-e-type=\"widget\" data-widget_type=\"heading.default\">\n\t\t\t\t\t<div class=\"elementor-heading-title elementor-size-default\">Po zaklju\u010dku usposabljanja<\/div>\t\t\t\t<\/div>\n\t\t\t\t<div class=\"elementor-element elementor-element-547fefa elementor-widget elementor-widget-text-editor\" data-id=\"547fefa\" data-element_type=\"widget\" data-e-type=\"widget\" data-widget_type=\"text-editor.default\">\n\t\t\t\t\t\t\t\t\t<ul><li><p class=\"p1\">izbira sistema glede na konkretne obremenitve<\/p><\/li><li><p class=\"p1\">razumevanje tehnologije izvedbe brez napak<\/p><\/li><li><p class=\"p1\">pripravljenost na samostojno izvedbo projektov<\/p><\/li><li><p class=\"p1\">tehni\u010dna podpora glede materialov<\/p><\/li><\/ul>\t\t\t\t\t\t\t\t<\/div>\n\t\t\t\t<\/div>\n\t\t\t\t<\/div>\n\t\t\t\t<\/div>\n\t\t<div class=\"elementor-element elementor-element-92afe9b e-con-full e-flex e-con e-child\" data-id=\"92afe9b\" data-element_type=\"container\" data-e-type=\"container\" data-settings=\"{&quot;background_background&quot;:&quot;classic&quot;}\">\n\t\t\t\t<div class=\"elementor-element elementor-element-5a7de1a elementor-widget elementor-widget-heading\" data-id=\"5a7de1a\" data-element_type=\"widget\" data-e-type=\"widget\" data-widget_type=\"heading.default\">\n\t\t\t\t\t<div class=\"elementor-heading-title elementor-size-default\">Pogoji udele\u017ebe<\/div>\t\t\t\t<\/div>\n\t\t\t\t<div class=\"elementor-element elementor-element-0c607a8 elementor-widget elementor-widget-text-editor\" data-id=\"0c607a8\" data-element_type=\"widget\" data-e-type=\"widget\" data-widget_type=\"text-editor.default\">\n\t\t\t\t\t\t\t\t\t<p class=\"p1\">Mo\u017ene re\u0161itve so: dodatno su\u0161enje podlage, uporaba posebnih vlagozapornih temeljnih premazov ali prestavitev termina monta\u017ee do doseganja dovoljenih vrednosti.<\/p><div id=\"mttContainer\" class=\"notranslate\" style=\"transform: translate(117px, 6px);\" aria-expanded=\"false\"><div id=\"tippy-1\" style=\"z-index: 100000200; visibility: hidden; position: absolute; inset: auto auto 0px 0px; margin: 0px; transform: translate3d(400px, -20px, 0px);\" data-tippy-root=\"\"><div class=\"tippy-box\" style=\"max-width: 350px; transition-duration: 250ms;\" tabindex=\"-1\" role=\"mtttooltip\" data-state=\"hidden\" data-theme=\"custom\" data-animation=\"fade\" data-placement=\"top\" data-escaped=\"\"><div class=\"tippy-content\" style=\"transition-duration: 250ms;\" data-state=\"hidden\"><span dir=\"ltr\">\u0414\u043e\u043f\u0443\u0441\u0442\u0438\u043c\u0430\u044f \u0432\u043b\u0430\u0436\u043d\u043e\u0441\u0442\u044c \u0437\u0430\u0432\u0438\u0441\u0438\u0442 \u043e\u0442 \u0442\u0438\u043f\u0430 \u0441\u0438\u0441\u0442\u0435\u043c\u044b: \u044d\u043f\u043e\u043a\u0441\u0438\u0434\u043d\u044b\u0435 \u0438 \u043f\u043e\u043b\u0438\u0443\u0440\u0435\u0442\u0430\u043d\u043e\u0432\u044b\u0435 \u043f\u043e\u043a\u0440\u044b\u0442\u0438\u044f \u043e\u0431\u044b\u0447\u043d\u043e \u2264 5 \u0421\u041c%, \u0430 \u0441\u043f\u0435\u0446\u0438\u0430\u043b\u044c\u043d\u044b\u0435 \u0441\u0438\u0441\u0442\u0435\u043c\u044b \u0441\u043e\u0433\u043b\u0430\u0441\u043d\u043e \u0442\u0435\u0445\u043d\u0438\u0447\u0435\u0441\u043a\u043e\u0439 \u0434\u043e\u043a\u0443\u043c\u0435\u043d\u0442\u0430\u0446\u0438\u0438 \u043f\u0440\u043e\u0438\u0437\u0432\u043e\u0434\u0438\u0442\u0435\u043b\u044f. \u0422\u043e\u0447\u043d\u044b\u0435 \u043f\u0430\u0440\u0430\u043c\u0435\u0442\u0440\u044b \u043e\u043f\u0440\u0435\u0434\u0435\u043b\u044f\u044e\u0442\u0441\u044f \u0441\u043e\u0433\u043b\u0430\u0441\u043d\u043e \u0442\u0435\u0445\u043d\u0438\u0447\u0435\u0441\u043a\u0438\u043c \u0442\u0440\u0435\u0431\u043e\u0432\u0430\u043d\u0438\u044f\u043c \u0441\u0438\u0441\u0442\u0435\u043c\u044b CHEMCO.<\/span><\/div><div class=\"tippy-arrow\" style=\"position: absolute; left: 0px; transform: translate3d(91px, 0px, 0px);\">\u00a0<\/div><\/div><\/div><\/div>\t\t\t\t\t\t\t\t<\/div>\n\t\t\t\t<\/div>\n\t\t<div class=\"elementor-element elementor-element-ae82161 e-con-full e-flex e-con e-child\" data-id=\"ae82161\" data-element_type=\"container\" data-e-type=\"container\" data-settings=\"{&quot;background_background&quot;:&quot;classic&quot;}\">\n\t\t<div class=\"elementor-element elementor-element-629201b e-con-full e-flex e-con e-child\" data-id=\"629201b\" data-element_type=\"container\" data-e-type=\"container\">\n\t\t<div class=\"elementor-element elementor-element-0f2ce09 e-con-full e-flex e-con e-child\" data-id=\"0f2ce09\" data-element_type=\"container\" data-e-type=\"container\">\n\t\t\t\t<div class=\"elementor-element elementor-element-d41bf57 elementor-widget elementor-widget-heading\" data-id=\"d41bf57\" data-element_type=\"widget\" data-e-type=\"widget\" data-widget_type=\"heading.default\">\n\t\t\t\t\t<div class=\"elementor-heading-title elementor-size-default\">Cena udele\u017ebe:<\/div>\t\t\t\t<\/div>\n\t\t\t\t<div class=\"elementor-element elementor-element-ace3b99 elementor-widget elementor-widget-heading\" data-id=\"ace3b99\" data-element_type=\"widget\" data-e-type=\"widget\" data-widget_type=\"heading.default\">\n\t\t\t\t\t<div class=\"elementor-heading-title elementor-size-default\">1500 \u20ac<\/div>\t\t\t\t<\/div>\n\t\t\t\t<div class=\"elementor-element elementor-element-416983d elementor-widget elementor-widget-heading\" data-id=\"416983d\" data-element_type=\"widget\" data-e-type=\"widget\" data-widget_type=\"heading.default\">\n\t\t\t\t\t<div class=\"elementor-heading-title elementor-size-default\">\/ udele\u017eenec<\/div>\t\t\t\t<\/div>\n\t\t\t\t<\/div>\n\t\t<div class=\"elementor-element elementor-element-a25348e e-con-full e-flex e-con e-child\" data-id=\"a25348e\" data-element_type=\"container\" data-e-type=\"container\">\n\t\t\t\t<div class=\"elementor-element elementor-element-5ef81ef elementor-widget elementor-widget-heading\" data-id=\"5ef81ef\" data-element_type=\"widget\" data-e-type=\"widget\" data-widget_type=\"heading.default\">\n\t\t\t\t\t<div class=\"elementor-heading-title elementor-size-default\">\u017delite postati certificiran specialist za sisteme Chemco?<\/div>\t\t\t\t<\/div>\n\t\t\t\t<div class=\"elementor-element elementor-element-e1ef184 elementor-widget elementor-widget-heading\" data-id=\"e1ef184\" data-element_type=\"widget\" data-e-type=\"widget\" data-widget_type=\"heading.default\">\n\t\t\t\t\t<div class=\"elementor-heading-title elementor-size-default\">Kontaktirajte nas za pridobitev programa najbli\u017ejega te\u010daja in pogojev partnerstva.<\/div>\t\t\t\t<\/div>\n\t\t\t\t<\/div>\n\t\t<div class=\"elementor-element elementor-element-b6feed8 e-con-full e-flex e-con e-child\" data-id=\"b6feed8\" data-element_type=\"container\" data-e-type=\"container\">\n\t\t\t\t<div class=\"elementor-element elementor-element-78c1594 elementor-widget elementor-widget-button\" data-id=\"78c1594\" data-element_type=\"widget\" data-e-type=\"widget\" data-widget_type=\"button.default\">\n\t\t\t\t\t\t\t\t\t\t<a class=\"elementor-button elementor-button-link elementor-size-sm\" href=\"https:\/\/epoxyexpert.si\/en\/kontakt\/\">\n\t\t\t\t\t\t<span class=\"elementor-button-content-wrapper\">\n\t\t\t\t\t\t\t\t\t<span class=\"elementor-button-text\">Prijavi se zdaj<\/span>\n\t\t\t\t\t<\/span>\n\t\t\t\t\t<\/a>\n\t\t\t\t\t\t\t\t<\/div>\n\t\t\t\t<\/div>\n\t\t\t\t<\/div>\n\t\t\t\t<\/div>\n\t\t\t\t\t<\/div>\n\t\t\t\t<\/div>\n\t\t\t\t<\/div>","protected":false},"excerpt":{"rendered":"<p>USPOSABLJANJE Profesionalno usposabljanje za epoksi in poliuretanske sisteme 5-dnevni prakti\u010dni te\u010daj na bazi Chemco d.o.o. | Ljubljana, Slovenija Prijavi se na usposabljanje Opis Te\u010daj je usmerjen v oblikovanje dolgoro\u010dnega profesionalnega partnerstva in delo z originalnimi sistemi proizvajalca. Namenjen je gradbenim podjetjem in izvajalcem, mojstrom in ekipam, ki vstopajo v segment polimernih tlakov, tehni\u010dnim strokovnjakom in&#8230;<\/p>","protected":false},"author":1,"featured_media":0,"parent":0,"menu_order":0,"comment_status":"closed","ping_status":"closed","template":"","meta":{"_kad_post_transparent":"","_kad_post_title":"hide","_kad_post_layout":"fullwidth","_kad_post_sidebar_id":"","_kad_post_content_style":"unboxed","_kad_post_vertical_padding":"hide","_kad_post_feature":"hide","_kad_post_feature_position":"","_kad_post_header":false,"_kad_post_footer":false,"_kad_post_classname":"","footnotes":""},"class_list":["post-914","page","type-page","status-publish","hentry"],"_links":{"self":[{"href":"https:\/\/epoxyexpert.si\/en\/wp-json\/wp\/v2\/pages\/914","targetHints":{"allow":["GET"]}}],"collection":[{"href":"https:\/\/epoxyexpert.si\/en\/wp-json\/wp\/v2\/pages"}],"about":[{"href":"https:\/\/epoxyexpert.si\/en\/wp-json\/wp\/v2\/types\/page"}],"author":[{"embeddable":true,"href":"https:\/\/epoxyexpert.si\/en\/wp-json\/wp\/v2\/users\/1"}],"replies":[{"embeddable":true,"href":"https:\/\/epoxyexpert.si\/en\/wp-json\/wp\/v2\/comments?post=914"}],"version-history":[{"count":13,"href":"https:\/\/epoxyexpert.si\/en\/wp-json\/wp\/v2\/pages\/914\/revisions"}],"predecessor-version":[{"id":1197,"href":"https:\/\/epoxyexpert.si\/en\/wp-json\/wp\/v2\/pages\/914\/revisions\/1197"}],"wp:attachment":[{"href":"https:\/\/epoxyexpert.si\/en\/wp-json\/wp\/v2\/media?parent=914"}],"curies":[{"name":"wp","href":"https:\/\/api.w.org\/{rel}","templated":true}]}}