{"id":910,"date":"2026-03-17T20:21:52","date_gmt":"2026-03-17T19:21:52","guid":{"rendered":"https:\/\/epoxyexpert.si\/?page_id=910"},"modified":"2026-03-19T16:16:52","modified_gmt":"2026-03-19T15:16:52","slug":"pogoji-prodaje","status":"publish","type":"page","link":"https:\/\/epoxyexpert.si\/en\/pogoji-prodaje\/","title":{"rendered":"Pogoji prodaje"},"content":{"rendered":"<div data-elementor-type=\"wp-page\" data-elementor-id=\"910\" class=\"elementor elementor-910\">\n\t\t\t\t<div class=\"elementor-element elementor-element-ae15954 e-flex e-con-boxed e-con e-parent\" data-id=\"ae15954\" data-element_type=\"container\" data-e-type=\"container\" data-settings=\"{&quot;background_background&quot;:&quot;classic&quot;}\">\n\t\t\t\t\t<div class=\"e-con-inner\">\n\t\t<div class=\"elementor-element elementor-element-06cb2f5 e-con-full e-flex e-con e-child\" data-id=\"06cb2f5\" data-element_type=\"container\" data-e-type=\"container\">\n\t\t\t\t<div class=\"elementor-element elementor-element-cf6dcb4 elementor-widget elementor-widget-heading\" data-id=\"cf6dcb4\" data-element_type=\"widget\" data-e-type=\"widget\" data-widget_type=\"heading.default\">\n\t\t\t\t\t<div class=\"elementor-heading-title elementor-size-default\">Pogoji prodaje<\/div>\t\t\t\t<\/div>\n\t\t\t\t<div class=\"elementor-element elementor-element-fc33b1c elementor-widget__width-initial elementor-widget elementor-widget-heading\" data-id=\"fc33b1c\" data-element_type=\"widget\" data-e-type=\"widget\" data-widget_type=\"heading.default\">\n\t\t\t\t\t<h1 class=\"elementor-heading-title elementor-size-default\">Klju\u010dni pogoji za pripravo objekta, izvedbo del in sodelovanje<\/h1>\t\t\t\t<\/div>\n\t\t\t\t<div class=\"elementor-element elementor-element-7bd48a1 elementor-widget__width-initial elementor-widget elementor-widget-text-editor\" data-id=\"7bd48a1\" data-element_type=\"widget\" data-e-type=\"widget\" data-widget_type=\"text-editor.default\">\n\t\t\t\t\t\t\t\t\t<p class=\"p1\">Ta stran povzema pogoje, ki dolo\u010dajo pripravo podlage, organizacijo objekta, tehni\u010dne omejitve, odgovornost naro\u010dnika in osnovna pravila sodelovanja pri izvedbi sistemov Chemco.<\/p><div id=\"mttContainer\" class=\"notranslate\" style=\"transform: translate(124px, 14px);\" aria-expanded=\"false\"><div id=\"tippy-1\" style=\"z-index: 100000200; visibility: hidden; position: absolute; inset: auto auto 0px 0px; margin: 0px; transform: translate3d(400px, -20px, 0px);\" data-tippy-root=\"\"><div class=\"tippy-box\" style=\"max-width: 350px; transition-duration: 250ms;\" tabindex=\"-1\" role=\"mtttooltip\" data-state=\"hidden\" data-theme=\"custom\" data-animation=\"fade\" data-placement=\"top\" data-escaped=\"\"><div class=\"tippy-content\" style=\"transition-duration: 250ms;\" data-state=\"hidden\"><span dir=\"ltr\">\u041d\u0430 \u044d\u0442\u043e\u0439 \u0441\u0442\u0440\u0430\u043d\u0438\u0446\u0435 \u0441\u043e\u0431\u0440\u0430\u043d\u044b \u0443\u0441\u043b\u043e\u0432\u0438\u044f, \u043e\u043f\u0440\u0435\u0434\u0435\u043b\u044f\u044e\u0449\u0438\u0435 \u043f\u043e\u0434\u0433\u043e\u0442\u043e\u0432\u043a\u0443 \u0431\u0430\u0437\u044b, \u043e\u0440\u0433\u0430\u043d\u0438\u0437\u0430\u0446\u0438\u044e \u043e\u0431\u044a\u0435\u043a\u0442\u0430, \u0442\u0435\u0445\u043d\u0438\u0447\u0435\u0441\u043a\u0438\u0435 \u043e\u0433\u0440\u0430\u043d\u0438\u0447\u0435\u043d\u0438\u044f, \u043e\u0442\u0432\u0435\u0442\u0441\u0442\u0432\u0435\u043d\u043d\u043e\u0441\u0442\u044c \u043a\u043b\u0438\u0435\u043d\u0442\u0430 \u0438 \u043e\u0441\u043d\u043e\u0432\u043d\u044b\u0435 \u043f\u0440\u0430\u0432\u0438\u043b\u0430 \u0441\u043e\u0442\u0440\u0443\u0434\u043d\u0438\u0447\u0435\u0441\u0442\u0432\u0430 \u043f\u0440\u0438 \u0432\u043d\u0435\u0434\u0440\u0435\u043d\u0438\u0438 \u0441\u0438\u0441\u0442\u0435\u043c Chemco.<\/span><\/div><div class=\"tippy-arrow\" style=\"position: absolute; left: 0px; transform: translate3d(91px, 0px, 0px);\">\u00a0<\/div><\/div><\/div><\/div>\t\t\t\t\t\t\t\t<\/div>\n\t\t<div class=\"elementor-element elementor-element-5042d7c e-con-full e-flex e-con e-child\" data-id=\"5042d7c\" data-element_type=\"container\" data-e-type=\"container\">\n\t\t<div class=\"elementor-element elementor-element-32fa8b2 e-con-full e-flex e-con e-child\" data-id=\"32fa8b2\" data-element_type=\"container\" data-e-type=\"container\" data-settings=\"{&quot;background_background&quot;:&quot;classic&quot;}\">\n\t\t<div class=\"elementor-element elementor-element-414a214 e-con-full e-flex e-con e-child\" data-id=\"414a214\" data-element_type=\"container\" data-e-type=\"container\" data-settings=\"{&quot;background_background&quot;:&quot;classic&quot;}\">\n\t\t\t\t<div class=\"elementor-element elementor-element-9c962c0 elementor-widget elementor-widget-heading\" data-id=\"9c962c0\" data-element_type=\"widget\" data-e-type=\"widget\" data-widget_type=\"heading.default\">\n\t\t\t\t\t<div class=\"elementor-heading-title elementor-size-default\">Pogoj 1<\/div>\t\t\t\t<\/div>\n\t\t\t\t<\/div>\n\t\t\t\t<div class=\"elementor-element elementor-element-4ac440a elementor-widget elementor-widget-heading\" data-id=\"4ac440a\" data-element_type=\"widget\" data-e-type=\"widget\" data-widget_type=\"heading.default\">\n\t\t\t\t\t<h3 class=\"elementor-heading-title elementor-size-default\">Pregled podlage in priprava objekta<\/h3>\t\t\t\t<\/div>\n\t\t\t\t<div class=\"elementor-element elementor-element-3197ab8 elementor-widget elementor-widget-text-editor\" data-id=\"3197ab8\" data-element_type=\"widget\" data-e-type=\"widget\" data-widget_type=\"text-editor.default\">\n\t\t\t\t\t\t\t\t\t<p class=\"p1\">Pred za\u010detkom del na\u0161i strokovnjaki skupaj z naro\u010dnikom pregledajo povr\u0161ino, da se prepri\u010dajo, da je suha, \u010dista in pripravljena, brez ma\u0161\u010dob, olj, filmov, starih premazov, made\u017eev in prahu. Premazi se ne nana\u0161ajo na sve\u017e beton; minimalni \u010das zorenja betona pred monta\u017eo je 28 dni. Naro\u010dnik ali glavni izvajalec morata zagotoviti varnost obmo\u010dja, ograditi delovno cono in prepre\u010diti dostop nepoobla\u0161\u010denim osebam.<\/p><div id=\"mttContainer\" class=\"notranslate\" style=\"transform: translate(246px, 142px);\" aria-expanded=\"false\"><div id=\"tippy-1\" style=\"z-index: 100000200; visibility: hidden; position: absolute; inset: auto auto 0px 0px; margin: 0px; transform: translate3d(301px, -20px, 0px);\" data-tippy-root=\"\"><div class=\"tippy-box\" style=\"max-width: 350px; transition-duration: 250ms;\" tabindex=\"-1\" role=\"mtttooltip\" data-state=\"hidden\" data-theme=\"custom\" data-animation=\"fade\" data-placement=\"top\"><div class=\"tippy-content\" style=\"transition-duration: 250ms;\" data-state=\"hidden\"><span dir=\"ltr\">\u041f\u0435\u0440\u0435\u0434 \u043d\u0430\u0447\u0430\u043b\u043e\u043c \u0440\u0430\u0431\u043e\u0442\u044b \u043d\u0430\u0448\u0438 \u0441\u043f\u0435\u0446\u0438\u0430\u043b\u0438\u0441\u0442\u044b \u0432\u043c\u0435\u0441\u0442\u0435 \u0441 \u043a\u043b\u0438\u0435\u043d\u0442\u043e\u043c \u043e\u0441\u043c\u0430\u0442\u0440\u0438\u0432\u0430\u044e\u0442 \u043f\u043e\u0432\u0435\u0440\u0445\u043d\u043e\u0441\u0442\u044c, \u0447\u0442\u043e\u0431\u044b \u0443\u0431\u0435\u0434\u0438\u0442\u044c\u0441\u044f, \u0447\u0442\u043e \u043e\u043d\u0430 \u0441\u0443\u0445\u0430\u044f, \u0447\u0438\u0441\u0442\u0430\u044f \u0438 \u043f\u043e\u0434\u0433\u043e\u0442\u043e\u0432\u043b\u0435\u043d\u043d\u0430\u044f, \u0431\u0435\u0437 \u0436\u0438\u0440\u0430, \u043c\u0430\u0441\u043b\u0430, \u043f\u043b\u0435\u043d\u043e\u043a, \u0441\u0442\u0430\u0440\u044b\u0445 \u043f\u043e\u043a\u0440\u044b\u0442\u0438\u0439, \u043f\u044f\u0442\u0435\u043d \u0438 \u043f\u044b\u043b\u0438. \u041f\u043e\u043a\u0440\u044b\u0442\u0438\u044f \u043d\u0435 \u043d\u0430\u043d\u043e\u0441\u044f\u0442\u0441\u044f \u043d\u0430 \u0441\u0432\u0435\u0436\u0438\u0439 \u0431\u0435\u0442\u043e\u043d; \u041c\u0438\u043d\u0438\u043c\u0430\u043b\u044c\u043d\u043e\u0435 \u0432\u0440\u0435\u043c\u044f \u0441\u043e\u0437\u0440\u0435\u0432\u0430\u043d\u0438\u044f \u0431\u0435\u0442\u043e\u043d\u0430 \u043f\u0435\u0440\u0435\u0434 \u0443\u043a\u043b\u0430\u0434\u043a\u043e\u0439 \u0441\u043e\u0441\u0442\u0430\u0432\u043b\u044f\u0435\u0442 28 \u0434\u043d\u0435\u0439. \u0417\u0430\u043a\u0430\u0437\u0447\u0438\u043a \u0438\u043b\u0438 \u0433\u0435\u043d\u0435\u0440\u0430\u043b\u044c\u043d\u044b\u0439 \u043f\u043e\u0434\u0440\u044f\u0434\u0447\u0438\u043a \u043e\u0431\u044f\u0437\u0430\u043d \u043e\u0431\u0435\u0441\u043f\u0435\u0447\u0438\u0442\u044c \u0431\u0435\u0437\u043e\u043f\u0430\u0441\u043d\u043e\u0441\u0442\u044c \u0442\u0435\u0440\u0440\u0438\u0442\u043e\u0440\u0438\u0438, \u043e\u0433\u0440\u0430\u0434\u0438\u0442\u044c \u0437\u043e\u043d\u0443 \u043f\u0440\u043e\u0432\u0435\u0434\u0435\u043d\u0438\u044f \u0440\u0430\u0431\u043e\u0442 \u0438 \u0438\u0441\u043a\u043b\u044e\u0447\u0438\u0442\u044c \u0434\u043e\u0441\u0442\u0443\u043f \u043f\u043e\u0441\u0442\u043e\u0440\u043e\u043d\u043d\u0438\u0445 \u043b\u0438\u0446.<\/span><\/div><div class=\"tippy-arrow\" style=\"position: absolute; left: 0px; transform: translate3d(179px, 0px, 0px);\">\u00a0<\/div><\/div><\/div><\/div>\t\t\t\t\t\t\t\t<\/div>\n\t\t\t\t<\/div>\n\t\t<div class=\"elementor-element elementor-element-b1c6f83 e-con-full e-flex e-con e-child\" data-id=\"b1c6f83\" data-element_type=\"container\" data-e-type=\"container\" data-settings=\"{&quot;background_background&quot;:&quot;classic&quot;}\">\n\t\t<div class=\"elementor-element elementor-element-f478992 e-con-full e-flex e-con e-child\" data-id=\"f478992\" data-element_type=\"container\" data-e-type=\"container\" data-settings=\"{&quot;background_background&quot;:&quot;classic&quot;}\">\n\t\t\t\t<div class=\"elementor-element elementor-element-589ad5a elementor-widget elementor-widget-heading\" data-id=\"589ad5a\" data-element_type=\"widget\" data-e-type=\"widget\" data-widget_type=\"heading.default\">\n\t\t\t\t\t<div class=\"elementor-heading-title elementor-size-default\">Pogoj 2<\/div>\t\t\t\t<\/div>\n\t\t\t\t<\/div>\n\t\t\t\t<div class=\"elementor-element elementor-element-0871b55 elementor-widget elementor-widget-heading\" data-id=\"0871b55\" data-element_type=\"widget\" data-e-type=\"widget\" data-widget_type=\"heading.default\">\n\t\t\t\t\t<h3 class=\"elementor-heading-title elementor-size-default\">Naravne posebnosti povr\u0161ine in vlaga<\/h3>\t\t\t\t<\/div>\n\t\t\t\t<div class=\"elementor-element elementor-element-1172875 elementor-widget elementor-widget-text-editor\" data-id=\"1172875\" data-element_type=\"widget\" data-e-type=\"widget\" data-widget_type=\"text-editor.default\">\n\t\t\t\t\t\t\t\t\t<p class=\"p1\">Na\u0161i premazi ustvarjajo u\u010dinek imitacije zaklju\u010dne obdelave, zato so lahko po nanosu vidne naravne neravnine, razpoke ali sledi obdelave, kar se ne \u0161teje za napako. Mo\u017ena so odstopanja v barvi in teksturi, ki so zna\u010dilna za vsa dela s polimernimi sistemi. Prekomerna vlaga lahko povzro\u010di mehurjenje ali razslojevanje premaza. Po potrebi zagotovimo dodatno re\u0161itev z uporabo temeljnih premazov, parnih zapor ali vodoodbojnih sredstev Chemco.<\/p>\t\t\t\t\t\t\t\t<\/div>\n\t\t\t\t<\/div>\n\t\t<div class=\"elementor-element elementor-element-168c86b e-con-full e-flex e-con e-child\" data-id=\"168c86b\" data-element_type=\"container\" data-e-type=\"container\" data-settings=\"{&quot;background_background&quot;:&quot;classic&quot;}\">\n\t\t<div class=\"elementor-element elementor-element-1c80ee4 e-con-full e-flex e-con e-child\" data-id=\"1c80ee4\" data-element_type=\"container\" data-e-type=\"container\" data-settings=\"{&quot;background_background&quot;:&quot;classic&quot;}\">\n\t\t\t\t<div class=\"elementor-element elementor-element-aadf613 elementor-widget elementor-widget-heading\" data-id=\"aadf613\" data-element_type=\"widget\" data-e-type=\"widget\" data-widget_type=\"heading.default\">\n\t\t\t\t\t<div class=\"elementor-heading-title elementor-size-default\">Pogoj 3<\/div>\t\t\t\t<\/div>\n\t\t\t\t<\/div>\n\t\t\t\t<div class=\"elementor-element elementor-element-eebbfd4 elementor-widget elementor-widget-heading\" data-id=\"eebbfd4\" data-element_type=\"widget\" data-e-type=\"widget\" data-widget_type=\"heading.default\">\n\t\t\t\t\t<h3 class=\"elementor-heading-title elementor-size-default\">Izbira sistema in gradbena pripravljenost<\/h3>\t\t\t\t<\/div>\n\t\t\t\t<div class=\"elementor-element elementor-element-9caba55 elementor-widget elementor-widget-text-editor\" data-id=\"9caba55\" data-element_type=\"widget\" data-e-type=\"widget\" data-widget_type=\"text-editor.default\">\n\t\t\t\t\t\t\t\t\t<p class=\"p1\">Protizdrsni premazi se lahko uporabijo, vendar ne prevzemamo odgovornosti za padce na obdelanih povr\u0161inah. Izbira premaza in teksture ostaja na strani naro\u010dnika. Vsa gradbena dela, vklju\u010dno z dilatacijskimi fugami, odtoki, armaturo in cevovodi, morajo biti zaklju\u010dena pred nanosom premaza. Saniramo le manj\u0161e razpoke in luknje, brez spreminjanja geometrije tal; za ve\u010dje napake, ki zahtevajo dodatno oceno, ne odgovarjamo.<\/p>\t\t\t\t\t\t\t\t<\/div>\n\t\t\t\t<\/div>\n\t\t<div class=\"elementor-element elementor-element-7442b9d e-con-full e-flex e-con e-child\" data-id=\"7442b9d\" data-element_type=\"container\" data-e-type=\"container\" data-settings=\"{&quot;background_background&quot;:&quot;classic&quot;}\">\n\t\t<div class=\"elementor-element elementor-element-a81ceaa e-con-full e-flex e-con e-child\" data-id=\"a81ceaa\" data-element_type=\"container\" data-e-type=\"container\" data-settings=\"{&quot;background_background&quot;:&quot;classic&quot;}\">\n\t\t\t\t<div class=\"elementor-element elementor-element-6a57994 elementor-widget elementor-widget-heading\" data-id=\"6a57994\" data-element_type=\"widget\" data-e-type=\"widget\" data-widget_type=\"heading.default\">\n\t\t\t\t\t<div class=\"elementor-heading-title elementor-size-default\">Pogoj 4<\/div>\t\t\t\t<\/div>\n\t\t\t\t<\/div>\n\t\t\t\t<div class=\"elementor-element elementor-element-661a70b elementor-widget elementor-widget-heading\" data-id=\"661a70b\" data-element_type=\"widget\" data-e-type=\"widget\" data-widget_type=\"heading.default\">\n\t\t\t\t\t<h3 class=\"elementor-heading-title elementor-size-default\">Dostop, pogoji na objektu in odgovornost naro\u010dnika<\/h3>\t\t\t\t<\/div>\n\t\t\t\t<div class=\"elementor-element elementor-element-f39319f elementor-widget elementor-widget-text-editor\" data-id=\"f39319f\" data-element_type=\"widget\" data-e-type=\"widget\" data-widget_type=\"text-editor.default\">\n\t\t\t\t\t\t\t\t\t<p class=\"p1\">Mo\u017eni so naravni u\u010dinki, kot so mehur\u010dki, \u00bbribje oko\u00ab ali sledi poliranja, kar ni napaka premaza. Naro\u010dnik zagotovi osvetlitev, vodo, elektriko, varno shranjevanje materialov Chemco in dostop do objekta za na\u0161o monta\u017eno ekipo. Cena je navedena za enkratni nanos na celotni povr\u0161ini; ponovni prihodi ali prestavitve se obra\u010dunajo dodatno. Beton mora biti pred nanosom premaza suh in pometen. Vsake zamude zaradi naro\u010dnika, izvajalcev ali tretjih oseb se zara\u010dunajo posebej.<\/p>\t\t\t\t\t\t\t\t<\/div>\n\t\t\t\t<\/div>\n\t\t<div class=\"elementor-element elementor-element-2cfea86 e-con-full e-flex e-con e-child\" data-id=\"2cfea86\" data-element_type=\"container\" data-e-type=\"container\" data-settings=\"{&quot;background_background&quot;:&quot;classic&quot;}\">\n\t\t<div class=\"elementor-element elementor-element-a0c697b e-con-full e-flex e-con e-child\" data-id=\"a0c697b\" data-element_type=\"container\" data-e-type=\"container\" data-settings=\"{&quot;background_background&quot;:&quot;classic&quot;}\">\n\t\t\t\t<div class=\"elementor-element elementor-element-cdb79ab elementor-widget elementor-widget-heading\" data-id=\"cdb79ab\" data-element_type=\"widget\" data-e-type=\"widget\" data-widget_type=\"heading.default\">\n\t\t\t\t\t<div class=\"elementor-heading-title elementor-size-default\">Pogoj 5<\/div>\t\t\t\t<\/div>\n\t\t\t\t<\/div>\n\t\t\t\t<div class=\"elementor-element elementor-element-63bed99 elementor-widget elementor-widget-heading\" data-id=\"63bed99\" data-element_type=\"widget\" data-e-type=\"widget\" data-widget_type=\"heading.default\">\n\t\t\t\t\t<h3 class=\"elementor-heading-title elementor-size-default\">Dodatna dela, vremenski pogoji in sprejem pogojev<\/h3>\t\t\t\t<\/div>\n\t\t\t\t<div class=\"elementor-element elementor-element-f8b9194 elementor-widget elementor-widget-text-editor\" data-id=\"f8b9194\" data-element_type=\"widget\" data-e-type=\"widget\" data-widget_type=\"text-editor.default\">\n\t\t\t\t\t\t\t\t\t<p class=\"p1\">Fotografije in videoposnetki projekta se lahko uporabijo za dokumentacijo ali ogla\u0161evanje. Naro\u010dnik mora za\u0161\u010dititi premazane povr\u0161ine pred prometom, \u017eivalmi in sprinklerji do popolnega su\u0161enja. Vsi premi\u010dni predmeti morajo biti odstranjeni iz delovne cone pred za\u010detkom del. Dodatna dela in spremembe se pisno evidentirajo in uskladijo med obema stranema s prilagoditvijo cene po pogodbi. Dela se lahko za\u010dasno ustavijo v primeru de\u017eja, nizkih temperatur ali ekstremnih vremenskih razmer. Objekt mora biti pri nadzorovani temperaturi najmanj 14 dni pred nanosom premaza Chemco. Sprinklerji morajo biti izklju\u010deni 10 dni pred nanosom premaza in ostati izklju\u010deni 7 dni po njem. Ne odgovarjamo za posebne, posredne ali posledi\u010dne izgube. Sprejem ponudbe Chemco pomeni soglasje s pogoji in garancijami.<\/p><div id=\"mttContainer\" class=\"notranslate\" style=\"transform: translate(162px, 9px);\" aria-expanded=\"false\"><div id=\"tippy-1\" style=\"z-index: 100000200; visibility: hidden; position: absolute; inset: auto auto 0px 0px; margin: 0px; transform: translate3d(385px, -20px, 0px);\" data-tippy-root=\"\"><div class=\"tippy-box\" style=\"max-width: 350px; transition-duration: 250ms;\" tabindex=\"-1\" role=\"mtttooltip\" data-state=\"hidden\" data-theme=\"custom\" data-animation=\"fade\" data-placement=\"top\" data-escaped=\"\"><div class=\"tippy-content\" style=\"transition-duration: 250ms;\" data-state=\"hidden\"><span dir=\"ltr\">\u0424\u043e\u0442\u043e\u0433\u0440\u0430\u0444\u0438\u0438 \u0438 \u0432\u0438\u0434\u0435\u043e \u043f\u0440\u043e\u0435\u043a\u0442\u0430 \u043c\u043e\u0433\u0443\u0442 \u0431\u044b\u0442\u044c \u0438\u0441\u043f\u043e\u043b\u044c\u0437\u043e\u0432\u0430\u043d\u044b \u0432 \u0434\u043e\u043a\u0443\u043c\u0435\u043d\u0442\u0430\u0446\u0438\u0438 \u0438\u043b\u0438 \u0440\u0435\u043a\u043b\u0430\u043c\u0435. \u041a\u043b\u0438\u0435\u043d\u0442 \u0434\u043e\u043b\u0436\u0435\u043d \u0437\u0430\u0449\u0438\u0449\u0430\u0442\u044c \u043f\u043e\u043a\u0440\u044b\u0442\u044b\u0435 \u043f\u043e\u0432\u0435\u0440\u0445\u043d\u043e\u0441\u0442\u0438 \u043e\u0442 \u0434\u0432\u0438\u0436\u0435\u043d\u0438\u044f \u0442\u0440\u0430\u043d\u0441\u043f\u043e\u0440\u0442\u0430, \u0436\u0438\u0432\u043e\u0442\u043d\u044b\u0445 \u0438 \u0440\u0430\u0437\u0431\u0440\u044b\u0437\u0433\u0438\u0432\u0430\u0442\u0435\u043b\u0435\u0439 \u0434\u043e \u043f\u043e\u043b\u043d\u043e\u0433\u043e \u0432\u044b\u0441\u044b\u0445\u0430\u043d\u0438\u044f. \u041f\u0435\u0440\u0435\u0434 \u043d\u0430\u0447\u0430\u043b\u043e\u043c \u0440\u0430\u0431\u043e\u0442\u044b \u0432\u0441\u0435 \u043f\u043e\u0434\u0432\u0438\u0436\u043d\u044b\u0435 \u043f\u0440\u0435\u0434\u043c\u0435\u0442\u044b \u0434\u043e\u043b\u0436\u043d\u044b \u0431\u044b\u0442\u044c \u0443\u0434\u0430\u043b\u0435\u043d\u044b \u0438\u0437 \u0440\u0430\u0431\u043e\u0447\u0435\u0439 \u0437\u043e\u043d\u044b. \u0414\u043e\u043f\u043e\u043b\u043d\u0438\u0442\u0435\u043b\u044c\u043d\u044b\u0435 \u0440\u0430\u0431\u043e\u0442\u044b \u0438 \u0438\u0437\u043c\u0435\u043d\u0435\u043d\u0438\u044f \u0444\u0438\u043a\u0441\u0438\u0440\u0443\u044e\u0442\u0441\u044f \u0432 \u043f\u0438\u0441\u044c\u043c\u0435\u043d\u043d\u043e\u0439 \u0444\u043e\u0440\u043c\u0435 \u0438 \u0441\u043e\u0433\u043b\u0430\u0441\u043e\u0432\u044b\u0432\u0430\u044e\u0442\u0441\u044f \u043c\u0435\u0436\u0434\u0443 \u0434\u0432\u0443\u043c\u044f \u0441\u0442\u043e\u0440\u043e\u043d\u0430\u043c\u0438 \u043f\u0443\u0442\u0435\u043c \u043a\u043e\u0440\u0440\u0435\u043a\u0442\u0438\u0440\u043e\u0432\u043a\u0438 \u0446\u0435\u043d\u044b \u0432 \u0441\u043e\u043e\u0442\u0432\u0435\u0442\u0441\u0442\u0432\u0438\u0438 \u0441 \u0434\u043e\u0433\u043e\u0432\u043e\u0440\u043e\u043c. \u0420\u0430\u0431\u043e\u0442\u044b \u043c\u043e\u0433\u0443\u0442 \u0431\u044b\u0442\u044c \u0432\u0440\u0435\u043c\u0435\u043d\u043d\u043e \u043f\u0440\u0438\u043e\u0441\u0442\u0430\u043d\u043e\u0432\u043b\u0435\u043d\u044b \u0432 \u0441\u043b\u0443\u0447\u0430\u0435 \u0434\u043e\u0436\u0434\u044f, \u043d\u0438\u0437\u043a\u0438\u0445 \u0442\u0435\u043c\u043f\u0435\u0440\u0430\u0442\u0443\u0440 \u0438\u043b\u0438 \u044d\u043a\u0441\u0442\u0440\u0435\u043c\u0430\u043b\u044c\u043d\u044b\u0445 \u043f\u043e\u0433\u043e\u0434\u043d\u044b\u0445 \u0443\u0441\u043b\u043e\u0432\u0438\u0439. \u041f\u0435\u0440\u0435\u0434 \u043d\u0430\u043d\u0435\u0441\u0435\u043d\u0438\u0435\u043c \u043f\u043e\u043a\u0440\u044b\u0442\u0438\u044f Chemco \u043d\u0430 \u043f\u0440\u0435\u0434\u043f\u0440\u0438\u044f\u0442\u0438\u0438 \u0434\u043e\u043b\u0436\u043d\u0430 \u043d\u0430\u0445\u043e\u0434\u0438\u0442\u044c\u0441\u044f \u043a\u043e\u043d\u0442\u0440\u043e\u043b\u0438\u0440\u0443\u0435\u043c\u0430\u044f \u0442\u0435\u043c\u043f\u0435\u0440\u0430\u0442\u0443\u0440\u0430 \u0432 \u0442\u0435\u0447\u0435\u043d\u0438\u0435 \u043a\u0430\u043a \u043c\u0438\u043d\u0438\u043c\u0443\u043c 14 \u0434\u043d\u0435\u0439. \u0421\u043f\u0440\u0438\u043d\u043a\u043b\u0435\u0440\u044b \u043d\u0435\u043e\u0431\u0445\u043e\u0434\u0438\u043c\u043e \u0432\u044b\u043a\u043b\u044e\u0447\u0438\u0442\u044c \u0437\u0430 10 \u0434\u043d\u0435\u0439 \u0434\u043e \u043d\u0430\u043d\u0435\u0441\u0435\u043d\u0438\u044f \u043f\u043e\u043a\u0440\u044b\u0442\u0438\u044f \u0438 \u043e\u0441\u0442\u0430\u0432\u0438\u0442\u044c \u0432\u044b\u043a\u043b\u044e\u0447\u0435\u043d\u043d\u044b\u043c\u0438 \u0432 \u0442\u0435\u0447\u0435\u043d\u0438\u0435 7 \u0434\u043d\u0435\u0439 \u043f\u043e\u0441\u043b\u0435 \u044d\u0442\u043e\u0433\u043e. \u041c\u044b \u043d\u0435 \u043d\u0435\u0441\u0435\u043c \u043e\u0442\u0432\u0435\u0442\u0441\u0442\u0432\u0435\u043d\u043d\u043e\u0441\u0442\u0438 \u0437\u0430 \u043e\u0441\u043e\u0431\u044b\u0435, \u043a\u043e\u0441\u0432\u0435\u043d\u043d\u044b\u0435 \u0438\u043b\u0438 \u043a\u043e\u0441\u0432\u0435\u043d\u043d\u044b\u0435 \u0443\u0431\u044b\u0442\u043a\u0438. \u041f\u0440\u0438\u043d\u044f\u0442\u0438\u0435 \u043f\u0440\u0435\u0434\u043b\u043e\u0436\u0435\u043d\u0438\u044f Chemco \u043e\u0437\u043d\u0430\u0447\u0430\u0435\u0442 \u043f\u0440\u0438\u043d\u044f\u0442\u0438\u0435 \u0443\u0441\u043b\u043e\u0432\u0438\u0439 \u0438 \u0433\u0430\u0440\u0430\u043d\u0442\u0438\u0439.<\/span><\/div><div class=\"tippy-arrow\" style=\"position: absolute; left: 0px; transform: translate3d(106px, 0px, 0px);\">\u00a0<\/div><\/div><\/div><\/div>\t\t\t\t\t\t\t\t<\/div>\n\t\t\t\t<\/div>\n\t\t\t\t<\/div>\n\t\t<div class=\"elementor-element elementor-element-d681954 e-con-full e-flex e-con e-child\" data-id=\"d681954\" data-element_type=\"container\" data-e-type=\"container\">\n\t\t\t\t<div class=\"elementor-element elementor-element-8fde9ae elementor-widget elementor-widget-button\" data-id=\"8fde9ae\" data-element_type=\"widget\" data-e-type=\"widget\" data-widget_type=\"button.default\">\n\t\t\t\t\t\t\t\t\t\t<a class=\"elementor-button elementor-button-link elementor-size-sm\" href=\"#\">\n\t\t\t\t\t\t<span class=\"elementor-button-content-wrapper\">\n\t\t\t\t\t\t\t\t\t<span class=\"elementor-button-text\">Brezpla\u010dna konzultacija<\/span>\n\t\t\t\t\t<\/span>\n\t\t\t\t\t<\/a>\n\t\t\t\t\t\t\t\t<\/div>\n\t\t\t\t<\/div>\n\t\t\t\t<\/div>\n\t\t\t\t\t<\/div>\n\t\t\t\t<\/div>\n\t\t\t\t<\/div>","protected":false},"excerpt":{"rendered":"<p>Pogoji prodaje Klju\u010dni pogoji za pripravo objekta, izvedbo del in sodelovanje Ta stran povzema pogoje, ki dolo\u010dajo pripravo podlage, organizacijo objekta, tehni\u010dne omejitve, odgovornost naro\u010dnika in osnovna pravila sodelovanja pri izvedbi sistemov Chemco. \u041d\u0430 \u044d\u0442\u043e\u0439 \u0441\u0442\u0440\u0430\u043d\u0438\u0446\u0435 \u0441\u043e\u0431\u0440\u0430\u043d\u044b \u0443\u0441\u043b\u043e\u0432\u0438\u044f, \u043e\u043f\u0440\u0435\u0434\u0435\u043b\u044f\u044e\u0449\u0438\u0435 \u043f\u043e\u0434\u0433\u043e\u0442\u043e\u0432\u043a\u0443 \u0431\u0430\u0437\u044b, \u043e\u0440\u0433\u0430\u043d\u0438\u0437\u0430\u0446\u0438\u044e \u043e\u0431\u044a\u0435\u043a\u0442\u0430, \u0442\u0435\u0445\u043d\u0438\u0447\u0435\u0441\u043a\u0438\u0435 \u043e\u0433\u0440\u0430\u043d\u0438\u0447\u0435\u043d\u0438\u044f, \u043e\u0442\u0432\u0435\u0442\u0441\u0442\u0432\u0435\u043d\u043d\u043e\u0441\u0442\u044c \u043a\u043b\u0438\u0435\u043d\u0442\u0430 \u0438 \u043e\u0441\u043d\u043e\u0432\u043d\u044b\u0435 \u043f\u0440\u0430\u0432\u0438\u043b\u0430 \u0441\u043e\u0442\u0440\u0443\u0434\u043d\u0438\u0447\u0435\u0441\u0442\u0432\u0430 \u043f\u0440\u0438 \u0432\u043d\u0435\u0434\u0440\u0435\u043d\u0438\u0438 \u0441\u0438\u0441\u0442\u0435\u043c Chemco.\u00a0&#8230;<\/p>","protected":false},"author":1,"featured_media":0,"parent":0,"menu_order":0,"comment_status":"closed","ping_status":"closed","template":"","meta":{"_kad_post_transparent":"","_kad_post_title":"hide","_kad_post_layout":"fullwidth","_kad_post_sidebar_id":"","_kad_post_content_style":"unboxed","_kad_post_vertical_padding":"hide","_kad_post_feature":"hide","_kad_post_feature_position":"","_kad_post_header":false,"_kad_post_footer":false,"_kad_post_classname":"","footnotes":""},"class_list":["post-910","page","type-page","status-publish","hentry"],"_links":{"self":[{"href":"https:\/\/epoxyexpert.si\/en\/wp-json\/wp\/v2\/pages\/910","targetHints":{"allow":["GET"]}}],"collection":[{"href":"https:\/\/epoxyexpert.si\/en\/wp-json\/wp\/v2\/pages"}],"about":[{"href":"https:\/\/epoxyexpert.si\/en\/wp-json\/wp\/v2\/types\/page"}],"author":[{"embeddable":true,"href":"https:\/\/epoxyexpert.si\/en\/wp-json\/wp\/v2\/users\/1"}],"replies":[{"embeddable":true,"href":"https:\/\/epoxyexpert.si\/en\/wp-json\/wp\/v2\/comments?post=910"}],"version-history":[{"count":40,"href":"https:\/\/epoxyexpert.si\/en\/wp-json\/wp\/v2\/pages\/910\/revisions"}],"predecessor-version":[{"id":1081,"href":"https:\/\/epoxyexpert.si\/en\/wp-json\/wp\/v2\/pages\/910\/revisions\/1081"}],"wp:attachment":[{"href":"https:\/\/epoxyexpert.si\/en\/wp-json\/wp\/v2\/media?parent=910"}],"curies":[{"name":"wp","href":"https:\/\/api.w.org\/{rel}","templated":true}]}}