{"id":1441,"date":"2026-03-26T21:27:25","date_gmt":"2026-03-26T20:27:25","guid":{"rendered":"https:\/\/epoxyexpert.si\/?page_id=1441"},"modified":"2026-04-06T13:10:46","modified_gmt":"2026-04-06T11:10:46","slug":"zakljucna-gradbena-dela","status":"publish","type":"page","link":"https:\/\/epoxyexpert.si\/en\/zakljucna-gradbena-dela\/","title":{"rendered":"Zaklju\u010dna gradbena dela"},"content":{"rendered":"\t\t<div data-elementor-type=\"wp-page\" data-elementor-id=\"1441\" class=\"elementor elementor-1441\">\n\t\t\t\t<div class=\"elementor-element elementor-element-3099c30 e-flex e-con-boxed e-con e-parent\" data-id=\"3099c30\" data-element_type=\"container\" data-e-type=\"container\" data-settings=\"{&quot;background_background&quot;:&quot;classic&quot;}\">\n\t\t\t\t\t<div class=\"e-con-inner\">\n\t\t<div class=\"elementor-element elementor-element-7c3230a e-con-full e-flex e-con e-child\" data-id=\"7c3230a\" data-element_type=\"container\" data-e-type=\"container\" data-settings=\"{&quot;background_background&quot;:&quot;classic&quot;}\">\n\t\t<div class=\"elementor-element elementor-element-665b1dd e-con-full e-flex e-con e-child\" data-id=\"665b1dd\" data-element_type=\"container\" data-e-type=\"container\">\n\t\t<div class=\"elementor-element elementor-element-77ef636 e-con-full e-flex e-con e-child\" data-id=\"77ef636\" data-element_type=\"container\" data-e-type=\"container\" data-settings=\"{&quot;background_background&quot;:&quot;classic&quot;}\">\n\t\t\t\t<div class=\"elementor-element elementor-element-9dc4ff2 elementor-widget elementor-widget-heading\" data-id=\"9dc4ff2\" data-element_type=\"widget\" data-e-type=\"widget\" data-widget_type=\"heading.default\">\n\t\t\t\t\t<div class=\"elementor-heading-title elementor-size-default\">Storitve<\/div>\t\t\t\t<\/div>\n\t\t\t\t<\/div>\n\t\t\t\t<div class=\"elementor-element elementor-element-82acc8d elementor-widget-tablet__width-initial elementor-widget elementor-widget-heading\" data-id=\"82acc8d\" data-element_type=\"widget\" data-e-type=\"widget\" data-widget_type=\"heading.default\">\n\t\t\t\t\t<div class=\"elementor-heading-title elementor-size-default\">Zaklju\u010dna gradbena dela<\/div>\t\t\t\t<\/div>\n\t\t\t\t<div class=\"elementor-element elementor-element-905bc2a elementor-widget-tablet__width-initial elementor-widget-mobile__width-initial elementor-widget elementor-widget-text-editor\" data-id=\"905bc2a\" data-element_type=\"widget\" data-e-type=\"widget\" data-widget_type=\"text-editor.default\">\n\t\t\t\t\t\t\t\t\t<p class=\"p1\">Profesionalna zaklju\u010dna dela za funkcionalen, trajen in estetsko dovr\u0161en objekt.<\/p>\t\t\t\t\t\t\t\t<\/div>\n\t\t\t\t<\/div>\n\t\t\t\t<\/div>\n\t\t\t\t\t<\/div>\n\t\t\t\t<\/div>\n\t\t<div class=\"elementor-element elementor-element-7b8ff0b e-flex e-con-boxed e-con e-parent\" data-id=\"7b8ff0b\" data-element_type=\"container\" data-e-type=\"container\" data-settings=\"{&quot;background_background&quot;:&quot;classic&quot;}\">\n\t\t\t\t\t<div class=\"e-con-inner\">\n\t\t<div class=\"elementor-element elementor-element-17dbc7d e-con-full e-flex e-con e-child\" data-id=\"17dbc7d\" data-element_type=\"container\" data-e-type=\"container\" data-settings=\"{&quot;background_background&quot;:&quot;classic&quot;}\">\n\t\t<div class=\"elementor-element elementor-element-8f8a083 e-con-full e-flex e-con e-child\" data-id=\"8f8a083\" data-element_type=\"container\" data-e-type=\"container\" data-settings=\"{&quot;background_background&quot;:&quot;classic&quot;}\">\n\t\t<div class=\"elementor-element elementor-element-ce12ffd e-con-full e-flex e-con e-child\" data-id=\"ce12ffd\" data-element_type=\"container\" data-e-type=\"container\" data-settings=\"{&quot;background_background&quot;:&quot;classic&quot;}\">\n\t\t<div class=\"elementor-element elementor-element-f8f1158 e-con-full e-flex e-con e-child\" data-id=\"f8f1158\" data-element_type=\"container\" data-e-type=\"container\" data-settings=\"{&quot;background_background&quot;:&quot;classic&quot;}\">\n\t\t<div class=\"elementor-element elementor-element-240eb03 e-con-full e-flex e-con e-child\" data-id=\"240eb03\" data-element_type=\"container\" data-e-type=\"container\">\n\t\t<div class=\"elementor-element elementor-element-fb0899e e-con-full e-flex e-con e-child\" data-id=\"fb0899e\" data-element_type=\"container\" data-e-type=\"container\">\n\t\t\t\t<div class=\"elementor-element elementor-element-b157d02 elementor-widget__width-initial elementor-widget elementor-widget-text-editor\" data-id=\"b157d02\" data-element_type=\"widget\" data-e-type=\"widget\" data-widget_type=\"text-editor.default\">\n\t\t\t\t\t\t\t\t\t<p class=\"p1\">Podjetje Epoxy Expert izvaja profesionalna zaklju\u010dna gradbena dela, ki objektu zagotavljajo funkcionalnost, trajnost in estetsko dovr\u0161en videz. Na\u0161a osnova so tehni\u010dna natan\u010dnost, kakovostni materiali in spo\u0161tovanje evropskih standardov.<\/p>\t\t\t\t\t\t\t\t<\/div>\n\t\t<div class=\"elementor-element elementor-element-f1e77e5 e-con-full e-flex e-con e-child\" data-id=\"f1e77e5\" data-element_type=\"container\" data-e-type=\"container\">\n\t\t<div class=\"elementor-element elementor-element-87bdbb7 e-con-full e-flex e-con e-child\" data-id=\"87bdbb7\" data-element_type=\"container\" data-e-type=\"container\" data-settings=\"{&quot;background_background&quot;:&quot;classic&quot;}\">\n\t\t\t\t<div class=\"elementor-element elementor-element-34235ac elementor-widget elementor-widget-heading\" data-id=\"34235ac\" data-element_type=\"widget\" data-e-type=\"widget\" data-widget_type=\"heading.default\">\n\t\t\t\t\t<h3 class=\"elementor-heading-title elementor-size-default\">Kaj vklju\u010duje storitev<\/h3>\t\t\t\t<\/div>\n\t\t\t\t<div class=\"elementor-element elementor-element-ae11720 elementor-widget elementor-widget-text-editor\" data-id=\"ae11720\" data-element_type=\"widget\" data-e-type=\"widget\" data-widget_type=\"text-editor.default\">\n\t\t\t\t\t\t\t\t\t<p>Izvajamo zaklju\u010dna gradbena dela za stanovanjske, komercialne in druge objekte ter skrbimo za natan\u010dno izvedbo, kakovost materialov in urejen kon\u010dni videz.<\/p>\t\t\t\t\t\t\t\t<\/div>\n\t\t\t\t<div class=\"elementor-element elementor-element-09bf171 elementor-widget elementor-widget-text-editor\" data-id=\"09bf171\" data-element_type=\"widget\" data-e-type=\"widget\" data-widget_type=\"text-editor.default\">\n\t\t\t\t\t\t\t\t\t<div class=\"flex items-start gap-3\" data-source-pos=\"80:18-83:24\" data-source-name=\"div\"><div class=\"flex items-start gap-3\" data-source-pos=\"81:18-84:24\" data-source-name=\"div\"><span class=\"mt-1 text-[#2f6d49] font-bold\" data-source-pos=\"82:20-82:76\" data-source-name=\"span\">\u2714 <\/span><span data-source-pos=\"83:20-83:39\" data-source-name=\"span\">priprava podlag<br \/><\/span><\/div><div class=\"flex items-start gap-3\" data-source-pos=\"81:18-84:24\" data-source-name=\"div\"><span class=\"mt-1 text-[#2f6d49] font-bold\" data-source-pos=\"82:20-82:76\" data-source-name=\"span\">\u2714 <\/span><span data-source-pos=\"83:20-83:39\" data-source-name=\"span\">polaganje keramike in kamna<br \/><\/span><\/div><div class=\"flex items-start gap-3\" data-source-pos=\"81:18-84:24\" data-source-name=\"div\"><span class=\"mt-1 text-[#2f6d49] font-bold\" data-source-pos=\"82:20-82:76\" data-source-name=\"span\">\u2714 <\/span><span data-source-pos=\"83:20-83:39\" data-source-name=\"span\">vodovodna dela<br \/><\/span><\/div><div class=\"flex items-start gap-3\" data-source-pos=\"81:18-84:24\" data-source-name=\"div\"><span class=\"mt-1 text-[#2f6d49] font-bold\" data-source-pos=\"82:20-82:76\" data-source-name=\"span\">\u2714 <\/span><span data-source-pos=\"83:20-83:39\" data-source-name=\"span\">slikopleskarska in za\u0161\u010ditna dela<br \/><\/span><\/div><div class=\"flex items-start gap-3\" data-source-pos=\"81:18-84:24\" data-source-name=\"div\"><span class=\"mt-1 text-[#2f6d49] font-bold\" data-source-pos=\"82:20-82:76\" data-source-name=\"span\">\u2714 <\/span><span data-source-pos=\"83:20-83:39\" data-source-name=\"span\">rekonstrukcija in obnova objektov<br \/><\/span><\/div><div class=\"flex items-start gap-3\" data-source-pos=\"81:18-84:24\" data-source-name=\"div\"><span class=\"mt-1 text-[#2f6d49] font-bold\" data-source-pos=\"82:20-82:76\" data-source-name=\"span\">\u2714 <\/span><span data-source-pos=\"83:20-83:39\" data-source-name=\"span\">druga dela po dogovoru<\/span><\/div><\/div>\t\t\t\t\t\t\t\t<\/div>\n\t\t<div class=\"elementor-element elementor-element-266a9aa e-con-full e-flex e-con e-child\" data-id=\"266a9aa\" data-element_type=\"container\" data-e-type=\"container\">\n\t\t\t\t<div class=\"elementor-element elementor-element-3828a33 elementor-widget elementor-widget-button\" data-id=\"3828a33\" data-element_type=\"widget\" data-e-type=\"widget\" data-widget_type=\"button.default\">\n\t\t\t\t\t\t\t\t\t\t<a class=\"elementor-button elementor-button-link elementor-size-sm\" href=\"https:\/\/epoxyexpert.si\/kontakt\/\">\n\t\t\t\t\t\t<span class=\"elementor-button-content-wrapper\">\n\t\t\t\t\t\t\t\t\t<span class=\"elementor-button-text\">Po\u0161ljite povpra\u0161evanje<\/span>\n\t\t\t\t\t<\/span>\n\t\t\t\t\t<\/a>\n\t\t\t\t\t\t\t\t<\/div>\n\t\t\t\t<\/div>\n\t\t\t\t<\/div>\n\t\t<div class=\"elementor-element elementor-element-db82534 e-con-full e-flex e-con e-child\" data-id=\"db82534\" data-element_type=\"container\" data-e-type=\"container\" data-settings=\"{&quot;background_background&quot;:&quot;classic&quot;}\">\n\t\t\t\t\t\t\t\n\t\t<img class=\"e-image-base e-bfa0383-2f204aa\" \n\t\t\t\t\tdata-interaction-id=\"bfa0383\" \n\t\t \n\t\t \n\t\t\t\t\t\t\t\t\tid=\"1863\"\n\t\t\t\t\t\t\t\t\t\t\t\tsrc=\"https:\/\/epoxyexpert.si\/wp-content\/uploads\/2026\/04\/87C470A5-640E-49D9-A1EB-C5A7F849701A.png\"\n\t\t\t\t\t\t\t\t\t\t\t\twidth=\"1536\"\n\t\t\t\t\t\t\t\t\t\t\t\theight=\"1024\"\n\t\t\t\t\t\t\t\t\t\t\t\tsrcset=\"https:\/\/epoxyexpert.si\/wp-content\/uploads\/2026\/04\/87C470A5-640E-49D9-A1EB-C5A7F849701A.png 1536w, https:\/\/epoxyexpert.si\/wp-content\/uploads\/2026\/04\/87C470A5-640E-49D9-A1EB-C5A7F849701A-300x200.png 300w, https:\/\/epoxyexpert.si\/wp-content\/uploads\/2026\/04\/87C470A5-640E-49D9-A1EB-C5A7F849701A-1024x683.png 1024w, https:\/\/epoxyexpert.si\/wp-content\/uploads\/2026\/04\/87C470A5-640E-49D9-A1EB-C5A7F849701A-768x512.png 768w, https:\/\/epoxyexpert.si\/wp-content\/uploads\/2026\/04\/87C470A5-640E-49D9-A1EB-C5A7F849701A-18x12.png 18w\"\n\t\t\t\t\t\t\t\t\t\t\t\talt=\"\"\n\t\t\t\t\t\t\/>\n\t\t\t\t\t<\/div>\n\t\t\t\t<\/div>\n\t\t<div class=\"elementor-element elementor-element-a53bf37 e-con-full e-flex e-con e-child\" data-id=\"a53bf37\" data-element_type=\"container\" data-e-type=\"container\">\n\t\t<div class=\"elementor-element elementor-element-8986a44 e-con-full e-flex e-con e-child\" data-id=\"8986a44\" data-element_type=\"container\" data-e-type=\"container\" data-settings=\"{&quot;background_background&quot;:&quot;classic&quot;}\">\n\t\t\t\t<div class=\"elementor-element elementor-element-2510498 elementor-widget elementor-widget-heading\" data-id=\"2510498\" data-element_type=\"widget\" data-e-type=\"widget\" data-widget_type=\"heading.default\">\n\t\t\t\t\t<h3 class=\"elementor-heading-title elementor-size-default\">Natan\u010dna izvedba<\/h3>\t\t\t\t<\/div>\n\t\t\t\t<div class=\"elementor-element elementor-element-dbeabc7 elementor-widget elementor-widget-text-editor\" data-id=\"dbeabc7\" data-element_type=\"widget\" data-e-type=\"widget\" data-widget_type=\"text-editor.default\">\n\t\t\t\t\t\t\t\t\t<p>Poskrbimo za tehni\u010dno pravilno izvedbo posameznih faz del, usklajenost materialov in kakovosten zaklju\u010dek, ki objektu daje urejen in profesionalen videz.<\/p>\t\t\t\t\t\t\t\t<\/div>\n\t\t\t\t<\/div>\n\t\t<div class=\"elementor-element elementor-element-22f93cd e-con-full e-flex e-con e-child\" data-id=\"22f93cd\" data-element_type=\"container\" data-e-type=\"container\" data-settings=\"{&quot;background_background&quot;:&quot;classic&quot;}\">\n\t\t\t\t<div class=\"elementor-element elementor-element-0c57258 elementor-widget elementor-widget-heading\" data-id=\"0c57258\" data-element_type=\"widget\" data-e-type=\"widget\" data-widget_type=\"heading.default\">\n\t\t\t\t\t<h3 class=\"elementor-heading-title elementor-size-default\">Kakovost in zanesljivost<\/h3>\t\t\t\t<\/div>\n\t\t\t\t<div class=\"elementor-element elementor-element-75439ed elementor-widget elementor-widget-text-editor\" data-id=\"75439ed\" data-element_type=\"widget\" data-e-type=\"widget\" data-widget_type=\"text-editor.default\">\n\t\t\t\t\t\t\t\t\t<p>Epoxy Expert pomeni profesionalno izvedbo, neposredno dobavo polimernih sistemov iz tovarne, zanesljivo nem\u0161ko tehnologijo, preverjene materiale in transparentne pogoje sodelovanja.<\/p>\t\t\t\t\t\t\t\t<\/div>\n\t\t\t\t<\/div>\n\t\t\t\t<\/div>\n\t\t\t\t<\/div>\n\t\t<div class=\"elementor-element elementor-element-93cf41b e-con-full e-flex e-con e-child\" data-id=\"93cf41b\" data-element_type=\"container\" data-e-type=\"container\" data-settings=\"{&quot;background_background&quot;:&quot;classic&quot;}\">\n\t\t\t\t<div class=\"elementor-element elementor-element-32a41a2 elementor-widget elementor-widget-heading\" data-id=\"32a41a2\" data-element_type=\"widget\" data-e-type=\"widget\" data-widget_type=\"heading.default\">\n\t\t\t\t\t<h3 class=\"elementor-heading-title elementor-size-default\">Zaklju\u010dna gradbena dela, izvedena natan\u010dno, kakovostno in po evropskih standardih.<\/h3>\t\t\t\t<\/div>\n\t\t\t\t<div class=\"elementor-element elementor-element-d5e3586 elementor-widget elementor-widget-text-editor\" data-id=\"d5e3586\" data-element_type=\"widget\" data-e-type=\"widget\" data-widget_type=\"text-editor.default\">\n\t\t\t\t\t\t\t\t\t<p>Po\u0161ljite povpra\u0161evanje in pripravili bomo ustrezno re\u0161itev za va\u0161 objekt, obseg del in zahtevano izvedbo.<\/p>\t\t\t\t\t\t\t\t<\/div>\n\t\t<div class=\"elementor-element elementor-element-a8bab1e e-con-full e-flex e-con e-child\" data-id=\"a8bab1e\" data-element_type=\"container\" data-e-type=\"container\">\n\t\t\t\t<div class=\"elementor-element elementor-element-eb9e482 elementor-widget elementor-widget-button\" data-id=\"eb9e482\" data-element_type=\"widget\" data-e-type=\"widget\" data-widget_type=\"button.default\">\n\t\t\t\t\t\t\t\t\t\t<a class=\"elementor-button elementor-button-link elementor-size-sm\" href=\"https:\/\/epoxyexpert.si\/kontakt\/\">\n\t\t\t\t\t\t<span class=\"elementor-button-content-wrapper\">\n\t\t\t\t\t\t\t\t\t<span class=\"elementor-button-text\">Po\u0161ljite povpra\u0161evanje<\/span>\n\t\t\t\t\t<\/span>\n\t\t\t\t\t<\/a>\n\t\t\t\t\t\t\t\t<\/div>\n\t\t\t\t<div class=\"elementor-element elementor-element-ceda50f elementor-widget elementor-widget-button\" data-id=\"ceda50f\" data-element_type=\"widget\" data-e-type=\"widget\" data-widget_type=\"button.default\">\n\t\t\t\t\t\t\t\t\t\t<a class=\"elementor-button elementor-button-link elementor-size-sm\" href=\"https:\/\/epoxyexpert.si\/kontakt\/\">\n\t\t\t\t\t\t<span class=\"elementor-button-content-wrapper\">\n\t\t\t\t\t\t\t\t\t<span class=\"elementor-button-text\">Kontakt<\/span>\n\t\t\t\t\t<\/span>\n\t\t\t\t\t<\/a>\n\t\t\t\t\t\t\t\t<\/div>\n\t\t\t\t<\/div>\n\t\t\t\t<\/div>\n\t\t\t\t<\/div>\n\t\t\t\t<\/div>\n\t\t\t\t<\/div>\n\t\t\t\t<\/div>\n\t\t\t\t<\/div>\n\t\t\t\t\t<\/div>\n\t\t\t\t<\/div>\n\t\t\t\t<\/div>\n\t\t","protected":false},"excerpt":{"rendered":"<p>Storitve Zaklju\u010dna gradbena dela Profesionalna zaklju\u010dna dela za funkcionalen, trajen in estetsko dovr\u0161en objekt. Podjetje Epoxy Expert izvaja profesionalna zaklju\u010dna gradbena dela, ki objektu zagotavljajo funkcionalnost, trajnost in estetsko dovr\u0161en videz. Na\u0161a osnova so tehni\u010dna natan\u010dnost, kakovostni materiali in spo\u0161tovanje evropskih standardov. Kaj vklju\u010duje storitev Izvajamo zaklju\u010dna gradbena dela za stanovanjske, komercialne in druge objekte&#8230;<\/p>","protected":false},"author":1,"featured_media":0,"parent":0,"menu_order":0,"comment_status":"closed","ping_status":"closed","template":"","meta":{"_kad_post_transparent":"","_kad_post_title":"hide","_kad_post_layout":"fullwidth","_kad_post_sidebar_id":"","_kad_post_content_style":"unboxed","_kad_post_vertical_padding":"hide","_kad_post_feature":"hide","_kad_post_feature_position":"","_kad_post_header":false,"_kad_post_footer":false,"_kad_post_classname":"","footnotes":""},"class_list":["post-1441","page","type-page","status-publish","hentry"],"_links":{"self":[{"href":"https:\/\/epoxyexpert.si\/en\/wp-json\/wp\/v2\/pages\/1441","targetHints":{"allow":["GET"]}}],"collection":[{"href":"https:\/\/epoxyexpert.si\/en\/wp-json\/wp\/v2\/pages"}],"about":[{"href":"https:\/\/epoxyexpert.si\/en\/wp-json\/wp\/v2\/types\/page"}],"author":[{"embeddable":true,"href":"https:\/\/epoxyexpert.si\/en\/wp-json\/wp\/v2\/users\/1"}],"replies":[{"embeddable":true,"href":"https:\/\/epoxyexpert.si\/en\/wp-json\/wp\/v2\/comments?post=1441"}],"version-history":[{"count":25,"href":"https:\/\/epoxyexpert.si\/en\/wp-json\/wp\/v2\/pages\/1441\/revisions"}],"predecessor-version":[{"id":1923,"href":"https:\/\/epoxyexpert.si\/en\/wp-json\/wp\/v2\/pages\/1441\/revisions\/1923"}],"wp:attachment":[{"href":"https:\/\/epoxyexpert.si\/en\/wp-json\/wp\/v2\/media?parent=1441"}],"curies":[{"name":"wp","href":"https:\/\/api.w.org\/{rel}","templated":true}]}}