{"id":1439,"date":"2026-03-26T21:27:05","date_gmt":"2026-03-26T20:27:05","guid":{"rendered":"https:\/\/epoxyexpert.si\/?page_id=1439"},"modified":"2026-04-06T13:16:27","modified_gmt":"2026-04-06T11:16:27","slug":"tehnicno-spremljanje","status":"publish","type":"page","link":"https:\/\/epoxyexpert.si\/en\/tehnicno-spremljanje\/","title":{"rendered":"Tehni\u010dno spremljanje"},"content":{"rendered":"\t\t<div data-elementor-type=\"wp-page\" data-elementor-id=\"1439\" class=\"elementor elementor-1439\">\n\t\t\t\t<div class=\"elementor-element elementor-element-afd4d9b e-flex e-con-boxed e-con e-parent\" data-id=\"afd4d9b\" data-element_type=\"container\" data-e-type=\"container\" data-settings=\"{&quot;background_background&quot;:&quot;classic&quot;}\">\n\t\t\t\t\t<div class=\"e-con-inner\">\n\t\t<div class=\"elementor-element elementor-element-eedc5e7 e-con-full e-flex e-con e-child\" data-id=\"eedc5e7\" data-element_type=\"container\" data-e-type=\"container\" data-settings=\"{&quot;background_background&quot;:&quot;classic&quot;}\">\n\t\t<div class=\"elementor-element elementor-element-823ffd8 e-con-full e-flex e-con e-child\" data-id=\"823ffd8\" data-element_type=\"container\" data-e-type=\"container\">\n\t\t<div class=\"elementor-element elementor-element-2eeca8c e-con-full e-flex e-con e-child\" data-id=\"2eeca8c\" data-element_type=\"container\" data-e-type=\"container\" data-settings=\"{&quot;background_background&quot;:&quot;classic&quot;}\">\n\t\t\t\t<div class=\"elementor-element elementor-element-3af5a82 elementor-widget elementor-widget-heading\" data-id=\"3af5a82\" data-element_type=\"widget\" data-e-type=\"widget\" data-widget_type=\"heading.default\">\n\t\t\t\t\t<div class=\"elementor-heading-title elementor-size-default\">Storitve<\/div>\t\t\t\t<\/div>\n\t\t\t\t<\/div>\n\t\t\t\t<div class=\"elementor-element elementor-element-87acc01 elementor-widget-tablet__width-initial elementor-widget elementor-widget-heading\" data-id=\"87acc01\" data-element_type=\"widget\" data-e-type=\"widget\" data-widget_type=\"heading.default\">\n\t\t\t\t\t<div class=\"elementor-heading-title elementor-size-default\">Tehni\u010dno spremljanje<\/div>\t\t\t\t<\/div>\n\t\t\t\t<div class=\"elementor-element elementor-element-6b59d1c elementor-widget-tablet__width-initial elementor-widget-mobile__width-initial elementor-widget elementor-widget-text-editor\" data-id=\"6b59d1c\" data-element_type=\"widget\" data-e-type=\"widget\" data-widget_type=\"text-editor.default\">\n\t\t\t\t\t\t\t\t\t<p class=\"p1\">Strokovna tehni\u010dna podpora za izvajalce in podjetja pri pripravi, na\u010drtovanju in izvedbi projektov.<\/p><div id=\"mttContainer\" class=\"notranslate\" style=\"transform: translate(223px, 84px);\" aria-expanded=\"false\"><div id=\"tippy-1\" style=\"z-index: 100000200; visibility: hidden; position: absolute; inset: auto auto 0px 0px; margin: 0px; transform: translate3d(324px, -20px, 0px);\" data-tippy-root=\"\"><div class=\"tippy-box\" style=\"max-width: 350px; transition-duration: 250ms;\" tabindex=\"-1\" role=\"mtttooltip\" data-state=\"hidden\" data-theme=\"custom\" data-animation=\"fade\" data-placement=\"top\"><div class=\"tippy-content\" style=\"transition-duration: 250ms;\" data-state=\"hidden\"><span dir=\"ltr\">\u041f\u0440\u043e\u0444\u0435\u0441\u0441\u0438\u043e\u043d\u0430\u043b\u044c\u043d\u0430\u044f \u0442\u0435\u0445\u043d\u0438\u0447\u0435\u0441\u043a\u0430\u044f \u043f\u043e\u0434\u0434\u0435\u0440\u0436\u043a\u0430 \u043f\u043e\u0434\u0440\u044f\u0434\u0447\u0438\u043a\u043e\u0432 \u0438 \u043a\u043e\u043c\u043f\u0430\u043d\u0438\u0439 \u043f\u0440\u0438 \u043f\u043e\u0434\u0433\u043e\u0442\u043e\u0432\u043a\u0435, \u043f\u043b\u0430\u043d\u0438\u0440\u043e\u0432\u0430\u043d\u0438\u0438 \u0438 \u0440\u0435\u0430\u043b\u0438\u0437\u0430\u0446\u0438\u0438 \u043f\u0440\u043e\u0435\u043a\u0442\u043e\u0432.<\/span><\/div><div class=\"tippy-arrow\" style=\"position: absolute; left: 0px; transform: translate3d(167px, 0px, 0px);\">\u00a0<\/div><\/div><\/div><\/div>\t\t\t\t\t\t\t\t<\/div>\n\t\t\t\t<\/div>\n\t\t\t\t<\/div>\n\t\t\t\t\t<\/div>\n\t\t\t\t<\/div>\n\t\t<div class=\"elementor-element elementor-element-763c7df e-flex e-con-boxed e-con e-parent\" data-id=\"763c7df\" data-element_type=\"container\" data-e-type=\"container\" data-settings=\"{&quot;background_background&quot;:&quot;classic&quot;}\">\n\t\t\t\t\t<div class=\"e-con-inner\">\n\t\t<div class=\"elementor-element elementor-element-740ae53 e-con-full e-flex e-con e-child\" data-id=\"740ae53\" data-element_type=\"container\" data-e-type=\"container\" data-settings=\"{&quot;background_background&quot;:&quot;classic&quot;}\">\n\t\t<div class=\"elementor-element elementor-element-8678f30 e-con-full e-flex e-con e-child\" data-id=\"8678f30\" data-element_type=\"container\" data-e-type=\"container\" data-settings=\"{&quot;background_background&quot;:&quot;classic&quot;}\">\n\t\t<div class=\"elementor-element elementor-element-f0b4b7b e-con-full e-flex e-con e-child\" data-id=\"f0b4b7b\" data-element_type=\"container\" data-e-type=\"container\" data-settings=\"{&quot;background_background&quot;:&quot;classic&quot;}\">\n\t\t<div class=\"elementor-element elementor-element-380dfe2 e-con-full e-flex e-con e-child\" data-id=\"380dfe2\" data-element_type=\"container\" data-e-type=\"container\" data-settings=\"{&quot;background_background&quot;:&quot;classic&quot;}\">\n\t\t<div class=\"elementor-element elementor-element-03a31d8 e-con-full e-flex e-con e-child\" data-id=\"03a31d8\" data-element_type=\"container\" data-e-type=\"container\">\n\t\t<div class=\"elementor-element elementor-element-2740f37 e-con-full e-flex e-con e-child\" data-id=\"2740f37\" data-element_type=\"container\" data-e-type=\"container\">\n\t\t\t\t<div class=\"elementor-element elementor-element-f173c9e elementor-widget__width-initial elementor-widget elementor-widget-text-editor\" data-id=\"f173c9e\" data-element_type=\"widget\" data-e-type=\"widget\" data-widget_type=\"text-editor.default\">\n\t\t\t\t\t\t\t\t\t<p class=\"p1\">Za izvajalce in podjetja zagotavljamo strokovno tehni\u010dno podporo pri pripravi, na\u010drtovanju in izvedbi projektov. Pomagamo pri pravilni izbiri sistema, nadzoru kakovosti in organizaciji tehnolo\u0161ko pravilne izvedbe na objektu.<\/p>\t\t\t\t\t\t\t\t<\/div>\n\t\t<div class=\"elementor-element elementor-element-8730787 e-con-full e-flex e-con e-child\" data-id=\"8730787\" data-element_type=\"container\" data-e-type=\"container\">\n\t\t<div class=\"elementor-element elementor-element-bf4ae54 e-con-full e-flex e-con e-child\" data-id=\"bf4ae54\" data-element_type=\"container\" data-e-type=\"container\" data-settings=\"{&quot;background_background&quot;:&quot;classic&quot;}\">\n\t\t\t\t<div class=\"elementor-element elementor-element-8cb23a5 elementor-widget elementor-widget-heading\" data-id=\"8cb23a5\" data-element_type=\"widget\" data-e-type=\"widget\" data-widget_type=\"heading.default\">\n\t\t\t\t\t<h3 class=\"elementor-heading-title elementor-size-default\">Kaj vklju\u010duje tehni\u010dno spremljanje<\/h3>\t\t\t\t<\/div>\n\t\t\t\t<div class=\"elementor-element elementor-element-5eb612a elementor-widget elementor-widget-text-editor\" data-id=\"5eb612a\" data-element_type=\"widget\" data-e-type=\"widget\" data-widget_type=\"text-editor.default\">\n\t\t\t\t\t\t\t\t\t<p>Za izvajalce in podjetja nudimo strokovno podporo pri pripravi in izvedbi del ter pomagamo zmanj\u0161ati napake, optimizirati porabo materiala in izbolj\u0161ati kon\u010dni rezultat.<\/p><div id=\"mttContainer\" class=\"notranslate\" style=\"transform: translate(189px, 121px);\" aria-expanded=\"true\"><div id=\"tippy-1\" style=\"z-index: 100000200; visibility: visible; position: absolute; inset: auto auto 0px 0px; margin: 0px; transform: translate3d(358px, -20px, 0px);\" data-tippy-root=\"\"><div class=\"tippy-box\" style=\"max-width: 350px; transition-duration: 300ms;\" tabindex=\"-1\" role=\"mtttooltip\" data-state=\"visible\" data-theme=\"custom\" data-animation=\"fade\" data-placement=\"top\"><div class=\"tippy-content\" style=\"transition-duration: 300ms;\" data-state=\"visible\"><span dir=\"ltr\">\u041f\u043e\u0434\u0440\u044f\u0434\u0447\u0438\u043a\u0430\u043c \u0438 \u043a\u043e\u043c\u043f\u0430\u043d\u0438\u044f\u043c \u043c\u044b \u043f\u0440\u0435\u0434\u043b\u0430\u0433\u0430\u0435\u043c \u043f\u0440\u043e\u0444\u0435\u0441\u0441\u0438\u043e\u043d\u0430\u043b\u044c\u043d\u0443\u044e \u043f\u043e\u0434\u0434\u0435\u0440\u0436\u043a\u0443 \u043f\u0440\u0438 \u043f\u043e\u0434\u0433\u043e\u0442\u043e\u0432\u043a\u0435 \u0438 \u0432\u044b\u043f\u043e\u043b\u043d\u0435\u043d\u0438\u0438 \u0440\u0430\u0431\u043e\u0442, \u043f\u043e\u043c\u043e\u0433\u0430\u0435\u043c \u0443\u043c\u0435\u043d\u044c\u0448\u0438\u0442\u044c \u043e\u0448\u0438\u0431\u043a\u0438, \u043e\u043f\u0442\u0438\u043c\u0438\u0437\u0438\u0440\u043e\u0432\u0430\u0442\u044c \u0440\u0430\u0441\u0445\u043e\u0434 \u043c\u0430\u0442\u0435\u0440\u0438\u0430\u043b\u0430 \u0438 \u0443\u043b\u0443\u0447\u0448\u0438\u0442\u044c \u043a\u043e\u043d\u0435\u0447\u043d\u044b\u0439 \u0440\u0435\u0437\u0443\u043b\u044c\u0442\u0430\u0442.<\/span><\/div><div class=\"tippy-arrow\" style=\"position: absolute; left: 0px; transform: translate3d(133px, 0px, 0px);\">\u00a0<\/div><\/div><\/div><\/div>\t\t\t\t\t\t\t\t<\/div>\n\t\t\t\t<div class=\"elementor-element elementor-element-bfe861d elementor-widget elementor-widget-text-editor\" data-id=\"bfe861d\" data-element_type=\"widget\" data-e-type=\"widget\" data-widget_type=\"text-editor.default\">\n\t\t\t\t\t\t\t\t\t<div class=\"flex items-start gap-3\" data-source-pos=\"80:18-83:24\" data-source-name=\"div\"><span data-source-pos=\"82:20-82:39\" data-source-name=\"span\"><span class=\"mt-1 text-[#2f6d49] font-bold\" data-source-pos=\"81:20-81:76\" data-source-name=\"span\">\u2714 <\/span>pomo\u010d pri izra\u010dunu porabe materiala in stro\u0161kovne u\u010dinkovitosti<\/span><\/div><div class=\"flex items-start gap-3\" data-source-pos=\"80:18-83:24\" data-source-name=\"div\"><span class=\"mt-1 text-[#2f6d49] font-bold\" data-source-pos=\"81:20-81:76\" data-source-name=\"span\">\u2714 <\/span><span data-source-pos=\"82:20-82:39\" data-source-name=\"span\">priporo\u010dila glede tehnologije nanosa<\/span><\/div><div class=\"flex items-start gap-3\" data-source-pos=\"80:18-83:24\" data-source-name=\"div\"><span class=\"mt-1 text-[#2f6d49] font-bold\" data-source-pos=\"81:20-81:76\" data-source-name=\"span\">\u2714 <\/span><span data-source-pos=\"82:20-82:39\" data-source-name=\"span\">kontrola kakovosti na objektu<\/span><\/div><div class=\"flex items-start gap-3\" data-source-pos=\"80:18-83:24\" data-source-name=\"div\"><span class=\"mt-1 text-[#2f6d49] font-bold\" data-source-pos=\"81:20-81:76\" data-source-name=\"span\">\u2714 <\/span><span data-source-pos=\"82:20-82:39\" data-source-name=\"span\">usposabljanje za delo z materiali CHEMCO<\/span><\/div><div class=\"flex items-start gap-3\" data-source-pos=\"80:18-83:24\" data-source-name=\"div\"><span class=\"mt-1 text-[#2f6d49] font-bold\" data-source-pos=\"81:20-81:76\" data-source-name=\"span\">\u2714 <\/span><span data-source-pos=\"82:20-82:39\" data-source-name=\"span\">\u0161ef-monta\u017ea na objektu naro\u010dnika<\/span><\/div>\t\t\t\t\t\t\t\t<\/div>\n\t\t<div class=\"elementor-element elementor-element-0150ed0 e-con-full e-flex e-con e-child\" data-id=\"0150ed0\" data-element_type=\"container\" data-e-type=\"container\">\n\t\t\t\t<div class=\"elementor-element elementor-element-fbbbaa9 elementor-widget elementor-widget-button\" data-id=\"fbbbaa9\" data-element_type=\"widget\" data-e-type=\"widget\" data-widget_type=\"button.default\">\n\t\t\t\t\t\t\t\t\t\t<a class=\"elementor-button elementor-button-link elementor-size-sm\" href=\"https:\/\/epoxyexpert.si\/kontakt\/\">\n\t\t\t\t\t\t<span class=\"elementor-button-content-wrapper\">\n\t\t\t\t\t\t\t\t\t<span class=\"elementor-button-text\">Po\u0161ljite povpra\u0161evanje<\/span>\n\t\t\t\t\t<\/span>\n\t\t\t\t\t<\/a>\n\t\t\t\t\t\t\t\t<\/div>\n\t\t\t\t<\/div>\n\t\t\t\t<\/div>\n\t\t<div class=\"elementor-element elementor-element-62c1d2d e-con-full e-flex e-con e-child\" data-id=\"62c1d2d\" data-element_type=\"container\" data-e-type=\"container\" data-settings=\"{&quot;background_background&quot;:&quot;classic&quot;}\">\n\t\t\t\t\t\t\t\n\t\t<img class=\"e-image-base e-4f6b7b5-690d698\" \n\t\t\t\t\tdata-interaction-id=\"4f6b7b5\" \n\t\t \n\t\t \n\t\t\t\t\t\t\t\t\tid=\"1843\"\n\t\t\t\t\t\t\t\t\t\t\t\tsrc=\"https:\/\/epoxyexpert.si\/wp-content\/uploads\/2026\/04\/CD17B800-D5C9-477D-8D6D-10744E50CA4D.png\"\n\t\t\t\t\t\t\t\t\t\t\t\twidth=\"1024\"\n\t\t\t\t\t\t\t\t\t\t\t\theight=\"1536\"\n\t\t\t\t\t\t\t\t\t\t\t\tsrcset=\"https:\/\/epoxyexpert.si\/wp-content\/uploads\/2026\/04\/CD17B800-D5C9-477D-8D6D-10744E50CA4D.png 1024w, https:\/\/epoxyexpert.si\/wp-content\/uploads\/2026\/04\/CD17B800-D5C9-477D-8D6D-10744E50CA4D-200x300.png 200w, https:\/\/epoxyexpert.si\/wp-content\/uploads\/2026\/04\/CD17B800-D5C9-477D-8D6D-10744E50CA4D-683x1024.png 683w, https:\/\/epoxyexpert.si\/wp-content\/uploads\/2026\/04\/CD17B800-D5C9-477D-8D6D-10744E50CA4D-768x1152.png 768w, https:\/\/epoxyexpert.si\/wp-content\/uploads\/2026\/04\/CD17B800-D5C9-477D-8D6D-10744E50CA4D-8x12.png 8w\"\n\t\t\t\t\t\t\t\t\t\t\t\talt=\"\"\n\t\t\t\t\t\t\/>\n\t\t\t\t\t<\/div>\n\t\t\t\t<\/div>\n\t\t<div class=\"elementor-element elementor-element-a333ecc e-con-full e-flex e-con e-child\" data-id=\"a333ecc\" data-element_type=\"container\" data-e-type=\"container\">\n\t\t<div class=\"elementor-element elementor-element-29ed00d e-con-full e-flex e-con e-child\" data-id=\"29ed00d\" data-element_type=\"container\" data-e-type=\"container\" data-settings=\"{&quot;background_background&quot;:&quot;classic&quot;}\">\n\t\t\t\t<div class=\"elementor-element elementor-element-d80edb5 elementor-widget elementor-widget-heading\" data-id=\"d80edb5\" data-element_type=\"widget\" data-e-type=\"widget\" data-widget_type=\"heading.default\">\n\t\t\t\t\t<h3 class=\"elementor-heading-title elementor-size-default\">Podpora na objektu<\/h3>\t\t\t\t<\/div>\n\t\t\t\t<div class=\"elementor-element elementor-element-a15587d elementor-widget elementor-widget-text-editor\" data-id=\"a15587d\" data-element_type=\"widget\" data-e-type=\"widget\" data-widget_type=\"text-editor.default\">\n\t\t\t\t\t\t\t\t\t<p>Spremljamo klju\u010dne faze izvedbe, svetujemo pri tehnolo\u0161kih odlo\u010ditvah in pomagamo zagotoviti pravilno pripravo podlage ter nanos posameznih slojev sistema.<\/p><div id=\"mttContainer\" class=\"notranslate\" style=\"transform: translate(211px, 155px);\" aria-expanded=\"false\">\u00a0<\/div>\t\t\t\t\t\t\t\t<\/div>\n\t\t\t\t<\/div>\n\t\t<div class=\"elementor-element elementor-element-2c487ab e-con-full e-flex e-con e-child\" data-id=\"2c487ab\" data-element_type=\"container\" data-e-type=\"container\" data-settings=\"{&quot;background_background&quot;:&quot;classic&quot;}\">\n\t\t\t\t<div class=\"elementor-element elementor-element-1a7c1b2 elementor-widget elementor-widget-heading\" data-id=\"1a7c1b2\" data-element_type=\"widget\" data-e-type=\"widget\" data-widget_type=\"heading.default\">\n\t\t\t\t\t<h3 class=\"elementor-heading-title elementor-size-default\">Usposabljanje in \u0161ef-monta\u017ea<\/h3>\t\t\t\t<\/div>\n\t\t\t\t<div class=\"elementor-element elementor-element-73a2ad0 elementor-widget elementor-widget-text-editor\" data-id=\"73a2ad0\" data-element_type=\"widget\" data-e-type=\"widget\" data-widget_type=\"text-editor.default\">\n\t\t\t\t\t\t\t\t\t<p>Po potrebi organiziramo usposabljanje ekip za delo z materiali CHEMCO ter \u0161ef-monta\u017eo na objektu naro\u010dnika za ve\u010djo varnost in kakovost izvedbe.<\/p>\t\t\t\t\t\t\t\t<\/div>\n\t\t\t\t<\/div>\n\t\t\t\t<\/div>\n\t\t\t\t<\/div>\n\t\t<div class=\"elementor-element elementor-element-b03998d e-con-full e-flex e-con e-child\" data-id=\"b03998d\" data-element_type=\"container\" data-e-type=\"container\" data-settings=\"{&quot;background_background&quot;:&quot;classic&quot;}\">\n\t\t\t\t<div class=\"elementor-element elementor-element-e9f2916 elementor-widget elementor-widget-heading\" data-id=\"e9f2916\" data-element_type=\"widget\" data-e-type=\"widget\" data-widget_type=\"heading.default\">\n\t\t\t\t\t<h3 class=\"elementor-heading-title elementor-size-default\">Natan\u010dna tehni\u010dna podpora pomaga zmanj\u0161ati tveganja in izbolj\u0161ati rezultat izvedbe.<\/h3>\t\t\t\t<\/div>\n\t\t\t\t<div class=\"elementor-element elementor-element-74ecf05 elementor-widget elementor-widget-text-editor\" data-id=\"74ecf05\" data-element_type=\"widget\" data-e-type=\"widget\" data-widget_type=\"text-editor.default\">\n\t\t\t\t\t\t\t\t\t<p>Po\u0161ljite povpra\u0161evanje in pomagali vam bomo pri pripravi tehni\u010dne re\u0161itve, izra\u010dunu sistema in organizaciji pravilne izvedbe na objektu.<\/p>\t\t\t\t\t\t\t\t<\/div>\n\t\t<div class=\"elementor-element elementor-element-ea7228b e-con-full e-flex e-con e-child\" data-id=\"ea7228b\" data-element_type=\"container\" data-e-type=\"container\">\n\t\t\t\t<div class=\"elementor-element elementor-element-fa64e31 elementor-widget elementor-widget-button\" data-id=\"fa64e31\" data-element_type=\"widget\" data-e-type=\"widget\" data-widget_type=\"button.default\">\n\t\t\t\t\t\t\t\t\t\t<a class=\"elementor-button elementor-button-link elementor-size-sm\" href=\"https:\/\/epoxyexpert.si\/kontakt\/\">\n\t\t\t\t\t\t<span class=\"elementor-button-content-wrapper\">\n\t\t\t\t\t\t\t\t\t<span class=\"elementor-button-text\">Po\u0161ljite povpra\u0161evanje<\/span>\n\t\t\t\t\t<\/span>\n\t\t\t\t\t<\/a>\n\t\t\t\t\t\t\t\t<\/div>\n\t\t\t\t<div class=\"elementor-element elementor-element-94f5911 elementor-widget elementor-widget-button\" data-id=\"94f5911\" data-element_type=\"widget\" data-e-type=\"widget\" data-widget_type=\"button.default\">\n\t\t\t\t\t\t\t\t\t\t<a class=\"elementor-button elementor-button-link elementor-size-sm\" href=\"https:\/\/epoxyexpert.si\/kontakt\/\">\n\t\t\t\t\t\t<span class=\"elementor-button-content-wrapper\">\n\t\t\t\t\t\t\t\t\t<span class=\"elementor-button-text\">Kontakt<\/span>\n\t\t\t\t\t<\/span>\n\t\t\t\t\t<\/a>\n\t\t\t\t\t\t\t\t<\/div>\n\t\t\t\t<\/div>\n\t\t\t\t<\/div>\n\t\t\t\t<\/div>\n\t\t\t\t<\/div>\n\t\t\t\t<\/div>\n\t\t\t\t<\/div>\n\t\t\t\t<\/div>\n\t\t\t\t\t<\/div>\n\t\t\t\t<\/div>\n\t\t\t\t<\/div>\n\t\t","protected":false},"excerpt":{"rendered":"<p>Storitve Tehni\u010dno spremljanje Strokovna tehni\u010dna podpora za izvajalce in podjetja pri pripravi, na\u010drtovanju in izvedbi projektov. \u041f\u0440\u043e\u0444\u0435\u0441\u0441\u0438\u043e\u043d\u0430\u043b\u044c\u043d\u0430\u044f \u0442\u0435\u0445\u043d\u0438\u0447\u0435\u0441\u043a\u0430\u044f \u043f\u043e\u0434\u0434\u0435\u0440\u0436\u043a\u0430 \u043f\u043e\u0434\u0440\u044f\u0434\u0447\u0438\u043a\u043e\u0432 \u0438 \u043a\u043e\u043c\u043f\u0430\u043d\u0438\u0439 \u043f\u0440\u0438 \u043f\u043e\u0434\u0433\u043e\u0442\u043e\u0432\u043a\u0435, \u043f\u043b\u0430\u043d\u0438\u0440\u043e\u0432\u0430\u043d\u0438\u0438 \u0438 \u0440\u0435\u0430\u043b\u0438\u0437\u0430\u0446\u0438\u0438 \u043f\u0440\u043e\u0435\u043a\u0442\u043e\u0432.\u00a0 Za izvajalce in podjetja zagotavljamo strokovno tehni\u010dno podporo pri pripravi, na\u010drtovanju in izvedbi projektov. Pomagamo pri pravilni izbiri sistema, nadzoru kakovosti in organizaciji tehnolo\u0161ko pravilne izvedbe na&#8230;<\/p>","protected":false},"author":1,"featured_media":0,"parent":0,"menu_order":0,"comment_status":"closed","ping_status":"closed","template":"","meta":{"_kad_post_transparent":"","_kad_post_title":"hide","_kad_post_layout":"fullwidth","_kad_post_sidebar_id":"","_kad_post_content_style":"unboxed","_kad_post_vertical_padding":"hide","_kad_post_feature":"hide","_kad_post_feature_position":"","_kad_post_header":false,"_kad_post_footer":false,"_kad_post_classname":"","footnotes":""},"class_list":["post-1439","page","type-page","status-publish","hentry"],"_links":{"self":[{"href":"https:\/\/epoxyexpert.si\/en\/wp-json\/wp\/v2\/pages\/1439","targetHints":{"allow":["GET"]}}],"collection":[{"href":"https:\/\/epoxyexpert.si\/en\/wp-json\/wp\/v2\/pages"}],"about":[{"href":"https:\/\/epoxyexpert.si\/en\/wp-json\/wp\/v2\/types\/page"}],"author":[{"embeddable":true,"href":"https:\/\/epoxyexpert.si\/en\/wp-json\/wp\/v2\/users\/1"}],"replies":[{"embeddable":true,"href":"https:\/\/epoxyexpert.si\/en\/wp-json\/wp\/v2\/comments?post=1439"}],"version-history":[{"count":29,"href":"https:\/\/epoxyexpert.si\/en\/wp-json\/wp\/v2\/pages\/1439\/revisions"}],"predecessor-version":[{"id":1931,"href":"https:\/\/epoxyexpert.si\/en\/wp-json\/wp\/v2\/pages\/1439\/revisions\/1931"}],"wp:attachment":[{"href":"https:\/\/epoxyexpert.si\/en\/wp-json\/wp\/v2\/media?parent=1439"}],"curies":[{"name":"wp","href":"https:\/\/api.w.org\/{rel}","templated":true}]}}