{"id":1437,"date":"2026-03-26T21:26:45","date_gmt":"2026-03-26T20:26:45","guid":{"rendered":"https:\/\/epoxyexpert.si\/?page_id=1437"},"modified":"2026-04-04T22:02:43","modified_gmt":"2026-04-04T20:02:43","slug":"dobava-materialov-chemco","status":"publish","type":"page","link":"https:\/\/epoxyexpert.si\/en\/dobava-materialov-chemco\/","title":{"rendered":"Dobava materialov CHEMCO"},"content":{"rendered":"\t\t<div data-elementor-type=\"wp-page\" data-elementor-id=\"1437\" class=\"elementor elementor-1437\">\n\t\t\t\t<div class=\"elementor-element elementor-element-670d959 e-con-full e-flex e-con e-parent\" data-id=\"670d959\" data-element_type=\"container\" data-e-type=\"container\" data-settings=\"{&quot;background_background&quot;:&quot;classic&quot;}\">\n\t\t<div class=\"elementor-element elementor-element-2e0e6d1 e-con-full e-flex e-con e-child\" data-id=\"2e0e6d1\" data-element_type=\"container\" data-e-type=\"container\" data-settings=\"{&quot;background_background&quot;:&quot;classic&quot;}\">\n\t\t<div class=\"elementor-element elementor-element-1cbf566 e-con-full e-flex e-con e-child\" data-id=\"1cbf566\" data-element_type=\"container\" data-e-type=\"container\">\n\t\t<div class=\"elementor-element elementor-element-95d5a4d e-con-full e-flex e-con e-child\" data-id=\"95d5a4d\" data-element_type=\"container\" data-e-type=\"container\" data-settings=\"{&quot;background_background&quot;:&quot;classic&quot;}\">\n\t\t\t\t<div class=\"elementor-element elementor-element-a9cffd6 elementor-widget elementor-widget-heading\" data-id=\"a9cffd6\" data-element_type=\"widget\" data-e-type=\"widget\" data-widget_type=\"heading.default\">\n\t\t\t\t\t<div class=\"elementor-heading-title elementor-size-default\">Storitve<\/div>\t\t\t\t<\/div>\n\t\t\t\t<\/div>\n\t\t\t\t<div class=\"elementor-element elementor-element-14f926f elementor-widget-tablet__width-initial elementor-widget elementor-widget-heading\" data-id=\"14f926f\" data-element_type=\"widget\" data-e-type=\"widget\" data-widget_type=\"heading.default\">\n\t\t\t\t\t<div class=\"elementor-heading-title elementor-size-default\">Dobava materialov CHEMCO<\/div>\t\t\t\t<\/div>\n\t\t\t\t<div class=\"elementor-element elementor-element-2192e68 elementor-widget elementor-widget-text-editor\" data-id=\"2192e68\" data-element_type=\"widget\" data-e-type=\"widget\" data-widget_type=\"text-editor.default\">\n\t\t\t\t\t\t\t\t\t<p class=\"p1\">Neposredna dobava materialov proizvajalca CHEMCO Slovenija brez posrednikov, s strokovno podporo in zanesljivo logistiko.<\/p>\t\t\t\t\t\t\t\t<\/div>\n\t\t\t\t<\/div>\n\t\t\t\t<\/div>\n\t\t\t\t<\/div>\n\t\t<div class=\"elementor-element elementor-element-07ece3e e-flex e-con-boxed e-con e-parent\" data-id=\"07ece3e\" data-element_type=\"container\" data-e-type=\"container\" data-settings=\"{&quot;background_background&quot;:&quot;classic&quot;}\">\n\t\t\t\t\t<div class=\"e-con-inner\">\n\t\t<div class=\"elementor-element elementor-element-c17a3a2 e-con-full e-flex e-con e-child\" data-id=\"c17a3a2\" data-element_type=\"container\" data-e-type=\"container\" data-settings=\"{&quot;background_background&quot;:&quot;classic&quot;}\">\n\t\t<div class=\"elementor-element elementor-element-ff45fe5 e-con-full e-flex e-con e-child\" data-id=\"ff45fe5\" data-element_type=\"container\" data-e-type=\"container\" data-settings=\"{&quot;background_background&quot;:&quot;classic&quot;}\">\n\t\t<div class=\"elementor-element elementor-element-f1771c9 e-con-full e-flex e-con e-child\" data-id=\"f1771c9\" data-element_type=\"container\" data-e-type=\"container\" data-settings=\"{&quot;background_background&quot;:&quot;classic&quot;}\">\n\t\t<div class=\"elementor-element elementor-element-d90cfc4 e-con-full e-flex e-con e-child\" data-id=\"d90cfc4\" data-element_type=\"container\" data-e-type=\"container\">\n\t\t<div class=\"elementor-element elementor-element-3e7d10c e-con-full e-flex e-con e-child\" data-id=\"3e7d10c\" data-element_type=\"container\" data-e-type=\"container\">\n\t\t\t\t<div class=\"elementor-element elementor-element-98fa769 elementor-widget__width-initial elementor-widget elementor-widget-text-editor\" data-id=\"98fa769\" data-element_type=\"widget\" data-e-type=\"widget\" data-widget_type=\"text-editor.default\">\n\t\t\t\t\t\t\t\t\t<p class=\"p1\">Zagotavljamo neposredno dobavo materialov proizvajalca CHEMCO Slovenija brez posrednikov. Poleg dobave nudimo tudi strokovno podporo pri izbiri sistema, porabi materiala in tehnologiji nanosa za razli\u010dne tipe objektov in obremenitev.<\/p>\t\t\t\t\t\t\t\t<\/div>\n\t\t<div class=\"elementor-element elementor-element-85aebb9 e-con-full e-flex e-con e-child\" data-id=\"85aebb9\" data-element_type=\"container\" data-e-type=\"container\">\n\t\t<div class=\"elementor-element elementor-element-498d651 e-con-full e-flex e-con e-child\" data-id=\"498d651\" data-element_type=\"container\" data-e-type=\"container\" data-settings=\"{&quot;background_background&quot;:&quot;classic&quot;}\">\n\t\t\t\t<div class=\"elementor-element elementor-element-3eaa0c0 elementor-widget elementor-widget-heading\" data-id=\"3eaa0c0\" data-element_type=\"widget\" data-e-type=\"widget\" data-widget_type=\"heading.default\">\n\t\t\t\t\t<h3 class=\"elementor-heading-title elementor-size-default\">Dobava materialov CHEMCO izven Slovenije<\/h3>\t\t\t\t<\/div>\n\t\t\t\t<div class=\"elementor-element elementor-element-e80e9b0 elementor-widget elementor-widget-text-editor\" data-id=\"e80e9b0\" data-element_type=\"widget\" data-e-type=\"widget\" data-widget_type=\"text-editor.default\">\n\t\t\t\t\t\t\t\t\t<p>Neposredno dobavljamo materiale proizvajalca CHEMCO Slovenija brez posrednikov, z uradno tehni\u010dno podporo in stabilno logistiko.<\/p>\t\t\t\t\t\t\t\t<\/div>\n\t\t\t\t<div class=\"elementor-element elementor-element-2c5bc62 elementor-widget elementor-widget-heading\" data-id=\"2c5bc62\" data-element_type=\"widget\" data-e-type=\"widget\" data-widget_type=\"heading.default\">\n\t\t\t\t\t<h3 class=\"elementor-heading-title elementor-size-default\">Na voljo<\/h3>\t\t\t\t<\/div>\n\t\t<div class=\"elementor-element elementor-element-38c0e56 e-con-full e-flex e-con e-child\" data-id=\"38c0e56\" data-element_type=\"container\" data-e-type=\"container\">\n\t\t\t\t<div class=\"elementor-element elementor-element-d9f4793 elementor-widget elementor-widget-text-editor\" data-id=\"d9f4793\" data-element_type=\"widget\" data-e-type=\"widget\" data-widget_type=\"text-editor.default\">\n\t\t\t\t\t\t\t\t\t<ul class=\"mt-5 grid grid-cols-1 md:grid-cols-2 gap-x-8 gap-y-3 text-[17px] leading-7 text-[#66756d]\" data-source-pos=\"93:16-100:21\" data-source-name=\"ul\"><li class=\"flex items-start gap-3\" data-source-pos=\"95:20-98:25\" data-source-name=\"li\"><span data-source-pos=\"97:22-97:41\" data-source-name=\"span\">epoksidne smole<\/span><\/li><li class=\"flex items-start gap-3\" data-source-pos=\"95:20-98:25\" data-source-name=\"li\"><span data-source-pos=\"97:22-97:41\" data-source-name=\"span\">poliasparti\u010dni sistemi<\/span><\/li><li class=\"flex items-start gap-3\" data-source-pos=\"95:20-98:25\" data-source-name=\"li\"><span data-source-pos=\"97:22-97:41\" data-source-name=\"span\">reparaturne epoksidne me\u0161anice<\/span><\/li><li class=\"flex items-start gap-3\" data-source-pos=\"95:20-98:25\" data-source-name=\"li\"><span data-source-pos=\"97:22-97:41\" data-source-name=\"span\">protizdrsni dodatki<\/span><\/li><\/ul>\t\t\t\t\t\t\t\t<\/div>\n\t\t\t\t<div class=\"elementor-element elementor-element-4cfb8ef elementor-widget elementor-widget-text-editor\" data-id=\"4cfb8ef\" data-element_type=\"widget\" data-e-type=\"widget\" data-widget_type=\"text-editor.default\">\n\t\t\t\t\t\t\t\t\t<ul><li><span data-source-pos=\"97:22-97:41\" data-source-name=\"span\">poliuretanski premazi<\/span><\/li><li><span data-source-pos=\"97:22-97:41\" data-source-name=\"span\">temeljni premazi<\/span><\/li><li><span data-source-pos=\"97:22-97:41\" data-source-name=\"span\">kvar\u010dni polnilci in dekorativni \u010dipsi<\/span><\/li><li><span data-source-pos=\"97:22-97:41\" data-source-name=\"span\">za\u0161\u010ditni zaklju\u010dni laki<\/span><\/li><\/ul>\t\t\t\t\t\t\t\t<\/div>\n\t\t\t\t<\/div>\n\t\t\t\t<div class=\"elementor-element elementor-element-e613389 elementor-widget elementor-widget-heading\" data-id=\"e613389\" data-element_type=\"widget\" data-e-type=\"widget\" data-widget_type=\"heading.default\">\n\t\t\t\t\t<h3 class=\"elementor-heading-title elementor-size-default\">Prednosti<\/h3>\t\t\t\t<\/div>\n\t\t<div class=\"elementor-element elementor-element-8da0ae2 e-con-full e-flex e-con e-child\" data-id=\"8da0ae2\" data-element_type=\"container\" data-e-type=\"container\">\n\t\t\t\t<div class=\"elementor-element elementor-element-51d7f7c elementor-widget elementor-widget-text-editor\" data-id=\"51d7f7c\" data-element_type=\"widget\" data-e-type=\"widget\" data-widget_type=\"text-editor.default\">\n\t\t\t\t\t\t\t\t\t<p><span data-source-pos=\"109:22-109:41\" data-source-name=\"span\"><span class=\"mt-1 text-[#2f6d49] font-bold\" data-source-pos=\"108:22-108:78\" data-source-name=\"span\">\u2714 <\/span>tovarni\u0161ka kakovost<br \/><\/span><span class=\"mt-1 text-[#2f6d49] font-bold\" data-source-pos=\"108:22-108:78\" data-source-name=\"span\">\u2714 <\/span><span data-source-pos=\"109:22-109:41\" data-source-name=\"span\">skladnost s standardi ISO in EU<br \/><\/span><span class=\"mt-1 text-[#2f6d49] font-bold\" data-source-pos=\"108:22-108:78\" data-source-name=\"span\">\u2714 <\/span><span data-source-pos=\"109:22-109:41\" data-source-name=\"span\">stabilna dobava<\/span><\/p>\t\t\t\t\t\t\t\t<\/div>\n\t\t\t\t<div class=\"elementor-element elementor-element-a55921c elementor-widget elementor-widget-text-editor\" data-id=\"a55921c\" data-element_type=\"widget\" data-e-type=\"widget\" data-widget_type=\"text-editor.default\">\n\t\t\t\t\t\t\t\t\t<p><span class=\"mt-1 text-[#2f6d49] font-bold\" data-source-pos=\"108:22-108:78\" data-source-name=\"span\">\u2714 <\/span><span data-source-pos=\"109:22-109:41\" data-source-name=\"span\">tehni\u010dna podpora proizvajalca<br \/><span class=\"mt-1 text-[#2f6d49] font-bold\" data-source-pos=\"108:22-108:78\" data-source-name=\"span\">\u2714 <\/span>konkuren\u010dna cena<br \/><\/span><span class=\"mt-1 text-[#2f6d49] font-bold\" data-source-pos=\"108:22-108:78\" data-source-name=\"span\">\u2714 <\/span><span data-source-pos=\"109:22-109:41\" data-source-name=\"span\">zanesljiva logistika<\/span><\/p>\t\t\t\t\t\t\t\t<\/div>\n\t\t\t\t<\/div>\n\t\t\t\t<div class=\"elementor-element elementor-element-06c1b71 elementor-widget elementor-widget-text-editor\" data-id=\"06c1b71\" data-element_type=\"widget\" data-e-type=\"widget\" data-widget_type=\"text-editor.default\">\n\t\t\t\t\t\t\t\t\t<p>Svetujemo pri izbiri sistema, porabi materiala in tehnologiji nanosa.<\/p><div id=\"mttContainer\" class=\"notranslate\" style=\"transform: translate(236px, 161px);\" aria-expanded=\"false\">\u00a0<\/div>\t\t\t\t\t\t\t\t<\/div>\n\t\t<div class=\"elementor-element elementor-element-aeeabf1 e-con-full e-flex e-con e-child\" data-id=\"aeeabf1\" data-element_type=\"container\" data-e-type=\"container\">\n\t\t\t\t<div class=\"elementor-element elementor-element-df0e163 elementor-widget elementor-widget-button\" data-id=\"df0e163\" data-element_type=\"widget\" data-e-type=\"widget\" data-widget_type=\"button.default\">\n\t\t\t\t\t\t\t\t\t\t<a class=\"elementor-button elementor-button-link elementor-size-sm\" href=\"https:\/\/epoxyexpert.si\/kontakt\/\">\n\t\t\t\t\t\t<span class=\"elementor-button-content-wrapper\">\n\t\t\t\t\t\t\t\t\t<span class=\"elementor-button-text\">Po\u0161ljite povpra\u0161evanje<\/span>\n\t\t\t\t\t<\/span>\n\t\t\t\t\t<\/a>\n\t\t\t\t\t\t\t\t<\/div>\n\t\t\t\t<\/div>\n\t\t\t\t<\/div>\n\t\t<div class=\"elementor-element elementor-element-a0500dd e-con-full e-flex e-con e-child\" data-id=\"a0500dd\" data-element_type=\"container\" data-e-type=\"container\" data-settings=\"{&quot;background_background&quot;:&quot;classic&quot;}\">\n\t\t<div class=\"elementor-element elementor-element-4ade78d e-con-full e-flex e-con e-child\" data-id=\"4ade78d\" data-element_type=\"container\" data-e-type=\"container\" data-settings=\"{&quot;background_background&quot;:&quot;classic&quot;}\">\n\t\t\t\t<div class=\"elementor-element elementor-element-c72631a elementor-widget__width-initial elementor-widget elementor-widget-heading\" data-id=\"c72631a\" data-element_type=\"widget\" data-e-type=\"widget\" data-widget_type=\"heading.default\">\n\t\t\t\t\t<div class=\"elementor-heading-title elementor-size-default\">ORIGINALNI MATERIALI CHEMCO SLOVENIJA \n\u00b7 4 PAKIRANJA<\/div>\t\t\t\t<\/div>\n\t\t<div class=\"elementor-element elementor-element-720963f e-con-full e-flex e-con e-child\" data-id=\"720963f\" data-element_type=\"container\" data-e-type=\"container\">\n\t\t<div class=\"elementor-element elementor-element-6f05cde e-con-full e-flex e-con e-child\" data-id=\"6f05cde\" data-element_type=\"container\" data-e-type=\"container\" data-settings=\"{&quot;background_background&quot;:&quot;classic&quot;}\">\n\t\t\t\t\t\t\t\n\t\t<img class=\"e-image-base e-38d881c-9b12879\" \n\t\t\t\t\tdata-interaction-id=\"38d881c\" \n\t\t \n\t\t \n\t\t\t\t\t\t\t\t\tid=\"58\"\n\t\t\t\t\t\t\t\t\t\t\t\tsrc=\"https:\/\/epoxyexpert.si\/wp-content\/uploads\/2026\/03\/photo_2026-03-03_14-55-13-20.jpg\"\n\t\t\t\t\t\t\t\t\t\t\t\twidth=\"960\"\n\t\t\t\t\t\t\t\t\t\t\t\theight=\"1280\"\n\t\t\t\t\t\t\t\t\t\t\t\tsrcset=\"https:\/\/epoxyexpert.si\/wp-content\/uploads\/2026\/03\/photo_2026-03-03_14-55-13-20.jpg 960w, https:\/\/epoxyexpert.si\/wp-content\/uploads\/2026\/03\/photo_2026-03-03_14-55-13-20-225x300.jpg 225w, https:\/\/epoxyexpert.si\/wp-content\/uploads\/2026\/03\/photo_2026-03-03_14-55-13-20-768x1024.jpg 768w\"\n\t\t\t\t\t\t\t\t\t\t\t\talt=\"\"\n\t\t\t\t\t\t\/>\n\t\t\t<div class=\"elementor-element elementor-element-35377cb e-con-full e-flex e-con e-child\" data-id=\"35377cb\" data-element_type=\"container\" data-e-type=\"container\">\n\t\t\t\t\t\t\t<h6 \n\t\tdata-interaction-id=\"708cb49\" \n\t\tclass=\"e-708cb49-84bd61b e-heading-base\" \n\t\t \n\t\t\n\t>\n\t\n\t\t\t<strong>EP 101\/E komp. A<\/strong>\n\t\t<\/h6>\n\t\t\t\t\t\t\t\t<p class=\"e-1e50fe2-111b78c e-paragraph-base\" data-interaction-id=\"1e50fe2\"  >\n\t\t\t\t\t\t\t\t<em>temeljni premaz<\/em>\n\t\t\t\t\t<\/p>\n\t\t\t\t<\/div>\n\t\t\t\t<\/div>\n\t\t<div class=\"elementor-element elementor-element-d048b4b e-con-full e-flex e-con e-child\" data-id=\"d048b4b\" data-element_type=\"container\" data-e-type=\"container\" data-settings=\"{&quot;background_background&quot;:&quot;classic&quot;}\">\n\t\t\t\t\t\t\t\n\t\t<img class=\"e-image-base e-f831215-c6530d7\" \n\t\t\t\t\tdata-interaction-id=\"f831215\" \n\t\t \n\t\t \n\t\t\t\t\t\t\t\t\tid=\"59\"\n\t\t\t\t\t\t\t\t\t\t\t\tsrc=\"https:\/\/epoxyexpert.si\/wp-content\/uploads\/2026\/03\/photo_2026-03-03_14-55-13-21.jpg\"\n\t\t\t\t\t\t\t\t\t\t\t\twidth=\"960\"\n\t\t\t\t\t\t\t\t\t\t\t\theight=\"1280\"\n\t\t\t\t\t\t\t\t\t\t\t\tsrcset=\"https:\/\/epoxyexpert.si\/wp-content\/uploads\/2026\/03\/photo_2026-03-03_14-55-13-21.jpg 960w, https:\/\/epoxyexpert.si\/wp-content\/uploads\/2026\/03\/photo_2026-03-03_14-55-13-21-225x300.jpg 225w, https:\/\/epoxyexpert.si\/wp-content\/uploads\/2026\/03\/photo_2026-03-03_14-55-13-21-768x1024.jpg 768w\"\n\t\t\t\t\t\t\t\t\t\t\t\talt=\"\"\n\t\t\t\t\t\t\/>\n\t\t\t<div class=\"elementor-element elementor-element-29502e0 e-con-full e-flex e-con e-child\" data-id=\"29502e0\" data-element_type=\"container\" data-e-type=\"container\">\n\t\t\t\t\t\t\t<h6 \n\t\tdata-interaction-id=\"ed71b01\" \n\t\tclass=\"e-ed71b01-2e86d00 e-heading-base\" \n\t\t \n\t\t\n\t>\n\t\n\t\t\t<strong>EP 101\/E komp. B<\/strong>\n\t\t<\/h6>\n\t\t\t\t\t\t\t\t<p class=\"e-76f01a6-a85789c e-paragraph-base\" data-interaction-id=\"76f01a6\"  >\n\t\t\t\t\t\t\t\t<em>komponenta sistema<\/em>\n\t\t\t\t\t<\/p>\n\t\t\t\t<\/div>\n\t\t\t\t<\/div>\n\t\t\t\t<\/div>\n\t\t<div class=\"elementor-element elementor-element-681a224 e-con-full e-flex e-con e-child\" data-id=\"681a224\" data-element_type=\"container\" data-e-type=\"container\">\n\t\t<div class=\"elementor-element elementor-element-d5ceacf e-con-full e-flex e-con e-child\" data-id=\"d5ceacf\" data-element_type=\"container\" data-e-type=\"container\" data-settings=\"{&quot;background_background&quot;:&quot;classic&quot;}\">\n\t\t\t\t\t\t\t\n\t\t<img class=\"e-image-base e-08d4e3b-e8ed4a4\" \n\t\t\t\t\tdata-interaction-id=\"08d4e3b\" \n\t\t \n\t\t \n\t\t\t\t\t\t\t\t\tid=\"1774\"\n\t\t\t\t\t\t\t\t\t\t\t\tsrc=\"https:\/\/epoxyexpert.si\/wp-content\/uploads\/2026\/04\/image.png\"\n\t\t\t\t\t\t\t\t\t\t\t\twidth=\"1024\"\n\t\t\t\t\t\t\t\t\t\t\t\theight=\"1536\"\n\t\t\t\t\t\t\t\t\t\t\t\tsrcset=\"https:\/\/epoxyexpert.si\/wp-content\/uploads\/2026\/04\/image.png 1024w, https:\/\/epoxyexpert.si\/wp-content\/uploads\/2026\/04\/image-200x300.png 200w, https:\/\/epoxyexpert.si\/wp-content\/uploads\/2026\/04\/image-683x1024.png 683w, https:\/\/epoxyexpert.si\/wp-content\/uploads\/2026\/04\/image-768x1152.png 768w, https:\/\/epoxyexpert.si\/wp-content\/uploads\/2026\/04\/image-8x12.png 8w\"\n\t\t\t\t\t\t\t\t\t\t\t\talt=\"\"\n\t\t\t\t\t\t\/>\n\t\t\t<div class=\"elementor-element elementor-element-4ef823e e-con-full e-flex e-con e-child\" data-id=\"4ef823e\" data-element_type=\"container\" data-e-type=\"container\">\n\t\t\t\t\t\t\t<h6 \n\t\tdata-interaction-id=\"5021b3d\" \n\t\tclass=\"e-5021b3d-759f7d7 e-heading-base\" \n\t\t \n\t\t\n\t>\n\t\n\t\t\t<strong>PU 312<\/strong>\n\t\t<\/h6>\n\t\t\t\t\t\t\t\t<p class=\"e-4fbdbc6-34862c2 e-paragraph-base\" data-interaction-id=\"4fbdbc6\"  >\n\t\t\t\t\t\t\t\t<em>UV-odporni zaklju\u010dni premaz<\/em>\n\t\t\t\t\t<\/p>\n\t\t\t\t<\/div>\n\t\t\t\t<\/div>\n\t\t<div class=\"elementor-element elementor-element-2f205ba e-con-full e-flex e-con e-child\" data-id=\"2f205ba\" data-element_type=\"container\" data-e-type=\"container\" data-settings=\"{&quot;background_background&quot;:&quot;classic&quot;}\">\n\t\t\t\t\t\t\t\n\t\t<img class=\"e-image-base e-2426ad4-7cd1df6\" \n\t\t\t\t\tdata-interaction-id=\"2426ad4\" \n\t\t \n\t\t \n\t\t\t\t\t\t\t\t\tid=\"57\"\n\t\t\t\t\t\t\t\t\t\t\t\tsrc=\"https:\/\/epoxyexpert.si\/wp-content\/uploads\/2026\/03\/photo_2026-03-03_14-55-13-19.jpg\"\n\t\t\t\t\t\t\t\t\t\t\t\twidth=\"960\"\n\t\t\t\t\t\t\t\t\t\t\t\theight=\"1280\"\n\t\t\t\t\t\t\t\t\t\t\t\tsrcset=\"https:\/\/epoxyexpert.si\/wp-content\/uploads\/2026\/03\/photo_2026-03-03_14-55-13-19.jpg 960w, https:\/\/epoxyexpert.si\/wp-content\/uploads\/2026\/03\/photo_2026-03-03_14-55-13-19-225x300.jpg 225w, https:\/\/epoxyexpert.si\/wp-content\/uploads\/2026\/03\/photo_2026-03-03_14-55-13-19-768x1024.jpg 768w\"\n\t\t\t\t\t\t\t\t\t\t\t\talt=\"\"\n\t\t\t\t\t\t\/>\n\t\t\t<div class=\"elementor-element elementor-element-4986e96 e-con-full e-flex e-con e-child\" data-id=\"4986e96\" data-element_type=\"container\" data-e-type=\"container\">\n\t\t\t\t\t\t\t<h6 \n\t\tdata-interaction-id=\"dbb3de3\" \n\t\tclass=\"e-dbb3de3-2eef0a7 e-heading-base\" \n\t\t \n\t\t\n\t>\n\t\n\t\t\t<strong>Nitro razred\u010dilo 850<\/strong>\n\t\t<\/h6>\n\t\t\t\t\t\t\t\t<p class=\"e-0154994-7895dd5 e-paragraph-base\" data-interaction-id=\"0154994\"  >\n\t\t\t\t\t\t\t\t<em>dodatni tehni\u010dni material<\/em>\n\t\t\t\t\t<\/p>\n\t\t\t\t<\/div>\n\t\t\t\t<\/div>\n\t\t\t\t<\/div>\n\t\t\t\t<\/div>\n\t\t\t\t<\/div>\n\t\t\t\t<\/div>\n\t\t<div class=\"elementor-element elementor-element-d7216ef e-con-full e-flex e-con e-child\" data-id=\"d7216ef\" data-element_type=\"container\" data-e-type=\"container\">\n\t\t<div class=\"elementor-element elementor-element-a934ca8 e-con-full e-flex e-con e-child\" data-id=\"a934ca8\" data-element_type=\"container\" data-e-type=\"container\" data-settings=\"{&quot;background_background&quot;:&quot;classic&quot;}\">\n\t\t\t\t<div class=\"elementor-element elementor-element-ba48ffd elementor-widget elementor-widget-heading\" data-id=\"ba48ffd\" data-element_type=\"widget\" data-e-type=\"widget\" data-widget_type=\"heading.default\">\n\t\t\t\t\t<h3 class=\"elementor-heading-title elementor-size-default\">Tehni\u010dna podpora<\/h3>\t\t\t\t<\/div>\n\t\t\t\t<div class=\"elementor-element elementor-element-ef98243 elementor-widget elementor-widget-text-editor\" data-id=\"ef98243\" data-element_type=\"widget\" data-e-type=\"widget\" data-widget_type=\"text-editor.default\">\n\t\t\t\t\t\t\t\t\t<p>Pomagamo pri izbiri ustreznega sistema, izra\u010dunu porabe materiala in razumevanju tehnologije nanosa glede na zahteve objekta.<\/p>\t\t\t\t\t\t\t\t<\/div>\n\t\t\t\t<\/div>\n\t\t<div class=\"elementor-element elementor-element-4222561 e-con-full e-flex e-con e-child\" data-id=\"4222561\" data-element_type=\"container\" data-e-type=\"container\" data-settings=\"{&quot;background_background&quot;:&quot;classic&quot;}\">\n\t\t\t\t<div class=\"elementor-element elementor-element-8d54027 elementor-widget elementor-widget-heading\" data-id=\"8d54027\" data-element_type=\"widget\" data-e-type=\"widget\" data-widget_type=\"heading.default\">\n\t\t\t\t\t<h3 class=\"elementor-heading-title elementor-size-default\">Logistika in dobava<\/h3>\t\t\t\t<\/div>\n\t\t\t\t<div class=\"elementor-element elementor-element-3e9645d elementor-widget elementor-widget-text-editor\" data-id=\"3e9645d\" data-element_type=\"widget\" data-e-type=\"widget\" data-widget_type=\"text-editor.default\">\n\t\t\t\t\t\t\t\t\t<p>Zagotavljamo stabilno dobavo in usklajeno logistiko za naro\u010dnike izven Slovenije, z jasno komunikacijo in zanesljivim rokom izvedbe.<\/p><div id=\"mttContainer\" class=\"notranslate\" style=\"transform: translate(200px, 60px);\" aria-expanded=\"false\"><div id=\"tippy-1\" style=\"z-index: 100000200; visibility: hidden; position: absolute; inset: auto auto 0px 0px; margin: 0px; transform: translate3d(347px, -20px, 0px);\" data-tippy-root=\"\"><div class=\"tippy-box\" style=\"max-width: 350px; transition-duration: 250ms;\" tabindex=\"-1\" role=\"mtttooltip\" data-state=\"hidden\" data-theme=\"custom\" data-animation=\"fade\" data-placement=\"top\"><div class=\"tippy-content\" style=\"transition-duration: 250ms;\" data-state=\"hidden\"><span dir=\"ltr\">\u041c\u044b \u0433\u0430\u0440\u0430\u043d\u0442\u0438\u0440\u0443\u0435\u043c \u0441\u0442\u0430\u0431\u0438\u043b\u044c\u043d\u0443\u044e \u0434\u043e\u0441\u0442\u0430\u0432\u043a\u0443 \u0438 \u0441\u043a\u043e\u043e\u0440\u0434\u0438\u043d\u0438\u0440\u043e\u0432\u0430\u043d\u043d\u0443\u044e \u043b\u043e\u0433\u0438\u0441\u0442\u0438\u043a\u0443 \u0434\u043b\u044f \u043a\u043b\u0438\u0435\u043d\u0442\u043e\u0432 \u0437\u0430 \u043f\u0440\u0435\u0434\u0435\u043b\u0430\u043c\u0438 \u0421\u043b\u043e\u0432\u0435\u043d\u0438\u0438, \u0441 \u0447\u0435\u0442\u043a\u043e\u0439 \u0441\u0432\u044f\u0437\u044c\u044e \u0438 \u043d\u0430\u0434\u0435\u0436\u043d\u044b\u043c\u0438 \u0434\u0430\u0442\u0430\u043c\u0438 \u0434\u043e\u0441\u0442\u0430\u0432\u043a\u0438.<\/span><\/div><div class=\"tippy-arrow\" style=\"position: absolute; left: 0px; transform: translate3d(144px, 0px, 0px);\">\u00a0<\/div><\/div><\/div><\/div>\t\t\t\t\t\t\t\t<\/div>\n\t\t\t\t<\/div>\n\t\t\t\t<\/div>\n\t\t\t\t<\/div>\n\t\t<div class=\"elementor-element elementor-element-4026075 e-con-full e-flex e-con e-child\" data-id=\"4026075\" data-element_type=\"container\" data-e-type=\"container\" data-settings=\"{&quot;background_background&quot;:&quot;classic&quot;}\">\n\t\t\t\t<div class=\"elementor-element elementor-element-1c56a74 elementor-widget elementor-widget-heading\" data-id=\"1c56a74\" data-element_type=\"widget\" data-e-type=\"widget\" data-widget_type=\"heading.default\">\n\t\t\t\t\t<h3 class=\"elementor-heading-title elementor-size-default\">Neposredna dobava, tehni\u010dna podpora in preverjena kakovost materialov CHEMCO.<\/h3>\t\t\t\t<\/div>\n\t\t\t\t<div class=\"elementor-element elementor-element-4da78c9 elementor-widget elementor-widget-text-editor\" data-id=\"4da78c9\" data-element_type=\"widget\" data-e-type=\"widget\" data-widget_type=\"text-editor.default\">\n\t\t\t\t\t\t\t\t\t<p>Po\u0161ljite povpra\u0161evanje in pomagali vam bomo pri izbiri sistema, koli\u010dini materiala in pripravi dobave za va\u0161 projekt.<\/p>\t\t\t\t\t\t\t\t<\/div>\n\t\t<div class=\"elementor-element elementor-element-0a3e2c3 e-con-full e-flex e-con e-child\" data-id=\"0a3e2c3\" data-element_type=\"container\" data-e-type=\"container\">\n\t\t\t\t<div class=\"elementor-element elementor-element-21a3a93 elementor-widget elementor-widget-button\" data-id=\"21a3a93\" data-element_type=\"widget\" data-e-type=\"widget\" data-widget_type=\"button.default\">\n\t\t\t\t\t\t\t\t\t\t<a class=\"elementor-button elementor-button-link elementor-size-sm\" href=\"https:\/\/epoxyexpert.si\/kontakt\/\">\n\t\t\t\t\t\t<span class=\"elementor-button-content-wrapper\">\n\t\t\t\t\t\t\t\t\t<span class=\"elementor-button-text\">Po\u0161ljite povpra\u0161evanje<\/span>\n\t\t\t\t\t<\/span>\n\t\t\t\t\t<\/a>\n\t\t\t\t\t\t\t\t<\/div>\n\t\t\t\t<div class=\"elementor-element elementor-element-d81ab77 elementor-widget elementor-widget-button\" data-id=\"d81ab77\" data-element_type=\"widget\" data-e-type=\"widget\" data-widget_type=\"button.default\">\n\t\t\t\t\t\t\t\t\t\t<a class=\"elementor-button elementor-button-link elementor-size-sm\" href=\"https:\/\/epoxyexpert.si\/kontakt\/\">\n\t\t\t\t\t\t<span class=\"elementor-button-content-wrapper\">\n\t\t\t\t\t\t\t\t\t<span class=\"elementor-button-text\">Kontakt<\/span>\n\t\t\t\t\t<\/span>\n\t\t\t\t\t<\/a>\n\t\t\t\t\t\t\t\t<\/div>\n\t\t\t\t<\/div>\n\t\t\t\t<\/div>\n\t\t\t\t<\/div>\n\t\t\t\t<\/div>\n\t\t\t\t<\/div>\n\t\t\t\t<\/div>\n\t\t\t\t\t<\/div>\n\t\t\t\t<\/div>\n\t\t\t\t<\/div>\n\t\t","protected":false},"excerpt":{"rendered":"<p>Storitve Dobava materialov CHEMCO Neposredna dobava materialov proizvajalca CHEMCO Slovenija brez posrednikov, s strokovno podporo in zanesljivo logistiko. Zagotavljamo neposredno dobavo materialov proizvajalca CHEMCO Slovenija brez posrednikov. Poleg dobave nudimo tudi strokovno podporo pri izbiri sistema, porabi materiala in tehnologiji nanosa za razli\u010dne tipe objektov in obremenitev. Dobava materialov CHEMCO izven Slovenije Neposredno dobavljamo materiale&#8230;<\/p>","protected":false},"author":1,"featured_media":0,"parent":0,"menu_order":0,"comment_status":"closed","ping_status":"closed","template":"","meta":{"_kad_post_transparent":"","_kad_post_title":"hide","_kad_post_layout":"fullwidth","_kad_post_sidebar_id":"","_kad_post_content_style":"unboxed","_kad_post_vertical_padding":"hide","_kad_post_feature":"hide","_kad_post_feature_position":"","_kad_post_header":false,"_kad_post_footer":false,"_kad_post_classname":"","footnotes":""},"class_list":["post-1437","page","type-page","status-publish","hentry"],"_links":{"self":[{"href":"https:\/\/epoxyexpert.si\/en\/wp-json\/wp\/v2\/pages\/1437","targetHints":{"allow":["GET"]}}],"collection":[{"href":"https:\/\/epoxyexpert.si\/en\/wp-json\/wp\/v2\/pages"}],"about":[{"href":"https:\/\/epoxyexpert.si\/en\/wp-json\/wp\/v2\/types\/page"}],"author":[{"embeddable":true,"href":"https:\/\/epoxyexpert.si\/en\/wp-json\/wp\/v2\/users\/1"}],"replies":[{"embeddable":true,"href":"https:\/\/epoxyexpert.si\/en\/wp-json\/wp\/v2\/comments?post=1437"}],"version-history":[{"count":62,"href":"https:\/\/epoxyexpert.si\/en\/wp-json\/wp\/v2\/pages\/1437\/revisions"}],"predecessor-version":[{"id":1927,"href":"https:\/\/epoxyexpert.si\/en\/wp-json\/wp\/v2\/pages\/1437\/revisions\/1927"}],"wp:attachment":[{"href":"https:\/\/epoxyexpert.si\/en\/wp-json\/wp\/v2\/media?parent=1437"}],"curies":[{"name":"wp","href":"https:\/\/api.w.org\/{rel}","templated":true}]}}