{"id":1435,"date":"2026-03-26T21:26:22","date_gmt":"2026-03-26T20:26:22","guid":{"rendered":"https:\/\/epoxyexpert.si\/?page_id=1435"},"modified":"2026-04-04T22:02:24","modified_gmt":"2026-04-04T20:02:24","slug":"polimerna-tla","status":"publish","type":"page","link":"https:\/\/epoxyexpert.si\/en\/polimerna-tla\/","title":{"rendered":"Polimerna tla"},"content":{"rendered":"\t\t<div data-elementor-type=\"wp-page\" data-elementor-id=\"1435\" class=\"elementor elementor-1435\">\n\t\t\t\t<div class=\"elementor-element elementor-element-6a1d0d1 e-flex e-con-boxed e-con e-parent\" data-id=\"6a1d0d1\" data-element_type=\"container\" data-e-type=\"container\" data-settings=\"{&quot;background_background&quot;:&quot;classic&quot;}\">\n\t\t\t\t\t<div class=\"e-con-inner\">\n\t\t<div class=\"elementor-element elementor-element-e47f6c7 e-con-full e-flex e-con e-child\" data-id=\"e47f6c7\" data-element_type=\"container\" data-e-type=\"container\" data-settings=\"{&quot;background_background&quot;:&quot;classic&quot;}\">\n\t\t<div class=\"elementor-element elementor-element-bdc660b e-con-full e-flex e-con e-child\" data-id=\"bdc660b\" data-element_type=\"container\" data-e-type=\"container\">\n\t\t<div class=\"elementor-element elementor-element-583ff0f e-con-full e-flex e-con e-child\" data-id=\"583ff0f\" data-element_type=\"container\" data-e-type=\"container\" data-settings=\"{&quot;background_background&quot;:&quot;classic&quot;}\">\n\t\t\t\t<div class=\"elementor-element elementor-element-9d9eedf elementor-widget elementor-widget-heading\" data-id=\"9d9eedf\" data-element_type=\"widget\" data-e-type=\"widget\" data-widget_type=\"heading.default\">\n\t\t\t\t\t<div class=\"elementor-heading-title elementor-size-default\">Storitve<\/div>\t\t\t\t<\/div>\n\t\t\t\t<\/div>\n\t\t\t\t<div class=\"elementor-element elementor-element-22d6a3c elementor-widget-tablet__width-initial elementor-widget elementor-widget-heading\" data-id=\"22d6a3c\" data-element_type=\"widget\" data-e-type=\"widget\" data-widget_type=\"heading.default\">\n\t\t\t\t\t<div class=\"elementor-heading-title elementor-size-default\">Polimerna tla<\/div>\t\t\t\t<\/div>\n\t\t\t\t<div class=\"elementor-element elementor-element-d79ccec elementor-widget elementor-widget-text-editor\" data-id=\"d79ccec\" data-element_type=\"widget\" data-e-type=\"widget\" data-widget_type=\"text-editor.default\">\n\t\t\t\t\t\t\t\t\t<p class=\"p1\">Celoten cikel del pri izvedbi polimernih talnih sistemov za industrijske, komercialne in zasebne objekte.<\/p><div id=\"mttContainer\" class=\"notranslate\" style=\"transform: translate(192px, 18px);\" aria-expanded=\"false\"><div id=\"tippy-1\" style=\"z-index: 100000200; visibility: hidden; position: absolute; inset: 0px auto auto 0px; margin: 0px; transform: translate3d(355px, 20px, 0px);\" data-tippy-root=\"\"><div class=\"tippy-box\" style=\"max-width: 350px; transition-duration: 250ms;\" tabindex=\"-1\" role=\"mtttooltip\" data-state=\"hidden\" data-theme=\"custom\" data-animation=\"fade\" data-placement=\"bottom\"><div class=\"tippy-content\" style=\"transition-duration: 250ms;\" data-state=\"hidden\"><span dir=\"ltr\">\u041f\u043e\u043b\u043d\u044b\u0439 \u0446\u0438\u043a\u043b \u0440\u0430\u0431\u043e\u0442 \u043f\u043e \u0440\u0435\u0430\u043b\u0438\u0437\u0430\u0446\u0438\u0438 \u0441\u0438\u0441\u0442\u0435\u043c \u043f\u043e\u043b\u0438\u043c\u0435\u0440\u043d\u044b\u0445 \u043f\u043e\u043b\u043e\u0432 \u0434\u043b\u044f \u043f\u0440\u043e\u043c\u044b\u0448\u043b\u0435\u043d\u043d\u044b\u0445, \u043a\u043e\u043c\u043c\u0435\u0440\u0447\u0435\u0441\u043a\u0438\u0445 \u0438 \u0447\u0430\u0441\u0442\u043d\u044b\u0445 \u0437\u0434\u0430\u043d\u0438\u0439.<\/span><\/div><div class=\"tippy-arrow\" style=\"position: absolute; left: 0px; transform: translate3d(136px, 0px, 0px);\">\u00a0<\/div><\/div><\/div><\/div>\t\t\t\t\t\t\t\t<\/div>\n\t\t\t\t<\/div>\n\t\t\t\t<\/div>\n\t\t\t\t\t<\/div>\n\t\t\t\t<\/div>\n\t\t<div class=\"elementor-element elementor-element-b6ecf90 e-flex e-con-boxed e-con e-parent\" data-id=\"b6ecf90\" data-element_type=\"container\" data-e-type=\"container\" data-settings=\"{&quot;background_background&quot;:&quot;classic&quot;}\">\n\t\t\t\t\t<div class=\"e-con-inner\">\n\t\t<div class=\"elementor-element elementor-element-1e2bcce e-con-full e-flex e-con e-child\" data-id=\"1e2bcce\" data-element_type=\"container\" data-e-type=\"container\" data-settings=\"{&quot;background_background&quot;:&quot;classic&quot;}\">\n\t\t<div class=\"elementor-element elementor-element-9e6c0d4 e-con-full e-flex e-con e-child\" data-id=\"9e6c0d4\" data-element_type=\"container\" data-e-type=\"container\" data-settings=\"{&quot;background_background&quot;:&quot;classic&quot;}\">\n\t\t<div class=\"elementor-element elementor-element-626a7ac e-con-full e-flex e-con e-child\" data-id=\"626a7ac\" data-element_type=\"container\" data-e-type=\"container\">\n\t\t<div class=\"elementor-element elementor-element-aeb9583 e-con-full e-flex e-con e-child\" data-id=\"aeb9583\" data-element_type=\"container\" data-e-type=\"container\">\n\t\t\t\t<div class=\"elementor-element elementor-element-150b5bb elementor-widget__width-initial elementor-widget elementor-widget-text-editor\" data-id=\"150b5bb\" data-element_type=\"widget\" data-e-type=\"widget\" data-widget_type=\"text-editor.default\">\n\t\t\t\t\t\t\t\t\t<p class=\"p1\">Izvajamo celoten cikel del pri izvedbi polimernih talnih sistemov. Delamo po evropskih standardih ter zagotavljamo natan\u010dno pripravo podlage, kontrolirano izvedbo vseh slojev in visoko kakovost kon\u010dnega rezultata.<\/p>\t\t\t\t\t\t\t\t<\/div>\n\t\t<div class=\"elementor-element elementor-element-9375da9 e-con-full e-flex e-con e-child\" data-id=\"9375da9\" data-element_type=\"container\" data-e-type=\"container\">\n\t\t<div class=\"elementor-element elementor-element-2b4af54 e-con-full e-flex e-con e-child\" data-id=\"2b4af54\" data-element_type=\"container\" data-e-type=\"container\" data-settings=\"{&quot;background_background&quot;:&quot;classic&quot;}\">\n\t\t\t\t<div class=\"elementor-element elementor-element-e8f256f elementor-widget elementor-widget-heading\" data-id=\"e8f256f\" data-element_type=\"widget\" data-e-type=\"widget\" data-widget_type=\"heading.default\">\n\t\t\t\t\t<h3 class=\"elementor-heading-title elementor-size-default\">Sistemi<\/h3>\t\t\t\t<\/div>\n\t\t\t\t<div class=\"elementor-element elementor-element-ba6afac elementor-widget elementor-widget-text-editor\" data-id=\"ba6afac\" data-element_type=\"widget\" data-e-type=\"widget\" data-widget_type=\"text-editor.default\">\n\t\t\t\t\t\t\t\t\t<ul class=\"mt-6 space-y-4 text-[18px] leading-8 text-[#66756d]\" data-source-pos=\"96:14-103:19\" data-source-name=\"ul\"><li class=\"flex items-start gap-3\" data-source-pos=\"98:18-101:23\" data-source-name=\"li\"><span data-source-pos=\"100:20-100:39\" data-source-name=\"span\">epoksidni talni sistemi<\/span><\/li><li class=\"flex items-start gap-3\" data-source-pos=\"98:18-101:23\" data-source-name=\"li\"><span data-source-pos=\"100:20-100:39\" data-source-name=\"span\">poliuretanski premazi<\/span><\/li><li class=\"flex items-start gap-3\" data-source-pos=\"98:18-101:23\" data-source-name=\"li\"><span data-source-pos=\"100:20-100:39\" data-source-name=\"span\">poliasparti\u010dni zaklju\u010dni sloji<\/span><\/li><li class=\"flex items-start gap-3\" data-source-pos=\"98:18-101:23\" data-source-name=\"li\"><span data-source-pos=\"100:20-100:39\" data-source-name=\"span\">kvar\u010dni in dekorativni sistemi (floksi, \u010dipsi)<\/span><\/li><li class=\"flex items-start gap-3\" data-source-pos=\"98:18-101:23\" data-source-name=\"li\"><span data-source-pos=\"100:20-100:39\" data-source-name=\"span\">antistati\u010dna (ESD) tla<\/span><\/li><li class=\"flex items-start gap-3\" data-source-pos=\"98:18-101:23\" data-source-name=\"li\"><span data-source-pos=\"100:20-100:39\" data-source-name=\"span\">3D tla<\/span><\/li><\/ul>\t\t\t\t\t\t\t\t<\/div>\n\t\t\t\t<\/div>\n\t\t<div class=\"elementor-element elementor-element-0bb0a09 e-con-full e-flex e-con e-child\" data-id=\"0bb0a09\" data-element_type=\"container\" data-e-type=\"container\" data-settings=\"{&quot;background_background&quot;:&quot;classic&quot;}\">\n\t\t\t\t<div class=\"elementor-element elementor-element-0f6cb8e elementor-widget elementor-widget-heading\" data-id=\"0f6cb8e\" data-element_type=\"widget\" data-e-type=\"widget\" data-widget_type=\"heading.default\">\n\t\t\t\t\t<h3 class=\"elementor-heading-title elementor-size-default\">Za objekte<\/h3>\t\t\t\t<\/div>\n\t\t\t\t<div class=\"elementor-element elementor-element-f4292c3 elementor-widget elementor-widget-text-editor\" data-id=\"f4292c3\" data-element_type=\"widget\" data-e-type=\"widget\" data-widget_type=\"text-editor.default\">\n\t\t\t\t\t\t\t\t\t<ul class=\"mt-6 space-y-4 text-[18px] leading-8 text-[#66756d]\" data-source-pos=\"108:14-115:19\" data-source-name=\"ul\"><li class=\"flex items-start gap-3\" data-source-pos=\"110:18-113:23\" data-source-name=\"li\"><span data-source-pos=\"112:20-112:39\" data-source-name=\"span\">zasebne gara\u017ee<\/span><\/li><li class=\"flex items-start gap-3\" data-source-pos=\"110:18-113:23\" data-source-name=\"li\"><span data-source-pos=\"112:20-112:39\" data-source-name=\"span\">skladi\u0161\u010da in logisti\u010dni centri<\/span><\/li><li class=\"flex items-start gap-3\" data-source-pos=\"110:18-113:23\" data-source-name=\"li\"><span data-source-pos=\"112:20-112:39\" data-source-name=\"span\">proizvodni prostori<\/span><\/li><li class=\"flex items-start gap-3\" data-source-pos=\"110:18-113:23\" data-source-name=\"li\"><span data-source-pos=\"112:20-112:39\" data-source-name=\"span\">avtoservisi in parkirne hi\u0161e<\/span><\/li><li class=\"flex items-start gap-3\" data-source-pos=\"110:18-113:23\" data-source-name=\"li\"><span data-source-pos=\"112:20-112:39\" data-source-name=\"span\">medicinske in veterinarske ustanove<\/span><\/li><li class=\"flex items-start gap-3\" data-source-pos=\"110:18-113:23\" data-source-name=\"li\"><span data-source-pos=\"112:20-112:39\" data-source-name=\"span\">komercialni objekti<\/span><\/li><\/ul><div id=\"mttContainer\" class=\"notranslate\" style=\"transform: translate(105px, 26px);\" aria-expanded=\"false\"><div id=\"tippy-1\" style=\"z-index: 100000200; visibility: hidden; position: absolute; inset: 0px auto auto 0px; margin: 0px; transform: translate3d(422px, 20px, 0px);\" data-tippy-root=\"\"><div class=\"tippy-box\" style=\"max-width: 350px; transition-duration: 250ms;\" tabindex=\"-1\" role=\"mtttooltip\" data-state=\"hidden\" data-theme=\"custom\" data-animation=\"fade\" data-placement=\"bottom\"><div class=\"tippy-content\" style=\"transition-duration: 250ms;\" data-state=\"hidden\"><span dir=\"ltr\">\u0447\u0430\u0441\u0442\u043d\u044b\u0435 \u0433\u0430\u0440\u0430\u0436\u0438<\/span><\/div><div class=\"tippy-arrow\" style=\"position: absolute; left: 0px; transform: translate3d(69px, 0px, 0px);\">\u00a0<\/div><\/div><\/div><\/div>\t\t\t\t\t\t\t\t<\/div>\n\t\t\t\t<\/div>\n\t\t<div class=\"elementor-element elementor-element-b98c18a e-con-full e-flex e-con e-child\" data-id=\"b98c18a\" data-element_type=\"container\" data-e-type=\"container\" data-settings=\"{&quot;background_background&quot;:&quot;classic&quot;}\">\n\t\t\t\t<div class=\"elementor-element elementor-element-3ca119f elementor-widget elementor-widget-heading\" data-id=\"3ca119f\" data-element_type=\"widget\" data-e-type=\"widget\" data-widget_type=\"heading.default\">\n\t\t\t\t\t<h3 class=\"elementor-heading-title elementor-size-default\">Kaj vklju\u010duje storitev<\/h3>\t\t\t\t<\/div>\n\t\t\t\t<div class=\"elementor-element elementor-element-7e21a69 elementor-widget elementor-widget-text-editor\" data-id=\"7e21a69\" data-element_type=\"widget\" data-e-type=\"widget\" data-widget_type=\"text-editor.default\">\n\t\t\t\t\t\t\t\t\t<div class=\"flex items-start gap-3\" data-source-pos=\"134:18-137:24\" data-source-name=\"div\"><span data-source-pos=\"136:20-136:39\" data-source-name=\"span\">tehni\u010dni pregled in analiza podlage<\/span><\/div><div class=\"flex items-start gap-3\" data-source-pos=\"134:18-137:24\" data-source-name=\"div\"><span class=\"mt-1 text-[#2f6d49] font-bold\" data-source-pos=\"135:20-135:76\" data-source-name=\"span\">\u2714<\/span><span data-source-pos=\"136:20-136:39\" data-source-name=\"span\">mehanska priprava betona (bru\u0161enje, frezanje)<\/span><\/div><div class=\"flex items-start gap-3\" data-source-pos=\"134:18-137:24\" data-source-name=\"div\"><span class=\"mt-1 text-[#2f6d49] font-bold\" data-source-pos=\"135:20-135:76\" data-source-name=\"span\">\u2714<\/span><span data-source-pos=\"136:20-136:39\" data-source-name=\"span\">sanacija razpok in stikov<\/span><\/div><div class=\"flex items-start gap-3\" data-source-pos=\"134:18-137:24\" data-source-name=\"div\"><span class=\"mt-1 text-[#2f6d49] font-bold\" data-source-pos=\"135:20-135:76\" data-source-name=\"span\">\u2714<\/span><span data-source-pos=\"136:20-136:39\" data-source-name=\"span\">kontrola vlage v podlagi<\/span><\/div><div class=\"flex items-start gap-3\" data-source-pos=\"134:18-137:24\" data-source-name=\"div\"><span class=\"mt-1 text-[#2f6d49] font-bold\" data-source-pos=\"135:20-135:76\" data-source-name=\"span\">\u2714<\/span><span data-source-pos=\"136:20-136:39\" data-source-name=\"span\">nanos temeljnega sloja<\/span><\/div><div class=\"flex items-start gap-3\" data-source-pos=\"134:18-137:24\" data-source-name=\"div\"><span class=\"mt-1 text-[#2f6d49] font-bold\" data-source-pos=\"135:20-135:76\" data-source-name=\"span\">\u2714<\/span><span data-source-pos=\"136:20-136:39\" data-source-name=\"span\">nanos suhega frakcioniranega kremen\u010devega peska za bolj\u0161i oprijem<\/span><\/div><div class=\"flex items-start gap-3\" data-source-pos=\"134:18-137:24\" data-source-name=\"div\"><span class=\"mt-1 text-[#2f6d49] font-bold\" data-source-pos=\"135:20-135:76\" data-source-name=\"span\">\u2714<\/span><span data-source-pos=\"136:20-136:39\" data-source-name=\"span\">ponovno bru\u0161enje<\/span><\/div><div class=\"flex items-start gap-3\" data-source-pos=\"134:18-137:24\" data-source-name=\"div\"><span class=\"mt-1 text-[#2f6d49] font-bold\" data-source-pos=\"135:20-135:76\" data-source-name=\"span\">\u2714<\/span><span data-source-pos=\"136:20-136:39\" data-source-name=\"span\">izvedba osnovnega polimernega sloja<\/span><\/div><div class=\"flex items-start gap-3\" data-source-pos=\"134:18-137:24\" data-source-name=\"div\"><span class=\"mt-1 text-[#2f6d49] font-bold\" data-source-pos=\"135:20-135:76\" data-source-name=\"span\">\u2714<\/span><span data-source-pos=\"136:20-136:39\" data-source-name=\"span\">nanos za\u0161\u010ditnega zaklju\u010dnega premaza<\/span><\/div><div class=\"flex items-start gap-3\" data-source-pos=\"134:18-137:24\" data-source-name=\"div\"><span class=\"mt-1 text-[#2f6d49] font-bold\" data-source-pos=\"135:20-135:76\" data-source-name=\"span\">\u2714<\/span><span data-source-pos=\"136:20-136:39\" data-source-name=\"span\">kontrola debeline in kakovosti izvedbe<\/span><\/div>\t\t\t\t\t\t\t\t<\/div>\n\t\t\t\t<\/div>\n\t\t<div class=\"elementor-element elementor-element-9eba758 e-con-full e-flex e-con e-child\" data-id=\"9eba758\" data-element_type=\"container\" data-e-type=\"container\" data-settings=\"{&quot;background_background&quot;:&quot;classic&quot;}\">\n\t\t\t\t<\/div>\n\t\t\t\t<\/div>\n\t\t<div class=\"elementor-element elementor-element-437540f e-con-full e-flex e-con e-child\" data-id=\"437540f\" data-element_type=\"container\" data-e-type=\"container\" data-settings=\"{&quot;background_background&quot;:&quot;classic&quot;}\">\n\t\t<div class=\"elementor-element elementor-element-9a2c435 e-con-full e-flex e-con e-child\" data-id=\"9a2c435\" data-element_type=\"container\" data-e-type=\"container\">\n\t\t\t\t<div class=\"elementor-element elementor-element-6e9a318 elementor-widget__width-initial elementor-widget-mobile__width-initial elementor-widget elementor-widget-heading\" data-id=\"6e9a318\" data-element_type=\"widget\" data-e-type=\"widget\" data-widget_type=\"heading.default\">\n\t\t\t\t\t<h3 class=\"elementor-heading-title elementor-size-default\">Dekorativne re\u0161itve<\/h3>\t\t\t\t<\/div>\n\t\t\t\t<div class=\"elementor-element elementor-element-989584b elementor-widget__width-initial elementor-widget elementor-widget-text-editor\" data-id=\"989584b\" data-element_type=\"widget\" data-e-type=\"widget\" data-widget_type=\"text-editor.default\">\n\t\t\t\t\t\t\t\t\t<p class=\"p1\">Po potrebi izvajamo tudi dekorativne in 3D talne re\u0161itve za reprezentan\u010dne in posebne interierje, kjer sta poleg tehni\u010dne kakovosti pomembna tudi vizualni u\u010dinek in individualen dizajn.<\/p>\t\t\t\t\t\t\t\t<\/div>\n\t\t\t\t<\/div>\n\t\t<div class=\"elementor-element elementor-element-51d9c29 e-con-full e-flex e-con e-child\" data-id=\"51d9c29\" data-element_type=\"container\" data-e-type=\"container\" data-settings=\"{&quot;background_background&quot;:&quot;classic&quot;}\">\n\t\t\t\t<\/div>\n\t\t\t\t<\/div>\n\t\t\t\t<\/div>\n\t\t<div class=\"elementor-element elementor-element-7f0fa38 e-con-full e-flex e-con e-child\" data-id=\"7f0fa38\" data-element_type=\"container\" data-e-type=\"container\" data-settings=\"{&quot;background_background&quot;:&quot;classic&quot;}\">\n\t\t\t\t<div class=\"elementor-element elementor-element-f810a41 elementor-widget elementor-widget-heading\" data-id=\"f810a41\" data-element_type=\"widget\" data-e-type=\"widget\" data-widget_type=\"heading.default\">\n\t\t\t\t\t<h3 class=\"elementor-heading-title elementor-size-default\">Delamo po evropskih standardih in zagotavljamo garancijo za izvedena dela.<\/h3>\t\t\t\t<\/div>\n\t\t\t\t<div class=\"elementor-element elementor-element-c671a96 elementor-widget elementor-widget-text-editor\" data-id=\"c671a96\" data-element_type=\"widget\" data-e-type=\"widget\" data-widget_type=\"text-editor.default\">\n\t\t\t\t\t\t\t\t\t<p>Pomagamo pri izbiri sistema, pripravi tehni\u010dne re\u0161itve in organizaciji izvedbe glede na potrebe va\u0161ega objekta.<\/p><div id=\"mttContainer\" class=\"notranslate\" style=\"transform: translate(201px, 1px);\" aria-expanded=\"false\">\u00a0<\/div>\t\t\t\t\t\t\t\t<\/div>\n\t\t<div class=\"elementor-element elementor-element-a0e993b e-con-full e-flex e-con e-child\" data-id=\"a0e993b\" data-element_type=\"container\" data-e-type=\"container\">\n\t\t\t\t<div class=\"elementor-element elementor-element-3e9fe6d elementor-widget elementor-widget-button\" data-id=\"3e9fe6d\" data-element_type=\"widget\" data-e-type=\"widget\" data-widget_type=\"button.default\">\n\t\t\t\t\t\t\t\t\t\t<a class=\"elementor-button elementor-button-link elementor-size-sm\" href=\"https:\/\/epoxyexpert.si\/kontakt\/\">\n\t\t\t\t\t\t<span class=\"elementor-button-content-wrapper\">\n\t\t\t\t\t\t\t\t\t<span class=\"elementor-button-text\">Po\u0161ljite povpra\u0161evanje<\/span>\n\t\t\t\t\t<\/span>\n\t\t\t\t\t<\/a>\n\t\t\t\t\t\t\t\t<\/div>\n\t\t\t\t<div class=\"elementor-element elementor-element-c6132e3 elementor-widget elementor-widget-button\" data-id=\"c6132e3\" data-element_type=\"widget\" data-e-type=\"widget\" data-widget_type=\"button.default\">\n\t\t\t\t\t\t\t\t\t\t<a class=\"elementor-button elementor-button-link elementor-size-sm\" href=\"https:\/\/epoxyexpert.si\/kontakt\/\">\n\t\t\t\t\t\t<span class=\"elementor-button-content-wrapper\">\n\t\t\t\t\t\t\t\t\t<span class=\"elementor-button-text\">Kontakt<\/span>\n\t\t\t\t\t<\/span>\n\t\t\t\t\t<\/a>\n\t\t\t\t\t\t\t\t<\/div>\n\t\t\t\t<\/div>\n\t\t\t\t<\/div>\n\t\t\t\t<\/div>\n\t\t\t\t<\/div>\n\t\t\t\t<\/div>\n\t\t\t\t\t<\/div>\n\t\t\t\t<\/div>\n\t\t\t\t<\/div>\n\t\t","protected":false},"excerpt":{"rendered":"<p>Storitve Polimerna tla Celoten cikel del pri izvedbi polimernih talnih sistemov za industrijske, komercialne in zasebne objekte. \u041f\u043e\u043b\u043d\u044b\u0439 \u0446\u0438\u043a\u043b \u0440\u0430\u0431\u043e\u0442 \u043f\u043e \u0440\u0435\u0430\u043b\u0438\u0437\u0430\u0446\u0438\u0438 \u0441\u0438\u0441\u0442\u0435\u043c \u043f\u043e\u043b\u0438\u043c\u0435\u0440\u043d\u044b\u0445 \u043f\u043e\u043b\u043e\u0432 \u0434\u043b\u044f \u043f\u0440\u043e\u043c\u044b\u0448\u043b\u0435\u043d\u043d\u044b\u0445, \u043a\u043e\u043c\u043c\u0435\u0440\u0447\u0435\u0441\u043a\u0438\u0445 \u0438 \u0447\u0430\u0441\u0442\u043d\u044b\u0445 \u0437\u0434\u0430\u043d\u0438\u0439.\u00a0 Izvajamo celoten cikel del pri izvedbi polimernih talnih sistemov. Delamo po evropskih standardih ter zagotavljamo natan\u010dno pripravo podlage, kontrolirano izvedbo vseh slojev in visoko&#8230;<\/p>","protected":false},"author":1,"featured_media":0,"parent":0,"menu_order":0,"comment_status":"closed","ping_status":"closed","template":"","meta":{"_kad_post_transparent":"","_kad_post_title":"hide","_kad_post_layout":"fullwidth","_kad_post_sidebar_id":"","_kad_post_content_style":"unboxed","_kad_post_vertical_padding":"hide","_kad_post_feature":"hide","_kad_post_feature_position":"","_kad_post_header":false,"_kad_post_footer":false,"_kad_post_classname":"","footnotes":""},"class_list":["post-1435","page","type-page","status-publish","hentry"],"_links":{"self":[{"href":"https:\/\/epoxyexpert.si\/en\/wp-json\/wp\/v2\/pages\/1435","targetHints":{"allow":["GET"]}}],"collection":[{"href":"https:\/\/epoxyexpert.si\/en\/wp-json\/wp\/v2\/pages"}],"about":[{"href":"https:\/\/epoxyexpert.si\/en\/wp-json\/wp\/v2\/types\/page"}],"author":[{"embeddable":true,"href":"https:\/\/epoxyexpert.si\/en\/wp-json\/wp\/v2\/users\/1"}],"replies":[{"embeddable":true,"href":"https:\/\/epoxyexpert.si\/en\/wp-json\/wp\/v2\/comments?post=1435"}],"version-history":[{"count":50,"href":"https:\/\/epoxyexpert.si\/en\/wp-json\/wp\/v2\/pages\/1435\/revisions"}],"predecessor-version":[{"id":1932,"href":"https:\/\/epoxyexpert.si\/en\/wp-json\/wp\/v2\/pages\/1435\/revisions\/1932"}],"wp:attachment":[{"href":"https:\/\/epoxyexpert.si\/en\/wp-json\/wp\/v2\/media?parent=1435"}],"curies":[{"name":"wp","href":"https:\/\/api.w.org\/{rel}","templated":true}]}}