{"id":1087,"date":"2026-03-19T16:28:52","date_gmt":"2026-03-19T15:28:52","guid":{"rendered":"https:\/\/epoxyexpert.si\/?page_id=1087"},"modified":"2026-03-20T21:02:39","modified_gmt":"2026-03-20T20:02:39","slug":"varnost","status":"publish","type":"page","link":"https:\/\/epoxyexpert.si\/en\/varnost\/","title":{"rendered":"Varnost"},"content":{"rendered":"<div data-elementor-type=\"wp-page\" data-elementor-id=\"1087\" class=\"elementor elementor-1087\">\n\t\t\t\t<div class=\"elementor-element elementor-element-1659668 e-flex e-con-boxed e-con e-parent\" data-id=\"1659668\" data-element_type=\"container\" data-e-type=\"container\" data-settings=\"{&quot;background_background&quot;:&quot;classic&quot;}\">\n\t\t\t\t\t<div class=\"e-con-inner\">\n\t\t<div class=\"elementor-element elementor-element-6b4362a e-con-full e-flex e-con e-child\" data-id=\"6b4362a\" data-element_type=\"container\" data-e-type=\"container\" data-settings=\"{&quot;background_background&quot;:&quot;classic&quot;}\">\n\t\t<div class=\"elementor-element elementor-element-8c90bb4 e-con-full e-flex e-con e-child\" data-id=\"8c90bb4\" data-element_type=\"container\" data-e-type=\"container\">\n\t\t<div class=\"elementor-element elementor-element-d3bc2e9 e-con-full e-flex e-con e-child\" data-id=\"d3bc2e9\" data-element_type=\"container\" data-e-type=\"container\">\n\t\t\t\t<div class=\"elementor-element elementor-element-3a2bc1d elementor-widget elementor-widget-heading\" data-id=\"3a2bc1d\" data-element_type=\"widget\" data-e-type=\"widget\" data-widget_type=\"heading.default\">\n\t\t\t\t\t<div class=\"elementor-heading-title elementor-size-default\">VARNOST<\/div>\t\t\t\t<\/div>\n\t\t\t\t<div class=\"elementor-element elementor-element-26acdd8 elementor-widget__width-initial elementor-widget elementor-widget-heading\" data-id=\"26acdd8\" data-element_type=\"widget\" data-e-type=\"widget\" data-widget_type=\"heading.default\">\n\t\t\t\t\t<h1 class=\"elementor-heading-title elementor-size-default\">Varnost na vseh fazah projekta in uporabe<\/h1>\t\t\t\t<\/div>\n\t\t\t\t<div class=\"elementor-element elementor-element-5d7192e elementor-widget__width-initial elementor-widget elementor-widget-text-editor\" data-id=\"5d7192e\" data-element_type=\"widget\" data-e-type=\"widget\" data-widget_type=\"text-editor.default\">\n\t\t\t\t\t\t\t\t\t<p class=\"p1\">Varnost je prioriteta pri izvedbi del in uporabi polimernih premazov. Upo\u0161tevamo evropske standarde in tehni\u010dne predpise na vseh fazah projekta \u2014 od priprave podlage do predaje objekta.<\/p>\t\t\t\t\t\t\t\t<\/div>\n\t\t<div class=\"elementor-element elementor-element-870b335 e-con-full e-flex e-con e-child\" data-id=\"870b335\" data-element_type=\"container\" data-e-type=\"container\">\n\t\t<div class=\"elementor-element elementor-element-9f671ef e-con-full e-flex e-con e-child\" data-id=\"9f671ef\" data-element_type=\"container\" data-e-type=\"container\" data-settings=\"{&quot;background_background&quot;:&quot;classic&quot;}\">\n\t\t<div class=\"elementor-element elementor-element-8f893b1 e-con-full e-flex e-con e-child\" data-id=\"8f893b1\" data-element_type=\"container\" data-e-type=\"container\" data-settings=\"{&quot;background_background&quot;:&quot;classic&quot;}\">\n\t\t\t\t<div class=\"elementor-element elementor-element-a6e30b5 elementor-widget elementor-widget-heading\" data-id=\"a6e30b5\" data-element_type=\"widget\" data-e-type=\"widget\" data-widget_type=\"heading.default\">\n\t\t\t\t\t<div class=\"elementor-heading-title elementor-size-default\">Pogoj 1<\/div>\t\t\t\t<\/div>\n\t\t\t\t<\/div>\n\t\t\t\t<div class=\"elementor-element elementor-element-5b877fd elementor-widget elementor-widget-heading\" data-id=\"5b877fd\" data-element_type=\"widget\" data-e-type=\"widget\" data-widget_type=\"heading.default\">\n\t\t\t\t\t<h3 class=\"elementor-heading-title elementor-size-default\">Varnost materialov in uporaba<\/h3>\t\t\t\t<\/div>\n\t\t\t\t<div class=\"elementor-element elementor-element-45e6df6 elementor-widget elementor-widget-text-editor\" data-id=\"45e6df6\" data-element_type=\"widget\" data-e-type=\"widget\" data-widget_type=\"text-editor.default\">\n\t\t\t\t\t\t\t\t\t<p class=\"p1\">Materiali so varni za ljudi. Uporabljamo profesionalne sisteme z nizko vsebnostjo hlapnih organskih spojin (VOC), ki ustrezajo zahtevam EU. Po popolnem utrjevanju so premazi varni za uporabo v komercialnih, industrijskih in javnih prostorih.<\/p><p class=\"p1\">Premaze je mogo\u010de uporabljati\u00a0 v medicinskih in prehrambenih objektih?<br \/>Da. Izbiramo sisteme, ki so odporni na dezinfekcijo, vlago in kemi\u010dne vplive. Brez\u0161ivna struktura prepre\u010duje nabiranje umazanije in bakterij.<\/p>\t\t\t\t\t\t\t\t<\/div>\n\t\t\t\t<\/div>\n\t\t<div class=\"elementor-element elementor-element-134a424 e-con-full e-flex e-con e-child\" data-id=\"134a424\" data-element_type=\"container\" data-e-type=\"container\" data-settings=\"{&quot;background_background&quot;:&quot;classic&quot;}\">\n\t\t<div class=\"elementor-element elementor-element-9b9a1ca e-con-full e-flex e-con e-child\" data-id=\"9b9a1ca\" data-element_type=\"container\" data-e-type=\"container\" data-settings=\"{&quot;background_background&quot;:&quot;classic&quot;}\">\n\t\t\t\t<div class=\"elementor-element elementor-element-f7f278e elementor-widget elementor-widget-heading\" data-id=\"f7f278e\" data-element_type=\"widget\" data-e-type=\"widget\" data-widget_type=\"heading.default\">\n\t\t\t\t\t<div class=\"elementor-heading-title elementor-size-default\">Pogoj 2<\/div>\t\t\t\t<\/div>\n\t\t\t\t<\/div>\n\t\t\t\t<div class=\"elementor-element elementor-element-427ee43 elementor-widget elementor-widget-heading\" data-id=\"427ee43\" data-element_type=\"widget\" data-e-type=\"widget\" data-widget_type=\"heading.default\">\n\t\t\t\t\t<h3 class=\"elementor-heading-title elementor-size-default\">Fizi\u010dna varnost premazov<\/h3>\t\t\t\t<\/div>\n\t\t\t\t<div class=\"elementor-element elementor-element-e092e2c elementor-widget elementor-widget-text-editor\" data-id=\"e092e2c\" data-element_type=\"widget\" data-e-type=\"widget\" data-widget_type=\"text-editor.default\">\n\t\t\t\t\t\t\t\t\t<p class=\"p1\">Premazi so odporni proti zdrsu. Lahko izvedemo razli\u010dne razrede protizdrsnosti (R9\u2013R13), glede na zahteve objekta. Protizdrsni sistemi so posebej pomembni za proizvodnjo, skladi\u0161\u010da, avtopralnice in prehrambeno industrijo.<\/p><p class=\"p1\">Polimerni premazi so po\u017earno varni in ustrezajo evropskim zahtevam po\u017earne varnosti. Po potrebi zagotovimo ustrezne tehni\u010dne podatke in protokole testiranj.<\/p>\t\t\t\t\t\t\t\t<\/div>\n\t\t\t\t<\/div>\n\t\t<div class=\"elementor-element elementor-element-d168a0d e-con-full e-flex e-con e-child\" data-id=\"d168a0d\" data-element_type=\"container\" data-e-type=\"container\" data-settings=\"{&quot;background_background&quot;:&quot;classic&quot;}\">\n\t\t<div class=\"elementor-element elementor-element-9e87cf2 e-con-full e-flex e-con e-child\" data-id=\"9e87cf2\" data-element_type=\"container\" data-e-type=\"container\" data-settings=\"{&quot;background_background&quot;:&quot;classic&quot;}\">\n\t\t\t\t<div class=\"elementor-element elementor-element-a179fcd elementor-widget elementor-widget-heading\" data-id=\"a179fcd\" data-element_type=\"widget\" data-e-type=\"widget\" data-widget_type=\"heading.default\">\n\t\t\t\t\t<div class=\"elementor-heading-title elementor-size-default\">Pogoj 3<\/div>\t\t\t\t<\/div>\n\t\t\t\t<\/div>\n\t\t\t\t<div class=\"elementor-element elementor-element-1506745 elementor-widget elementor-widget-heading\" data-id=\"1506745\" data-element_type=\"widget\" data-e-type=\"widget\" data-widget_type=\"heading.default\">\n\t\t\t\t\t<h3 class=\"elementor-heading-title elementor-size-default\">Monta\u017ea in varnost uporabe<\/h3>\t\t\t\t<\/div>\n\t\t\t\t<div class=\"elementor-element elementor-element-0b8f4cf elementor-widget elementor-widget-text-editor\" data-id=\"0b8f4cf\" data-element_type=\"widget\" data-e-type=\"widget\" data-widget_type=\"text-editor.default\">\n\t\t\t\t\t\t\t\t\t<p class=\"p1\">Med izvedbo del uporabljamo profesionalno opremo, upo\u0161tevamo predpise varnosti pri delu, nadzorujemo prezra\u010devanje prostora, osebje pa uporablja ustrezno za\u0161\u010ditno opremo. Vpliv del na delujo\u010de proizvodnje minimaliziramo.<\/p><p class=\"p1\">Varnost uporabe je neposredno odvisna od pravilnega merjenja vlage podlage, upo\u0161tevanja tehnologije vgradnje in ustreznosti izbranega sistema glede na obremenitve. Ne uporabljamo univerzalnih re\u0161itev \u2014 vsak sistem je izbran individualno.<\/p><p class=\"p1\"><strong>Na\u0161 princip:<\/strong> Varnost ni le lastnost materiala, temve\u010d tudi pravilna izbira sistema, strokovna izvedba, nadzor kakovosti in tehni\u010dna podpora.<br \/>\u010ce imate specifi\u010dne zahteve (prehrambena industrija, medicina, industrija, javni objekti), nas kontaktirajte \u2014 pripravili bomo re\u0161itev v skladu s standardi in pogoji uporabe.<\/p><div id=\"mttContainer\" class=\"notranslate\" style=\"transform: translate(33px, 160px);\" aria-expanded=\"true\"><div id=\"tippy-1\" style=\"z-index: 100000200; visibility: visible; position: absolute; inset: auto auto 0px 0px; margin: 0px; transform: translate3d(472px, -20px, 0px);\" data-tippy-root=\"\"><div class=\"tippy-box\" style=\"max-width: 350px; transition-duration: 300ms;\" tabindex=\"-1\" role=\"mtttooltip\" data-state=\"visible\" data-theme=\"custom\" data-animation=\"fade\" data-placement=\"top\"><div class=\"tippy-content\" style=\"transition-duration: 300ms;\" data-state=\"visible\"><span dir=\"ltr\">\u041d\u0430\u0448 \u043f\u0440\u0438\u043d\u0446\u0438\u043f: \u0411\u0435\u0437\u043e\u043f\u0430\u0441\u043d\u043e\u0441\u0442\u044c \u2013 \u044d\u0442\u043e \u043d\u0435 \u0442\u043e\u043b\u044c\u043a\u043e \u0441\u0432\u043e\u0439\u0441\u0442\u0432\u043e \u043c\u0430\u0442\u0435\u0440\u0438\u0430\u043b\u0430, \u043d\u043e \u0438 \u043f\u0440\u0430\u0432\u0438\u043b\u044c\u043d\u044b\u0439 \u0432\u044b\u0431\u043e\u0440 \u0441\u0438\u0441\u0442\u0435\u043c\u044b, \u043f\u0440\u043e\u0444\u0435\u0441\u0441\u0438\u043e\u043d\u0430\u043b\u044c\u043d\u043e\u0435 \u0438\u0441\u043f\u043e\u043b\u043d\u0435\u043d\u0438\u0435, \u043a\u043e\u043d\u0442\u0440\u043e\u043b\u044c \u043a\u0430\u0447\u0435\u0441\u0442\u0432\u0430 \u0438 \u0442\u0435\u0445\u043d\u0438\u0447\u0435\u0441\u043a\u0430\u044f \u043f\u043e\u0434\u0434\u0435\u0440\u0436\u043a\u0430.<\/span><\/div><div class=\"tippy-arrow\" style=\"position: absolute; left: 0px; transform: translate3d(19px, 0px, 0px);\">\u00a0<\/div><\/div><\/div><\/div>\t\t\t\t\t\t\t\t<\/div>\n\t\t\t\t<\/div>\n\t\t\t\t<\/div>\n\t\t\t\t<\/div>\n\t\t<div class=\"elementor-element elementor-element-44b17b6 e-con-full e-flex e-con e-child\" data-id=\"44b17b6\" data-element_type=\"container\" data-e-type=\"container\">\n\t\t\t\t<div class=\"elementor-element elementor-element-8c6678a elementor-widget elementor-widget-button\" data-id=\"8c6678a\" data-element_type=\"widget\" data-e-type=\"widget\" data-widget_type=\"button.default\">\n\t\t\t\t\t\t\t\t\t\t<a class=\"elementor-button elementor-button-link elementor-size-sm\" href=\"https:\/\/epoxyexpert.si\/en\/kontakt\/\">\n\t\t\t\t\t\t<span class=\"elementor-button-content-wrapper\">\n\t\t\t\t\t\t\t\t\t<span class=\"elementor-button-text\">Brezpla\u010dna konzultacija<\/span>\n\t\t\t\t\t<\/span>\n\t\t\t\t\t<\/a>\n\t\t\t\t\t\t\t\t<\/div>\n\t\t\t\t<\/div>\n\t\t\t\t<\/div>\n\t\t\t\t<\/div>\n\t\t\t\t\t<\/div>\n\t\t\t\t<\/div>\n\t\t\t\t<\/div>","protected":false},"excerpt":{"rendered":"<p>VARNOST Varnost na vseh fazah projekta in uporabe Varnost je prioriteta pri izvedbi del in uporabi polimernih premazov. Upo\u0161tevamo evropske standarde in tehni\u010dne predpise na vseh fazah projekta \u2014 od priprave podlage do predaje objekta. Pogoj 1 Varnost materialov in uporaba Materiali so varni za ljudi. Uporabljamo profesionalne sisteme z nizko vsebnostjo hlapnih organskih spojin&#8230;<\/p>","protected":false},"author":1,"featured_media":0,"parent":0,"menu_order":0,"comment_status":"closed","ping_status":"closed","template":"","meta":{"_kad_post_transparent":"","_kad_post_title":"hide","_kad_post_layout":"fullwidth","_kad_post_sidebar_id":"","_kad_post_content_style":"unboxed","_kad_post_vertical_padding":"hide","_kad_post_feature":"hide","_kad_post_feature_position":"","_kad_post_header":false,"_kad_post_footer":false,"_kad_post_classname":"","footnotes":""},"class_list":["post-1087","page","type-page","status-publish","hentry"],"_links":{"self":[{"href":"https:\/\/epoxyexpert.si\/en\/wp-json\/wp\/v2\/pages\/1087","targetHints":{"allow":["GET"]}}],"collection":[{"href":"https:\/\/epoxyexpert.si\/en\/wp-json\/wp\/v2\/pages"}],"about":[{"href":"https:\/\/epoxyexpert.si\/en\/wp-json\/wp\/v2\/types\/page"}],"author":[{"embeddable":true,"href":"https:\/\/epoxyexpert.si\/en\/wp-json\/wp\/v2\/users\/1"}],"replies":[{"embeddable":true,"href":"https:\/\/epoxyexpert.si\/en\/wp-json\/wp\/v2\/comments?post=1087"}],"version-history":[{"count":16,"href":"https:\/\/epoxyexpert.si\/en\/wp-json\/wp\/v2\/pages\/1087\/revisions"}],"predecessor-version":[{"id":1133,"href":"https:\/\/epoxyexpert.si\/en\/wp-json\/wp\/v2\/pages\/1087\/revisions\/1133"}],"wp:attachment":[{"href":"https:\/\/epoxyexpert.si\/en\/wp-json\/wp\/v2\/media?parent=1087"}],"curies":[{"name":"wp","href":"https:\/\/api.w.org\/{rel}","templated":true}]}}