{"id":1085,"date":"2026-03-19T16:28:31","date_gmt":"2026-03-19T15:28:31","guid":{"rendered":"https:\/\/epoxyexpert.si\/?page_id=1085"},"modified":"2026-03-23T22:19:48","modified_gmt":"2026-03-23T21:19:48","slug":"tehnicna-dokumentacija","status":"publish","type":"page","link":"https:\/\/epoxyexpert.si\/en\/tehnicna-dokumentacija\/","title":{"rendered":"Tehni\u010dna dokumentacija"},"content":{"rendered":"<div data-elementor-type=\"wp-page\" data-elementor-id=\"1085\" class=\"elementor elementor-1085\">\n\t\t\t\t<div class=\"elementor-element elementor-element-3d65be0 e-flex e-con-boxed e-con e-parent\" data-id=\"3d65be0\" data-element_type=\"container\" data-e-type=\"container\" data-settings=\"{&quot;background_background&quot;:&quot;classic&quot;}\">\n\t\t\t\t\t<div class=\"e-con-inner\">\n\t\t<div class=\"elementor-element elementor-element-8de8dc1 e-con-full e-flex e-con e-child\" data-id=\"8de8dc1\" data-element_type=\"container\" data-e-type=\"container\" data-settings=\"{&quot;background_background&quot;:&quot;classic&quot;}\">\n\t\t<div class=\"elementor-element elementor-element-8d5160b e-con-full e-flex e-con e-child\" data-id=\"8d5160b\" data-element_type=\"container\" data-e-type=\"container\">\n\t\t<div class=\"elementor-element elementor-element-40506d8 e-con-full e-flex e-con e-child\" data-id=\"40506d8\" data-element_type=\"container\" data-e-type=\"container\">\n\t\t\t\t<div class=\"elementor-element elementor-element-0d88b64 elementor-widget elementor-widget-heading\" data-id=\"0d88b64\" data-element_type=\"widget\" data-e-type=\"widget\" data-widget_type=\"heading.default\">\n\t\t\t\t\t<div class=\"elementor-heading-title elementor-size-default\">Tehni\u010dna dokumentacija<\/div>\t\t\t\t<\/div>\n\t\t\t\t<div class=\"elementor-element elementor-element-1a6a91a elementor-widget__width-initial elementor-widget elementor-widget-heading\" data-id=\"1a6a91a\" data-element_type=\"widget\" data-e-type=\"widget\" data-widget_type=\"heading.default\">\n\t\t\t\t\t<h1 class=\"elementor-heading-title elementor-size-default\">Klju\u010dni nadzor podlage pred nanosom epoksidnih in poliuretanskih sistemov<\/h1>\t\t\t\t<\/div>\n\t\t\t\t<div class=\"elementor-element elementor-element-9dd0fd5 elementor-widget__width-initial elementor-widget elementor-widget-text-editor\" data-id=\"9dd0fd5\" data-element_type=\"widget\" data-e-type=\"widget\" data-widget_type=\"text-editor.default\">\n\t\t\t\t\t\t\t\t\t<p class=\"p1\">Sistem izberemo individualno glede na va\u0161 objekt.Tehni\u010dna dokumentacija se pripravi izklju\u010dno za tisti sistem, ki ustreza: pogojem uporabe, tipu podlage, varnostnim zahtevam in industrijskim standardom. To izklju\u010duje mo\u017enost prejema zastarelih ali neustreznih materialov.<\/p>\t\t\t\t\t\t\t\t<\/div>\n\t\t<div class=\"elementor-element elementor-element-0d818f6 e-con-full e-flex e-con e-child\" data-id=\"0d818f6\" data-element_type=\"container\" data-e-type=\"container\">\n\t\t<div class=\"elementor-element elementor-element-ff07a32 e-con-full e-flex e-con e-child\" data-id=\"ff07a32\" data-element_type=\"container\" data-e-type=\"container\" data-settings=\"{&quot;background_background&quot;:&quot;classic&quot;}\">\n\t\t<div class=\"elementor-element elementor-element-ab975a8 e-con-full e-flex e-con e-child\" data-id=\"ab975a8\" data-element_type=\"container\" data-e-type=\"container\" data-settings=\"{&quot;background_background&quot;:&quot;classic&quot;}\">\n\t\t\t\t<div class=\"elementor-element elementor-element-9c8233d elementor-widget elementor-widget-heading\" data-id=\"9c8233d\" data-element_type=\"widget\" data-e-type=\"widget\" data-widget_type=\"heading.default\">\n\t\t\t\t\t<div class=\"elementor-heading-title elementor-size-default\">Pogoj 1<\/div>\t\t\t\t<\/div>\n\t\t\t\t<\/div>\n\t\t\t\t<div class=\"elementor-element elementor-element-b7f1af7 elementor-widget elementor-widget-heading\" data-id=\"b7f1af7\" data-element_type=\"widget\" data-e-type=\"widget\" data-widget_type=\"heading.default\">\n\t\t\t\t\t<h3 class=\"elementor-heading-title elementor-size-default\">Izbira sistema in tehni\u010dna skladnost<\/h3>\t\t\t\t<\/div>\n\t\t\t\t<div class=\"elementor-element elementor-element-73cd232 elementor-widget elementor-widget-text-editor\" data-id=\"73cd232\" data-element_type=\"widget\" data-e-type=\"widget\" data-widget_type=\"text-editor.default\">\n\t\t\t\t\t\t\t\t\t<p class=\"p1\">Sistem izberemo individualno glede na va\u0161 objekt.<br \/>Sistem izberemo individualno glede na va\u0161 objekt.<br \/>Tehni\u010dna dokumentacija se pripravi izklju\u010dno za tisti sistem, ki ustreza:<\/p><ul><li><p class=\"p1\">pogojem uporabe<\/p><\/li><li><p class=\"p1\">tipu podlage<\/p><\/li><li><p class=\"p1\">varnostnim zahtevam<\/p><\/li><li><p class=\"p1\">industrijskim standardom<\/p><\/li><\/ul><p>To izklju\u010duje mo\u017enost prejema zastarelih ali neustreznih materialov.<\/p>\t\t\t\t\t\t\t\t<\/div>\n\t\t\t\t<\/div>\n\t\t<div class=\"elementor-element elementor-element-ef5b275 e-con-full e-flex e-con e-child\" data-id=\"ef5b275\" data-element_type=\"container\" data-e-type=\"container\" data-settings=\"{&quot;background_background&quot;:&quot;classic&quot;}\">\n\t\t<div class=\"elementor-element elementor-element-7c52400 e-con-full e-flex e-con e-child\" data-id=\"7c52400\" data-element_type=\"container\" data-e-type=\"container\" data-settings=\"{&quot;background_background&quot;:&quot;classic&quot;}\">\n\t\t\t\t<div class=\"elementor-element elementor-element-e7404f2 elementor-widget elementor-widget-heading\" data-id=\"e7404f2\" data-element_type=\"widget\" data-e-type=\"widget\" data-widget_type=\"heading.default\">\n\t\t\t\t\t<div class=\"elementor-heading-title elementor-size-default\">Pogoj 2<\/div>\t\t\t\t<\/div>\n\t\t\t\t<\/div>\n\t\t\t\t<div class=\"elementor-element elementor-element-c9e7b3a elementor-widget elementor-widget-heading\" data-id=\"c9e7b3a\" data-element_type=\"widget\" data-e-type=\"widget\" data-widget_type=\"heading.default\">\n\t\t\t\t\t<h3 class=\"elementor-heading-title elementor-size-default\">Tehni\u010dna dokumentacija in postopek pridobitve<\/h3>\t\t\t\t<\/div>\n\t\t\t\t<div class=\"elementor-element elementor-element-62425b0 elementor-widget elementor-widget-text-editor\" data-id=\"62425b0\" data-element_type=\"widget\" data-e-type=\"widget\" data-widget_type=\"text-editor.default\">\n\t\t\t\t\t\t\t\t\t<p class=\"p1\">Na va\u0161o individualno zahtevo zagotovimo celoten komplet tehni\u010dne dokumentacije za uporabljene sisteme in materiale.<br \/>Kontaktirajte nas po telefonu ali preko kontaktnega obrazca ter navedite:<\/p><ul><li><p class=\"p1\">tip objekta<\/p><\/li><li><p class=\"p1\">predviden sistem premaza<\/p><\/li><li><p class=\"p1\">zahteve glede uporabe<\/p><\/li><\/ul><p class=\"p1\">Celoten paket dokumentacije vam po\u0161ljemo v najkraj\u0161em mo\u017enem \u010dasu.Natan\u010dnost v dokumentaciji je osnova za zanesljiv in dolgotrajen rezultat.<\/p>\t\t\t\t\t\t\t\t<\/div>\n\t\t\t\t<\/div>\n\t\t\t\t<\/div>\n\t\t\t\t<\/div>\n\t\t<div class=\"elementor-element elementor-element-06f80ce e-con-full e-flex e-con e-child\" data-id=\"06f80ce\" data-element_type=\"container\" data-e-type=\"container\">\n\t\t\t\t<div class=\"elementor-element elementor-element-3a61c1c elementor-widget elementor-widget-button\" data-id=\"3a61c1c\" data-element_type=\"widget\" data-e-type=\"widget\" data-widget_type=\"button.default\">\n\t\t\t\t\t\t\t\t\t\t<a class=\"elementor-button elementor-button-link elementor-size-sm\" href=\"https:\/\/epoxyexpert.si\/en\/kontakt\/\">\n\t\t\t\t\t\t<span class=\"elementor-button-content-wrapper\">\n\t\t\t\t\t\t\t\t\t<span class=\"elementor-button-text\">Brezpla\u010dna konzultacija<\/span>\n\t\t\t\t\t<\/span>\n\t\t\t\t\t<\/a>\n\t\t\t\t\t\t\t\t<\/div>\n\t\t\t\t<\/div>\n\t\t\t\t<\/div>\n\t\t\t\t<\/div>\n\t\t\t\t\t<\/div>\n\t\t\t\t<\/div>\n\t\t\t\t<\/div>","protected":false},"excerpt":{"rendered":"<p>Tehni\u010dna dokumentacija Klju\u010dni nadzor podlage pred nanosom epoksidnih in poliuretanskih sistemov Sistem izberemo individualno glede na va\u0161 objekt.Tehni\u010dna dokumentacija se pripravi izklju\u010dno za tisti sistem, ki ustreza: pogojem uporabe, tipu podlage, varnostnim zahtevam in industrijskim standardom. To izklju\u010duje mo\u017enost prejema zastarelih ali neustreznih materialov. Pogoj 1 Izbira sistema in tehni\u010dna skladnost Sistem izberemo individualno glede&#8230;<\/p>","protected":false},"author":1,"featured_media":0,"parent":0,"menu_order":0,"comment_status":"closed","ping_status":"closed","template":"","meta":{"_kad_post_transparent":"","_kad_post_title":"hide","_kad_post_layout":"fullwidth","_kad_post_sidebar_id":"","_kad_post_content_style":"unboxed","_kad_post_vertical_padding":"hide","_kad_post_feature":"hide","_kad_post_feature_position":"","_kad_post_header":false,"_kad_post_footer":false,"_kad_post_classname":"","footnotes":""},"class_list":["post-1085","page","type-page","status-publish","hentry"],"_links":{"self":[{"href":"https:\/\/epoxyexpert.si\/en\/wp-json\/wp\/v2\/pages\/1085","targetHints":{"allow":["GET"]}}],"collection":[{"href":"https:\/\/epoxyexpert.si\/en\/wp-json\/wp\/v2\/pages"}],"about":[{"href":"https:\/\/epoxyexpert.si\/en\/wp-json\/wp\/v2\/types\/page"}],"author":[{"embeddable":true,"href":"https:\/\/epoxyexpert.si\/en\/wp-json\/wp\/v2\/users\/1"}],"replies":[{"embeddable":true,"href":"https:\/\/epoxyexpert.si\/en\/wp-json\/wp\/v2\/comments?post=1085"}],"version-history":[{"count":10,"href":"https:\/\/epoxyexpert.si\/en\/wp-json\/wp\/v2\/pages\/1085\/revisions"}],"predecessor-version":[{"id":1177,"href":"https:\/\/epoxyexpert.si\/en\/wp-json\/wp\/v2\/pages\/1085\/revisions\/1177"}],"wp:attachment":[{"href":"https:\/\/epoxyexpert.si\/en\/wp-json\/wp\/v2\/media?parent=1085"}],"curies":[{"name":"wp","href":"https:\/\/api.w.org\/{rel}","templated":true}]}}