{"id":1083,"date":"2026-03-19T16:27:49","date_gmt":"2026-03-19T15:27:49","guid":{"rendered":"https:\/\/epoxyexpert.si\/?page_id=1083"},"modified":"2026-03-28T12:46:01","modified_gmt":"2026-03-28T11:46:01","slug":"izmerjanje-vlage","status":"publish","type":"page","link":"https:\/\/epoxyexpert.si\/en\/izmerjanje-vlage\/","title":{"rendered":"Izmerjanje vlage"},"content":{"rendered":"<div data-elementor-type=\"wp-page\" data-elementor-id=\"1083\" class=\"elementor elementor-1083\">\n\t\t\t\t<div class=\"elementor-element elementor-element-7aae3c2 e-flex e-con-boxed e-con e-parent\" data-id=\"7aae3c2\" data-element_type=\"container\" data-e-type=\"container\" data-settings=\"{&quot;background_background&quot;:&quot;classic&quot;}\">\n\t\t\t\t\t<div class=\"e-con-inner\">\n\t\t<div class=\"elementor-element elementor-element-3b226b7 e-con-full e-flex e-con e-child\" data-id=\"3b226b7\" data-element_type=\"container\" data-e-type=\"container\">\n\t\t<div class=\"elementor-element elementor-element-6a9d657 e-con-full e-flex e-con e-child\" data-id=\"6a9d657\" data-element_type=\"container\" data-e-type=\"container\">\n\t\t\t\t<div class=\"elementor-element elementor-element-bbc9cd0 elementor-widget elementor-widget-heading\" data-id=\"bbc9cd0\" data-element_type=\"widget\" data-e-type=\"widget\" data-widget_type=\"heading.default\">\n\t\t\t\t\t<div class=\"elementor-heading-title elementor-size-default\">Izmerjanje vlage<\/div>\t\t\t\t<\/div>\n\t\t\t\t<div class=\"elementor-element elementor-element-9ac4c79 elementor-widget__width-initial elementor-widget elementor-widget-heading\" data-id=\"9ac4c79\" data-element_type=\"widget\" data-e-type=\"widget\" data-widget_type=\"heading.default\">\n\t\t\t\t\t<h1 class=\"elementor-heading-title elementor-size-default\">Klju\u010dni nadzor podlage pred nanosom epoksidnih in poliuretanskih sistemov<\/h1>\t\t\t\t<\/div>\n\t\t\t\t<div class=\"elementor-element elementor-element-91aef6b elementor-widget__width-initial elementor-widget elementor-widget-text-editor\" data-id=\"91aef6b\" data-element_type=\"widget\" data-e-type=\"widget\" data-widget_type=\"text-editor.default\">\n\t\t\t\t\t\t\t\t\t<p class=\"p1\">Vla\u017enost podlage je eden klju\u010dnih dejavnikov za trajnost polimernega premaza. \u010ce beton vsebuje prekomerno vlago, lahko to povzro\u010di odstopanje premaza, nastanek mehurjev, zmanj\u0161ano adhezijo in prezgodnje propadanje sistema. Pravilno merjenje vlage omogo\u010da, da se tem tveganjem izognemo.<\/p><div id=\"mttContainer\" class=\"notranslate\" style=\"transform: translate(230px, 20px);\" aria-expanded=\"true\"><div id=\"tippy-1\" style=\"z-index: 100000200; visibility: visible; position: absolute; inset: 0px auto auto 0px; margin: 0px; transform: translate3d(317px, 20px, 0px);\" data-tippy-root=\"\"><div class=\"tippy-box\" style=\"max-width: 350px; transition-duration: 300ms;\" tabindex=\"-1\" role=\"mtttooltip\" data-state=\"visible\" data-theme=\"custom\" data-animation=\"fade\" data-placement=\"bottom\"><div class=\"tippy-content\" style=\"transition-duration: 300ms;\" data-state=\"visible\"><span dir=\"ltr\">\u0412\u043b\u0430\u0436\u043d\u043e\u0441\u0442\u044c \u043e\u0441\u043d\u043e\u0432\u0430\u043d\u0438\u044f \u044f\u0432\u043b\u044f\u0435\u0442\u0441\u044f \u043e\u0434\u043d\u0438\u043c \u0438\u0437 \u043a\u043b\u044e\u0447\u0435\u0432\u044b\u0445 \u0444\u0430\u043a\u0442\u043e\u0440\u043e\u0432 \u0434\u043e\u043b\u0433\u043e\u0432\u0435\u0447\u043d\u043e\u0441\u0442\u0438 \u043f\u043e\u043b\u0438\u043c\u0435\u0440\u043d\u043e\u0433\u043e \u043f\u043e\u043a\u0440\u044b\u0442\u0438\u044f.<\/span><\/div><div class=\"tippy-arrow\" style=\"position: absolute; left: 0px; transform: translate3d(174px, 0px, 0px);\">\u00a0<\/div><\/div><\/div><\/div>\t\t\t\t\t\t\t\t<\/div>\n\t\t<div class=\"elementor-element elementor-element-be113ae e-con-full e-flex e-con e-child\" data-id=\"be113ae\" data-element_type=\"container\" data-e-type=\"container\">\n\t\t<div class=\"elementor-element elementor-element-b42ed8a e-con-full e-flex e-con e-child\" data-id=\"b42ed8a\" data-element_type=\"container\" data-e-type=\"container\" data-settings=\"{&quot;background_background&quot;:&quot;classic&quot;}\">\n\t\t<div class=\"elementor-element elementor-element-fb92eb3 e-con-full e-flex e-con e-child\" data-id=\"fb92eb3\" data-element_type=\"container\" data-e-type=\"container\" data-settings=\"{&quot;background_background&quot;:&quot;classic&quot;}\">\n\t\t\t\t<div class=\"elementor-element elementor-element-2d27028 elementor-widget elementor-widget-heading\" data-id=\"2d27028\" data-element_type=\"widget\" data-e-type=\"widget\" data-widget_type=\"heading.default\">\n\t\t\t\t\t<div class=\"elementor-heading-title elementor-size-default\">Pogoj 1<\/div>\t\t\t\t<\/div>\n\t\t\t\t<\/div>\n\t\t\t\t<div class=\"elementor-element elementor-element-20495fa elementor-widget elementor-widget-heading\" data-id=\"20495fa\" data-element_type=\"widget\" data-e-type=\"widget\" data-widget_type=\"heading.default\">\n\t\t\t\t\t<h3 class=\"elementor-heading-title elementor-size-default\">Zakaj je merjenje vlage pomembno?<\/h3>\t\t\t\t<\/div>\n\t\t\t\t<div class=\"elementor-element elementor-element-e0c58df elementor-widget elementor-widget-text-editor\" data-id=\"e0c58df\" data-element_type=\"widget\" data-e-type=\"widget\" data-widget_type=\"text-editor.default\">\n\t\t\t\t\t\t\t\t\t<p class=\"p1\">Vla\u017enost podlage je klju\u010dni dejavnik trajnosti polimernega premaza. \u010ce beton vsebuje prekomerno vlago, lahko to povzro\u010di odstopanje premaza, nastanek mehurjev, zmanj\u0161ano adhezijo in prezgodnje propadanje sistema. Pravilno merjenje vlage omogo\u010da, da se tem tveganjem izognemo.<\/p>\t\t\t\t\t\t\t\t<\/div>\n\t\t\t\t<\/div>\n\t\t<div class=\"elementor-element elementor-element-ab50c42 e-con-full e-flex e-con e-child\" data-id=\"ab50c42\" data-element_type=\"container\" data-e-type=\"container\" data-settings=\"{&quot;background_background&quot;:&quot;classic&quot;}\">\n\t\t<div class=\"elementor-element elementor-element-d5327e8 e-con-full e-flex e-con e-child\" data-id=\"d5327e8\" data-element_type=\"container\" data-e-type=\"container\" data-settings=\"{&quot;background_background&quot;:&quot;classic&quot;}\">\n\t\t\t\t<div class=\"elementor-element elementor-element-37e2189 elementor-widget elementor-widget-heading\" data-id=\"37e2189\" data-element_type=\"widget\" data-e-type=\"widget\" data-widget_type=\"heading.default\">\n\t\t\t\t\t<div class=\"elementor-heading-title elementor-size-default\">Pogoj 2<\/div>\t\t\t\t<\/div>\n\t\t\t\t<\/div>\n\t\t\t\t<div class=\"elementor-element elementor-element-3a45556 elementor-widget elementor-widget-heading\" data-id=\"3a45556\" data-element_type=\"widget\" data-e-type=\"widget\" data-widget_type=\"heading.default\">\n\t\t\t\t\t<h3 class=\"elementor-heading-title elementor-size-default\">Kdaj se merjenje izvaja?<\/h3>\t\t\t\t<\/div>\n\t\t\t\t<div class=\"elementor-element elementor-element-945c98e elementor-widget elementor-widget-text-editor\" data-id=\"945c98e\" data-element_type=\"widget\" data-e-type=\"widget\" data-widget_type=\"text-editor.default\">\n\t\t\t\t\t\t\t\t\t<p class=\"p1\">Merjenje se izvaja pred nanosom epoksidnih in poliuretanskih premazov, po izvedbi nove betonske estrihe, pri rekonstrukciji starih industrijskih tlakov ter v prostorih, ki so izpostavljeni temperaturnim nihanjem ali povi\u0161ani vlagi.<\/p><div id=\"mttContainer\" class=\"notranslate\" style=\"transform: translate(152px, 0px);\" aria-expanded=\"false\"><div id=\"tippy-1\" style=\"z-index: 100000200; visibility: hidden; position: absolute; inset: auto auto 0px 0px; margin: 0px; transform: translate3d(395px, -20px, 0px);\" data-tippy-root=\"\"><div class=\"tippy-box\" style=\"max-width: 350px; transition-duration: 250ms;\" tabindex=\"-1\" role=\"mtttooltip\" data-state=\"hidden\" data-theme=\"custom\" data-animation=\"fade\" data-placement=\"top\" data-reference-hidden=\"\" data-escaped=\"\"><div class=\"tippy-content\" style=\"transition-duration: 250ms;\" data-state=\"hidden\"><span dir=\"ltr\">\u0418\u0437\u043c\u0435\u0440\u0435\u043d\u0438\u0435 \u043f\u0440\u043e\u0432\u043e\u0434\u044f\u0442 \u043f\u0435\u0440\u0435\u0434 \u043d\u0430\u043d\u0435\u0441\u0435\u043d\u0438\u0435\u043c \u044d\u043f\u043e\u043a\u0441\u0438\u0434\u043d\u044b\u0445 \u0438 \u043f\u043e\u043b\u0438\u0443\u0440\u0435\u0442\u0430\u043d\u043e\u0432\u044b\u0445 \u043f\u043e\u043a\u0440\u044b\u0442\u0438\u0439, \u043f\u043e\u0441\u043b\u0435 \u0432\u044b\u043f\u043e\u043b\u043d\u0435\u043d\u0438\u044f \u043d\u043e\u0432\u043e\u0439 \u0431\u0435\u0442\u043e\u043d\u043d\u043e\u0439 \u0441\u0442\u044f\u0436\u043a\u0438, \u043f\u0440\u0438 \u0440\u0435\u043a\u043e\u043d\u0441\u0442\u0440\u0443\u043a\u0446\u0438\u0438 \u0441\u0442\u0430\u0440\u044b\u0445 \u043f\u0440\u043e\u043c\u044b\u0448\u043b\u0435\u043d\u043d\u044b\u0445 \u043f\u043e\u043b\u043e\u0432 \u0438 \u0432 \u043f\u043e\u043c\u0435\u0449\u0435\u043d\u0438\u044f\u0445, \u043f\u043e\u0434\u0432\u0435\u0440\u0436\u0435\u043d\u043d\u044b\u0445 \u0442\u0435\u043c\u043f\u0435\u0440\u0430\u0442\u0443\u0440\u043d\u044b\u043c \u043a\u043e\u043b\u0435\u0431\u0430\u043d\u0438\u044f\u043c \u0438\u043b\u0438 \u043f\u043e\u0432\u044b\u0448\u0435\u043d\u043d\u043e\u0439 \u0432\u043b\u0430\u0436\u043d\u043e\u0441\u0442\u0438.<\/span><\/div><div class=\"tippy-arrow\" style=\"position: absolute; left: 0px; transform: translate3d(96px, 0px, 0px);\">\u00a0<\/div><\/div><\/div><\/div>\t\t\t\t\t\t\t\t<\/div>\n\t\t\t\t<\/div>\n\t\t<div class=\"elementor-element elementor-element-669484c e-con-full e-flex e-con e-child\" data-id=\"669484c\" data-element_type=\"container\" data-e-type=\"container\" data-settings=\"{&quot;background_background&quot;:&quot;classic&quot;}\">\n\t\t<div class=\"elementor-element elementor-element-d91de83 e-con-full e-flex e-con e-child\" data-id=\"d91de83\" data-element_type=\"container\" data-e-type=\"container\" data-settings=\"{&quot;background_background&quot;:&quot;classic&quot;}\">\n\t\t\t\t<div class=\"elementor-element elementor-element-2df5ed9 elementor-widget elementor-widget-heading\" data-id=\"2df5ed9\" data-element_type=\"widget\" data-e-type=\"widget\" data-widget_type=\"heading.default\">\n\t\t\t\t\t<div class=\"elementor-heading-title elementor-size-default\">Pogoj 3<\/div>\t\t\t\t<\/div>\n\t\t\t\t<\/div>\n\t\t\t\t<div class=\"elementor-element elementor-element-5e07062 elementor-widget elementor-widget-heading\" data-id=\"5e07062\" data-element_type=\"widget\" data-e-type=\"widget\" data-widget_type=\"heading.default\">\n\t\t\t\t\t<h3 class=\"elementor-heading-title elementor-size-default\">Katere metode uporabljamo?<\/h3>\t\t\t\t<\/div>\n\t\t\t\t<div class=\"elementor-element elementor-element-57b2b83 elementor-widget elementor-widget-text-editor\" data-id=\"57b2b83\" data-element_type=\"widget\" data-e-type=\"widget\" data-widget_type=\"text-editor.default\">\n\t\t\t\t\t\t\t\t\t<p class=\"p1\">Uporabljamo profesionalne metode nadzora: CM-metodo (karbidna metoda), ki je najbolj natan\u010den na\u010din dolo\u010danja preostale vlage v betonu, ter kontrolo temperature podlage in rosi\u0161\u010da.<\/p>\t\t\t\t\t\t\t\t<\/div>\n\t\t\t\t<\/div>\n\t\t<div class=\"elementor-element elementor-element-9093016 e-con-full e-flex e-con e-child\" data-id=\"9093016\" data-element_type=\"container\" data-e-type=\"container\" data-settings=\"{&quot;background_background&quot;:&quot;classic&quot;}\">\n\t\t<div class=\"elementor-element elementor-element-90c2c25 e-con-full e-flex e-con e-child\" data-id=\"90c2c25\" data-element_type=\"container\" data-e-type=\"container\" data-settings=\"{&quot;background_background&quot;:&quot;classic&quot;}\">\n\t\t\t\t<div class=\"elementor-element elementor-element-887488f elementor-widget elementor-widget-heading\" data-id=\"887488f\" data-element_type=\"widget\" data-e-type=\"widget\" data-widget_type=\"heading.default\">\n\t\t\t\t\t<div class=\"elementor-heading-title elementor-size-default\">Pogoj 4<\/div>\t\t\t\t<\/div>\n\t\t\t\t<\/div>\n\t\t\t\t<div class=\"elementor-element elementor-element-3690c37 elementor-widget elementor-widget-heading\" data-id=\"3690c37\" data-element_type=\"widget\" data-e-type=\"widget\" data-widget_type=\"heading.default\">\n\t\t\t\t\t<h3 class=\"elementor-heading-title elementor-size-default\">Dovoljena vla\u017enost podlage<\/h3>\t\t\t\t<\/div>\n\t\t\t\t<div class=\"elementor-element elementor-element-c5bf632 elementor-widget elementor-widget-text-editor\" data-id=\"c5bf632\" data-element_type=\"widget\" data-e-type=\"widget\" data-widget_type=\"text-editor.default\">\n\t\t\t\t\t\t\t\t\t<p class=\"p1\">Dovoljena vla\u017enost je odvisna od vrste sistema: epoksidni in poliuretanski premazi obi\u010dajno \u2264 5 CM%, posebni sistemi pa skladno s tehni\u010dno dokumentacijo proizvajalca. Natan\u010dni parametri se dolo\u010dijo v skladu s tehni\u010dnimi zahtevami sistema CHEMCO.<\/p><div id=\"mttContainer\" class=\"notranslate\" style=\"transform: translate(117px, 6px);\" aria-expanded=\"false\"><div id=\"tippy-1\" style=\"z-index: 100000200; visibility: hidden; position: absolute; inset: auto auto 0px 0px; margin: 0px; transform: translate3d(400px, -20px, 0px);\" data-tippy-root=\"\"><div class=\"tippy-box\" style=\"max-width: 350px; transition-duration: 250ms;\" tabindex=\"-1\" role=\"mtttooltip\" data-state=\"hidden\" data-theme=\"custom\" data-animation=\"fade\" data-placement=\"top\" data-escaped=\"\"><div class=\"tippy-content\" style=\"transition-duration: 250ms;\" data-state=\"hidden\"><span dir=\"ltr\">\u0414\u043e\u043f\u0443\u0441\u0442\u0438\u043c\u0430\u044f \u0432\u043b\u0430\u0436\u043d\u043e\u0441\u0442\u044c \u0437\u0430\u0432\u0438\u0441\u0438\u0442 \u043e\u0442 \u0442\u0438\u043f\u0430 \u0441\u0438\u0441\u0442\u0435\u043c\u044b: \u044d\u043f\u043e\u043a\u0441\u0438\u0434\u043d\u044b\u0435 \u0438 \u043f\u043e\u043b\u0438\u0443\u0440\u0435\u0442\u0430\u043d\u043e\u0432\u044b\u0435 \u043f\u043e\u043a\u0440\u044b\u0442\u0438\u044f \u043e\u0431\u044b\u0447\u043d\u043e \u2264 5 \u0421\u041c%, \u0430 \u0441\u043f\u0435\u0446\u0438\u0430\u043b\u044c\u043d\u044b\u0435 \u0441\u0438\u0441\u0442\u0435\u043c\u044b \u0441\u043e\u0433\u043b\u0430\u0441\u043d\u043e \u0442\u0435\u0445\u043d\u0438\u0447\u0435\u0441\u043a\u043e\u0439 \u0434\u043e\u043a\u0443\u043c\u0435\u043d\u0442\u0430\u0446\u0438\u0438 \u043f\u0440\u043e\u0438\u0437\u0432\u043e\u0434\u0438\u0442\u0435\u043b\u044f. \u0422\u043e\u0447\u043d\u044b\u0435 \u043f\u0430\u0440\u0430\u043c\u0435\u0442\u0440\u044b \u043e\u043f\u0440\u0435\u0434\u0435\u043b\u044f\u044e\u0442\u0441\u044f \u0441\u043e\u0433\u043b\u0430\u0441\u043d\u043e \u0442\u0435\u0445\u043d\u0438\u0447\u0435\u0441\u043a\u0438\u043c \u0442\u0440\u0435\u0431\u043e\u0432\u0430\u043d\u0438\u044f\u043c \u0441\u0438\u0441\u0442\u0435\u043c\u044b CHEMCO.<\/span><\/div><div class=\"tippy-arrow\" style=\"position: absolute; left: 0px; transform: translate3d(91px, 0px, 0px);\">\u00a0<\/div><\/div><\/div><\/div>\t\t\t\t\t\t\t\t<\/div>\n\t\t\t\t<\/div>\n\t\t<div class=\"elementor-element elementor-element-927188d e-con-full e-flex e-con e-child\" data-id=\"927188d\" data-element_type=\"container\" data-e-type=\"container\" data-settings=\"{&quot;background_background&quot;:&quot;classic&quot;}\">\n\t\t<div class=\"elementor-element elementor-element-0ff4fb5 e-con-full e-flex e-con e-child\" data-id=\"0ff4fb5\" data-element_type=\"container\" data-e-type=\"container\" data-settings=\"{&quot;background_background&quot;:&quot;classic&quot;}\">\n\t\t\t\t<div class=\"elementor-element elementor-element-9aa927c elementor-widget elementor-widget-heading\" data-id=\"9aa927c\" data-element_type=\"widget\" data-e-type=\"widget\" data-widget_type=\"heading.default\">\n\t\t\t\t\t<div class=\"elementor-heading-title elementor-size-default\">Pogoj 5<\/div>\t\t\t\t<\/div>\n\t\t\t\t<\/div>\n\t\t\t\t<div class=\"elementor-element elementor-element-10f99f1 elementor-widget elementor-widget-heading\" data-id=\"10f99f1\" data-element_type=\"widget\" data-e-type=\"widget\" data-widget_type=\"heading.default\">\n\t\t\t\t\t<h3 class=\"elementor-heading-title elementor-size-default\">Kaj storiti, \u010de vlaga presega dovoljeno mejo?<\/h3>\t\t\t\t<\/div>\n\t\t\t\t<div class=\"elementor-element elementor-element-168184b elementor-widget elementor-widget-text-editor\" data-id=\"168184b\" data-element_type=\"widget\" data-e-type=\"widget\" data-widget_type=\"text-editor.default\">\n\t\t\t\t\t\t\t\t\t<p class=\"p1\">Mo\u017ene re\u0161itve so: dodatno su\u0161enje podlage, uporaba posebnih vlagozapornih temeljnih premazov ali prestavitev termina monta\u017ee do doseganja dovoljenih vrednosti.<\/p><div id=\"mttContainer\" class=\"notranslate\" style=\"transform: translate(117px, 6px);\" aria-expanded=\"false\"><div id=\"tippy-1\" style=\"z-index: 100000200; visibility: hidden; position: absolute; inset: auto auto 0px 0px; margin: 0px; transform: translate3d(400px, -20px, 0px);\" data-tippy-root=\"\"><div class=\"tippy-box\" style=\"max-width: 350px; transition-duration: 250ms;\" tabindex=\"-1\" role=\"mtttooltip\" data-state=\"hidden\" data-theme=\"custom\" data-animation=\"fade\" data-placement=\"top\" data-escaped=\"\"><div class=\"tippy-content\" style=\"transition-duration: 250ms;\" data-state=\"hidden\"><span dir=\"ltr\">\u0414\u043e\u043f\u0443\u0441\u0442\u0438\u043c\u0430\u044f \u0432\u043b\u0430\u0436\u043d\u043e\u0441\u0442\u044c \u0437\u0430\u0432\u0438\u0441\u0438\u0442 \u043e\u0442 \u0442\u0438\u043f\u0430 \u0441\u0438\u0441\u0442\u0435\u043c\u044b: \u044d\u043f\u043e\u043a\u0441\u0438\u0434\u043d\u044b\u0435 \u0438 \u043f\u043e\u043b\u0438\u0443\u0440\u0435\u0442\u0430\u043d\u043e\u0432\u044b\u0435 \u043f\u043e\u043a\u0440\u044b\u0442\u0438\u044f \u043e\u0431\u044b\u0447\u043d\u043e \u2264 5 \u0421\u041c%, \u0430 \u0441\u043f\u0435\u0446\u0438\u0430\u043b\u044c\u043d\u044b\u0435 \u0441\u0438\u0441\u0442\u0435\u043c\u044b \u0441\u043e\u0433\u043b\u0430\u0441\u043d\u043e \u0442\u0435\u0445\u043d\u0438\u0447\u0435\u0441\u043a\u043e\u0439 \u0434\u043e\u043a\u0443\u043c\u0435\u043d\u0442\u0430\u0446\u0438\u0438 \u043f\u0440\u043e\u0438\u0437\u0432\u043e\u0434\u0438\u0442\u0435\u043b\u044f. \u0422\u043e\u0447\u043d\u044b\u0435 \u043f\u0430\u0440\u0430\u043c\u0435\u0442\u0440\u044b \u043e\u043f\u0440\u0435\u0434\u0435\u043b\u044f\u044e\u0442\u0441\u044f \u0441\u043e\u0433\u043b\u0430\u0441\u043d\u043e \u0442\u0435\u0445\u043d\u0438\u0447\u0435\u0441\u043a\u0438\u043c \u0442\u0440\u0435\u0431\u043e\u0432\u0430\u043d\u0438\u044f\u043c \u0441\u0438\u0441\u0442\u0435\u043c\u044b CHEMCO.<\/span><\/div><div class=\"tippy-arrow\" style=\"position: absolute; left: 0px; transform: translate3d(91px, 0px, 0px);\">\u00a0<\/div><\/div><\/div><\/div>\t\t\t\t\t\t\t\t<\/div>\n\t\t\t\t<\/div>\n\t\t\t\t<\/div>\n\t\t\t\t<\/div>\n\t\t<div class=\"elementor-element elementor-element-7c1f189 e-con-full e-flex e-con e-child\" data-id=\"7c1f189\" data-element_type=\"container\" data-e-type=\"container\">\n\t\t\t\t<div class=\"elementor-element elementor-element-df9ae67 elementor-widget elementor-widget-button\" data-id=\"df9ae67\" data-element_type=\"widget\" data-e-type=\"widget\" data-widget_type=\"button.default\">\n\t\t\t\t\t\t\t\t\t\t<a class=\"elementor-button elementor-button-link elementor-size-sm\" href=\"https:\/\/epoxyexpert.si\/en\/kontakt\/\">\n\t\t\t\t\t\t<span class=\"elementor-button-content-wrapper\">\n\t\t\t\t\t\t\t\t\t<span class=\"elementor-button-text\">Brezpla\u010dna konzultacija<\/span>\n\t\t\t\t\t<\/span>\n\t\t\t\t\t<\/a>\n\t\t\t\t\t\t\t\t<\/div>\n\t\t\t\t<\/div>\n\t\t\t\t<\/div>\n\t\t\t\t\t<\/div>\n\t\t\t\t<\/div>\n\t\t\t\t<\/div>","protected":false},"excerpt":{"rendered":"<p>Izmerjanje vlage Klju\u010dni nadzor podlage pred nanosom epoksidnih in poliuretanskih sistemov Vla\u017enost podlage je eden klju\u010dnih dejavnikov za trajnost polimernega premaza. \u010ce beton vsebuje prekomerno vlago, lahko to povzro\u010di odstopanje premaza, nastanek mehurjev, zmanj\u0161ano adhezijo in prezgodnje propadanje sistema. Pravilno merjenje vlage omogo\u010da, da se tem tveganjem izognemo. \u0412\u043b\u0430\u0436\u043d\u043e\u0441\u0442\u044c \u043e\u0441\u043d\u043e\u0432\u0430\u043d\u0438\u044f \u044f\u0432\u043b\u044f\u0435\u0442\u0441\u044f \u043e\u0434\u043d\u0438\u043c \u0438\u0437 \u043a\u043b\u044e\u0447\u0435\u0432\u044b\u0445 \u0444\u0430\u043a\u0442\u043e\u0440\u043e\u0432&#8230;<\/p>","protected":false},"author":1,"featured_media":0,"parent":0,"menu_order":0,"comment_status":"closed","ping_status":"closed","template":"","meta":{"_kad_post_transparent":"","_kad_post_title":"hide","_kad_post_layout":"fullwidth","_kad_post_sidebar_id":"","_kad_post_content_style":"unboxed","_kad_post_vertical_padding":"hide","_kad_post_feature":"hide","_kad_post_feature_position":"","_kad_post_header":false,"_kad_post_footer":false,"_kad_post_classname":"","footnotes":""},"class_list":["post-1083","page","type-page","status-publish","hentry"],"_links":{"self":[{"href":"https:\/\/epoxyexpert.si\/en\/wp-json\/wp\/v2\/pages\/1083","targetHints":{"allow":["GET"]}}],"collection":[{"href":"https:\/\/epoxyexpert.si\/en\/wp-json\/wp\/v2\/pages"}],"about":[{"href":"https:\/\/epoxyexpert.si\/en\/wp-json\/wp\/v2\/types\/page"}],"author":[{"embeddable":true,"href":"https:\/\/epoxyexpert.si\/en\/wp-json\/wp\/v2\/users\/1"}],"replies":[{"embeddable":true,"href":"https:\/\/epoxyexpert.si\/en\/wp-json\/wp\/v2\/comments?post=1083"}],"version-history":[{"count":14,"href":"https:\/\/epoxyexpert.si\/en\/wp-json\/wp\/v2\/pages\/1083\/revisions"}],"predecessor-version":[{"id":1730,"href":"https:\/\/epoxyexpert.si\/en\/wp-json\/wp\/v2\/pages\/1083\/revisions\/1730"}],"wp:attachment":[{"href":"https:\/\/epoxyexpert.si\/en\/wp-json\/wp\/v2\/media?parent=1083"}],"curies":[{"name":"wp","href":"https:\/\/api.w.org\/{rel}","templated":true}]}}