{"id":103,"date":"2026-03-07T11:13:10","date_gmt":"2026-03-07T10:13:10","guid":{"rendered":"https:\/\/epoxyexpert.si\/?page_id=103"},"modified":"2026-04-18T16:51:15","modified_gmt":"2026-04-18T14:51:15","slug":"kontakt","status":"publish","type":"page","link":"https:\/\/epoxyexpert.si\/en\/kontakt\/","title":{"rendered":"Kontakt"},"content":{"rendered":"<div data-elementor-type=\"wp-page\" data-elementor-id=\"103\" class=\"elementor elementor-103\">\n\t\t\t\t<div class=\"elementor-element elementor-element-d162bde e-flex e-con-boxed e-con e-parent\" data-id=\"d162bde\" data-element_type=\"container\" data-e-type=\"container\" id=\"kontakt\" data-settings=\"{&quot;background_background&quot;:&quot;classic&quot;}\">\n\t\t\t\t\t<div class=\"e-con-inner\">\n\t\t<div class=\"elementor-element elementor-element-535252f e-con-full e-flex e-con e-child\" data-id=\"535252f\" data-element_type=\"container\" data-e-type=\"container\">\n\t\t\t\t<div class=\"elementor-element elementor-element-c72d39d elementor-widget elementor-widget-heading\" data-id=\"c72d39d\" data-element_type=\"widget\" data-e-type=\"widget\" data-widget_type=\"heading.default\">\n\t\t\t\t\t<div class=\"elementor-heading-title elementor-size-default\">KONTAKT<\/div>\t\t\t\t<\/div>\n\t\t\t\t<\/div>\n\t\t\t\t<div class=\"elementor-element elementor-element-9a4f9a3 elementor-widget__width-initial elementor-widget elementor-widget-heading\" data-id=\"9a4f9a3\" data-element_type=\"widget\" data-e-type=\"widget\" data-widget_type=\"heading.default\">\n\t\t\t\t\t<h1 class=\"elementor-heading-title elementor-size-default\">Kontaktirajte nas<\/h1>\t\t\t\t<\/div>\n\t\t\t\t<div class=\"elementor-element elementor-element-089656a elementor-widget__width-initial elementor-widget elementor-widget-heading\" data-id=\"089656a\" data-element_type=\"widget\" data-e-type=\"widget\" data-widget_type=\"heading.default\">\n\t\t\t\t\t<div class=\"elementor-heading-title elementor-size-default\">Po\u0161ljite povpra\u0161evanje ali se dogovorite za ogled objekta. Pomagamo vam izbrati ustrezen sistem glede na prostor, obremenitve in namen uporabe.<\/div>\t\t\t\t<\/div>\n\t\t\t\t<div class=\"elementor-element elementor-element-7a498a4 elementor-widget elementor-widget-heading\" data-id=\"7a498a4\" data-element_type=\"widget\" data-e-type=\"widget\" data-widget_type=\"heading.default\">\n\t\t\t\t\t<h3 class=\"elementor-heading-title elementor-size-default\">Po\u0161ljite povpra\u0161evanje<\/h3>\t\t\t\t<\/div>\n\t\t\t\t<div class=\"elementor-element elementor-element-5486ce7 elementor-widget__width-initial elementor-widget-mobile__width-initial elementor-widget elementor-widget-text-editor\" data-id=\"5486ce7\" data-element_type=\"widget\" data-e-type=\"widget\" data-widget_type=\"text-editor.default\">\n\t\t\t\t\t\t\t\t\t<p class=\"p1\">Odgovorimo v najkraj\u0161em mo\u017enem \u010dasu in pomagamo izbrati ustrezno re\u0161itev za va\u0161 objekt.<b><\/b><\/p>\n<div id=\"mttContainer\" class=\"notranslate\" style=\"transform: translate(134px, 4px);\" aria-expanded=\"false\">\n<div id=\"tippy-1\" style=\"z-index: 100000200; visibility: hidden; position: absolute; inset: 0px auto auto 0px; margin: 0px; transform: translate3d(400px, 20px, 0px);\" data-tippy-root=\"\">\n<div class=\"tippy-box\" style=\"max-width: 350px; transition-duration: 250ms;\" tabindex=\"-1\" role=\"mtttooltip\" data-state=\"hidden\" data-theme=\"custom\" data-animation=\"fade\" data-placement=\"bottom\">\n<div class=\"tippy-content\" style=\"transition-duration: 250ms;\" data-state=\"hidden\"><span dir=\"ltr\">\u041c\u044b \u043e\u0442\u0432\u0435\u0442\u0438\u043c \u0432 \u043a\u0440\u0430\u0442\u0447\u0430\u0439\u0448\u0438\u0435 \u0441\u0440\u043e\u043a\u0438 \u0438 \u043f\u043e\u043c\u043e\u0436\u0435\u043c \u0432\u0430\u043c \u0432\u044b\u0431\u0440\u0430\u0442\u044c \u043f\u0440\u0430\u0432\u0438\u043b\u044c\u043d\u043e\u0435 \u0440\u0435\u0448\u0435\u043d\u0438\u0435 \u0434\u043b\u044f \u0432\u0430\u0448\u0435\u0433\u043e \u043e\u0431\u044a\u0435\u043a\u0442\u0430.<\/span><\/div>\n<div class=\"tippy-arrow\" style=\"position: absolute; left: 0px; transform: translate3d(91px, 0px, 0px);\">\u00a0<\/div>\n<\/div>\n<\/div>\n<\/div>\t\t\t\t\t\t\t\t<\/div>\n\t\t<div class=\"elementor-element elementor-element-22fa8fc e-grid e-con-full e-con e-child\" data-id=\"22fa8fc\" data-element_type=\"container\" data-e-type=\"container\">\n\t\t\t\t<div class=\"elementor-element elementor-element-d1b4c48 kontakt-form-wrap fluentform-widget-submit-button-custom elementor-widget elementor-widget-fluent-form-widget\" data-id=\"d1b4c48\" data-element_type=\"widget\" data-e-type=\"widget\" data-widget_type=\"fluent-form-widget.default\">\n\t\t\t\t<div class=\"elementor-widget-container\">\n\t\t\t\t\t\n            <div class=\"fluentform-widget-wrapper fluentform-widget-align-default\">\n\n            \n            <div class='fluentform ff-inherit-theme-style fluentform_wrapper_3'><form data-form_id=\"3\" id=\"fluentform_3\" class=\"frm-fluent-form fluent_form_3 ff-el-form-top ff_form_instance_3_1 ff-form-loading ffs_inherit_theme\" data-form_instance=\"ff_form_instance_3_1\" method=\"POST\" action=\"\" ><fieldset  style=\"border: none!important;margin: 0!important;padding: 0!important;background-color: transparent!important;box-shadow: none!important;outline: none!important; min-inline-size: 100%;\">\n                    <legend class=\"ff_screen_reader_title\" style=\"display: block; margin: 0!important;padding: 0!important;height: 0!important;text-indent: -999999px;width: 0!important;overflow:hidden;\">Kontakt Form<\/legend><input type='hidden' name='__fluent_form_embded_post_id' value='103' \/><input type=\"hidden\" id=\"_fluentform_3_fluentformnonce\" name=\"_fluentform_3_fluentformnonce\" value=\"97cd36de88\" \/><input type=\"hidden\" name=\"_wp_http_referer\" value=\"\/en\/wp-json\/wp\/v2\/pages\/103\" \/><div data-name=\"ff_cn_id_1\"  class='ff-t-container ff-column-container ff_columns_total_2'><div class='ff-t-cell ff-t-column-1' style='flex-basis: 50%;'><div class='ff-el-group'><div class=\"ff-el-input--label ff-el-is-required asterisk-right\"><label for='ff_3_input_text_3' id='label_ff_3_input_text_3' aria-label=\"Ime in priimek\">Ime in priimek<\/label><\/div><div class='ff-el-input--content'><input type=\"text\" name=\"input_text_3\" class=\"ff-el-form-control\" placeholder=\"Vnesite svoje ime in priimek\" data-name=\"input_text_3\" id=\"ff_3_input_text_3\"  aria-invalid=\"false\" aria-required=\"true\"><\/div><\/div><\/div><div class='ff-t-cell ff-t-column-2' style='flex-basis: 50%;'><div class='ff-el-group'><div class=\"ff-el-input--label ff-el-is-required asterisk-right\"><label for='ff_3_input_text' id='label_ff_3_input_text' aria-label=\"Telefon\">Telefon<\/label><\/div><div class='ff-el-input--content'><input type=\"text\" name=\"input_text\" class=\"ff-el-form-control\" placeholder=\"+386 51 772 867\" data-name=\"input_text\" id=\"ff_3_input_text\"  aria-invalid=\"false\" aria-required=\"true\"><\/div><\/div><\/div><\/div><div data-name=\"ff_cn_id_2\"  class='ff-t-container ff-column-container ff_columns_total_2'><div class='ff-t-cell ff-t-column-1' style='flex-basis: 50%;'><div class='ff-el-group'><div class=\"ff-el-input--label ff-el-is-required asterisk-right\"><label for='ff_3_email' id='label_ff_3_email' aria-label=\"E-po\u0161ta\">E-po\u0161ta<\/label><\/div><div class='ff-el-input--content'><input type=\"email\" name=\"email\" id=\"ff_3_email\" class=\"ff-el-form-control\" placeholder=\"Vnesite svoj e-po\u0161tni naslov\" data-name=\"email\"  aria-invalid=\"false\" aria-required=\"true\"><\/div><\/div><\/div><div class='ff-t-cell ff-t-column-2' style='flex-basis: 50%;'><div class='ff-el-group'><div class=\"ff-el-input--label asterisk-right\"><label for='ff_3_dropdown' id='label_ff_3_dropdown' aria-label=\"Vrsta objekta\">Vrsta objekta<\/label><\/div><div class='ff-el-input--content'><select name=\"dropdown\" id=\"ff_3_dropdown\" class=\"ff-el-form-control\" data-name=\"dropdown\" data-calc_value=\"0\"  aria-invalid=\"false\" aria-required=\"false\" aria-labelledby=\"label_ff_3_dropdown\"><option value=\"\">Izberite vrsto objekta<\/option><option value=\"Industrijski objekt\"  >Industrijski objekt<\/option><option value=\"Komercialni prostor\"  >Komercialni prostor<\/option><option value=\"Gara\u017ea \/ zasebni objekt\"  >Gara\u017ea \/ zasebni objekt<\/option><option value=\"Skladi\u0161\u010de \/ logistika\"  >Skladi\u0161\u010de \/ logistika<\/option><option value=\"Delavnica\"  >Delavnica<\/option><option value=\"Drugo\"  >Drugo<\/option><\/select><\/div><\/div><\/div><\/div><div class='ff-el-group'><div class=\"ff-el-input--label asterisk-right\"><label for='ff_3_input_text_2' id='label_ff_3_input_text_2' aria-label=\"Pribli\u017ena povr\u0161ina (m\u00b2)\">Pribli\u017ena povr\u0161ina (m\u00b2)<\/label><\/div><div class='ff-el-input--content'><input type=\"text\" name=\"input_text_2\" class=\"ff-el-form-control\" placeholder=\"Npr. 120\" data-name=\"input_text_2\" id=\"ff_3_input_text_2\"  aria-invalid=\"false\" aria-required=\"false\"><\/div><\/div><div class='ff-el-group'><div class=\"ff-el-input--label asterisk-right\"><label for='ff_3_description' id='label_ff_3_description' aria-label=\"Sporo\u010dilo\">Sporo\u010dilo<\/label><\/div><div class='ff-el-input--content'><textarea aria-required=\"false\" aria-labelledby=\"label_ff_3_description\" name=\"description\" id=\"ff_3_description\" class=\"ff-el-form-control\" placeholder=\"Na kratko opi\u0161ite objekt ali projekt\" rows=\"3\" cols=\"2\" data-name=\"description\" ><\/textarea><\/div><\/div><div class='ff-el-group    ff-el-input--content'><div class='ff-el-form-check ff-el-tc'><label aria-label='Terms and Conditions: Strinjam se, da se moji podatki uporabijo za odgovor na povpra\u0161evanje v skladu s Politiko zasebnosti. Contains 1 link. Use tab navigation to review.' class='ff-el-form-check-label ff_tc_label' for=\"gdpr-agreement_bf19e9e543f0c436b71cb44d3e8af408\"><span class='ff_tc_checkbox'><input type=\"checkbox\" name=\"gdpr-agreement\" class=\"ff-el-form-check-input ff_gdpr_field\" data-name=\"gdpr-agreement\" id=\"gdpr-agreement_bf19e9e543f0c436b71cb44d3e8af408\"  value='on' aria-invalid='false' aria-required=\"true\"><\/span> <div class='ff_t_c'>Strinjam se, da se moji podatki uporabijo za odgovor na povpra\u0161evanje v skladu s <a href=\"\/en\/politika-zasebnosti\/\" target=\"_blank\" rel=\"noopener\">Politiko zasebnosti<\/a>.<\/div><\/label><\/div><\/div><div class='ff-el-group ff-text-left ff_submit_btn_wrapper'><button type=\"submit\" class=\"ff-btn ff-btn-submit ff-btn-md ff_btn_no_style wpf_has_custom_css\"  aria-label=\"Po\u0161lji povpra\u0161evanje\">Po\u0161lji povpra\u0161evanje<\/button><\/div><\/fieldset><input type=\"hidden\" name=\"trp-form-language\" value=\"en\"\/><\/form><div id='fluentform_3_errors' class='ff-errors-in-stack ff_form_instance_3_1 ff-form-loading_errors ff_form_instance_3_1_errors'><\/div><\/div>            <script type=\"text\/javascript\">\n                window.fluent_form_ff_form_instance_3_1 = {\"id\":\"3\",\"ajaxUrl\":\"https:\\\/\\\/epoxyexpert.si\\\/wp-admin\\\/admin-ajax.php\",\"settings\":{\"layout\":{\"labelPlacement\":\"top\",\"asteriskPlacement\":\"asterisk-right\",\"helpMessagePlacement\":\"with_label\",\"errorMessagePlacement\":\"inline\",\"cssClassName\":\"\"},\"restrictions\":{\"denyEmptySubmission\":{\"enabled\":false}}},\"form_instance\":\"ff_form_instance_3_1\",\"form_id_selector\":\"fluentform_3\",\"rules\":{\"input_text_3\":{\"required\":{\"value\":true,\"message\":\"This field is required\",\"global_message\":\"This field is required\",\"global\":true}},\"input_text\":{\"required\":{\"value\":true,\"message\":\"This field is required\",\"global_message\":\"This field is required\",\"global\":true}},\"email\":{\"required\":{\"value\":true,\"message\":\"This field is required\",\"global_message\":\"This field is required\",\"global\":true},\"email\":{\"value\":true,\"message\":\"This field must contain a valid email\",\"global_message\":\"This field must contain a valid email\",\"global\":true}},\"dropdown\":{\"required\":{\"value\":false,\"message\":\"This field is required\",\"global_message\":\"This field is required\",\"global\":true}},\"input_text_2\":{\"required\":{\"value\":false,\"message\":\"This field is required\",\"global_message\":\"This field is required\",\"global\":true}},\"description\":{\"required\":{\"value\":false,\"message\":\"This field is required\",\"global_message\":\"This field is required\",\"global\":true}},\"gdpr-agreement\":{\"required\":{\"value\":true,\"message\":\"This field is required\",\"global_message\":\"This field is required\",\"global\":true}}},\"debounce_time\":300};\n                            <\/script>\n                        <\/div>\n\n            \t\t\t\t<\/div>\n\t\t\t\t<\/div>\n\t\t\t\t<div class=\"elementor-element elementor-element-abba9aa elementor-widget elementor-widget-html\" data-id=\"abba9aa\" data-element_type=\"widget\" data-e-type=\"widget\" data-widget_type=\"html.default\">\n\t\t\t\t\t<style>\n.kontakt-side-card{\n  background: linear-gradient(135deg, #1b5e3d 0%, #124a31 100%);\n  border-radius: 30px;\n  padding: 30px 30px 26px;\n  box-shadow: 0 20px 45px rgba(24, 63, 44, 0.18);\n  color: #fff;\n}\n\n.kontakt-side-label{\n  font-size: 12px;\n  line-height: 1;\n  letter-spacing: .22em;\n  text-transform: uppercase;\n  font-weight: 700;\n  color: rgba(255,255,255,.72);\n  margin-bottom: 26px;\n}\n\n.kontakt-side-row{\n  padding-bottom: 18px;\n  margin-bottom: 18px;\n  border-bottom: 1px solid rgba(255,255,255,.11);\n}\n\n.kontakt-side-row-last{\n  margin-bottom: 0;\n  padding-bottom: 0;\n  border-bottom: none;\n}\n\n.kontakt-side-row-flex{\n  display: flex;\n  align-items: flex-end;\n  justify-content: space-between;\n  gap: 16px;\n}\n\n.kontakt-side-subtitle{\n  font-size: 14px;\n  line-height: 1.3;\n  color: rgba(255,255,255,.78);\n  margin-bottom: 8px;\n}\n\n.kontakt-side-value{\n  font-size: 20px;\n  line-height: 1.25;\n  font-weight: 700;\n  color: #fff;\n}\n\n.kontakt-side-value a{\n  color: #fff;\n  text-decoration: none;\n}\n\n.kontakt-side-value a:hover{\n  text-decoration: underline;\n}\n\n.kontakt-side-wa-btn{\n  display: inline-flex;\n  align-items: center;\n  justify-content: center;\n  min-height: 44px;\n  padding: 0 18px;\n  border-radius: 999px;\n  background: transparent;\n  border: 1px solid rgba(255,255,255,.28);\n  color: #ffffff !important;\n  font-size: 14px;\n  font-weight: 700;\n  text-decoration: none !important;\n  white-space: nowrap;\n  transition: .2s ease;\n}\n\n.kontakt-side-wa-btn:hover{\n  background: rgba(255,255,255,.08);\n  border-color: rgba(255,255,255,.42);\n  color: #ffffff !important;\n  transform: translateY(-1px);\n}\n\n.kontakt-side-socials{\n  display: flex;\n  flex-wrap: wrap;\n  gap: 12px;\n  margin-top: 2px;\n}\n\n.kontakt-side-socials a{\n  color: #dce7e0 !important;\n  text-decoration: none;\n  font-size: 15px;\n  line-height: 1.3;\n  font-weight: 500;\n}\n\n.kontakt-side-socials a:hover{\n  color: #ffffff !important;\n  text-decoration: underline;\n}\n\n@media (max-width: 767px){\n  .kontakt-side-card{\n    padding: 24px 22px 22px;\n    border-radius: 24px;\n  }\n\n  .kontakt-side-row-flex{\n    flex-direction: column;\n    align-items: flex-start;\n  }\n\n  .kontakt-side-wa-btn{\n    width: 100%;\n  }\n\n  .kontakt-side-value{\n    font-size: 18px;\n  }\n}\n<\/style>\n\n<div class=\"kontakt-side-card\">\n  <div class=\"kontakt-side-label\">Kontaktni podatki<\/div>\n\n  <div class=\"kontakt-side-row\">\n    <div class=\"kontakt-side-subtitle\">Telefon<\/div>\n    <div class=\"kontakt-side-value\">\n      <a href=\"tel:+38651772867\">+386 51 772 867<\/a>\n    <\/div>\n  <\/div>\n\n  <div class=\"kontakt-side-row\">\n    <div class=\"kontakt-side-row-flex\">\n      <div>\n        <div class=\"kontakt-side-subtitle\">WhatsApp<\/div>\n        <div class=\"kontakt-side-value\">\n          <a href=\"https:\/\/wa.me\/38651772867\" target=\"_blank\" rel=\"noopener\">+386 51 772 867<\/a>\n        <\/div>\n      <\/div>\n\n      <a class=\"kontakt-side-wa-btn\" href=\"https:\/\/wa.me\/38651772867?text=Pozdravljeni,%20zanima%20me%20re\u0161itev%20za%20moj%20objekt.\" target=\"_blank\" rel=\"noopener\">\n        Pi\u0161ite\n      <\/a>\n    <\/div>\n  <\/div>\n\n  <div class=\"kontakt-side-row\">\n    <div class=\"kontakt-side-subtitle\">E-po\u0161ta<\/div>\n    <div class=\"kontakt-side-value\">\n      <a href=\"mailto:info@epoxyexpert.si\">info@epoxyexpert.si<\/a>\n    <\/div>\n  <\/div>\n\n  <div class=\"kontakt-side-row\">\n    <div class=\"kontakt-side-subtitle\">Podjetje<\/div>\n    <div class=\"kontakt-side-value\">STSK d.o.o.<\/div>\n  <\/div>\n\n  <div class=\"kontakt-side-row\">\n    <div class=\"kontakt-side-subtitle\">Lokacija<\/div>\n    <div class=\"kontakt-side-value\">Be\u017eigrad 1, Ljubljana<\/div>\n  <\/div>\n\n  <div class=\"kontakt-side-row kontakt-side-row-last\">\n    <div class=\"kontakt-side-subtitle\">Spremljajte nas<\/div>\n    <div class=\"kontakt-side-socials\">\n      <a href=\"https:\/\/www.facebook.com\/profile.php?id=61576204838913\" target=\"_blank\" rel=\"noopener\">Facebook<\/a>\n      <a href=\"https:\/\/www.instagram.com\/epoxyexpe\/\" target=\"_blank\" rel=\"noopener\">Instagram<\/a>\n    <\/div>\n  <\/div>\n<\/div>\t\t\t\t<\/div>\n\t\t\t\t<\/div>\n\t\t\t\t\t<\/div>\n\t\t\t\t<\/div>\n\t\t\t\t<\/div>","protected":false},"excerpt":{"rendered":"<p>KONTAKT Kontaktirajte nas Po\u0161ljite povpra\u0161evanje ali se dogovorite za ogled objekta. Pomagamo vam izbrati ustrezen sistem glede na prostor, obremenitve in namen uporabe. Po\u0161ljite povpra\u0161evanje Odgovorimo v najkraj\u0161em mo\u017enem \u010dasu in pomagamo izbrati ustrezno re\u0161itev za va\u0161 objekt. \u041c\u044b \u043e\u0442\u0432\u0435\u0442\u0438\u043c \u0432 \u043a\u0440\u0430\u0442\u0447\u0430\u0439\u0448\u0438\u0435 \u0441\u0440\u043e\u043a\u0438 \u0438 \u043f\u043e\u043c\u043e\u0436\u0435\u043c \u0432\u0430\u043c \u0432\u044b\u0431\u0440\u0430\u0442\u044c \u043f\u0440\u0430\u0432\u0438\u043b\u044c\u043d\u043e\u0435 \u0440\u0435\u0448\u0435\u043d\u0438\u0435 \u0434\u043b\u044f \u0432\u0430\u0448\u0435\u0433\u043e \u043e\u0431\u044a\u0435\u043a\u0442\u0430. \u00a0 Kontakt Form&#8230;<\/p>","protected":false},"author":1,"featured_media":0,"parent":0,"menu_order":0,"comment_status":"closed","ping_status":"closed","template":"","meta":{"_kad_post_transparent":"","_kad_post_title":"hide","_kad_post_layout":"fullwidth","_kad_post_sidebar_id":"","_kad_post_content_style":"unboxed","_kad_post_vertical_padding":"hide","_kad_post_feature":"hide","_kad_post_feature_position":"","_kad_post_header":false,"_kad_post_footer":false,"_kad_post_classname":"","footnotes":""},"class_list":["post-103","page","type-page","status-publish","hentry"],"_links":{"self":[{"href":"https:\/\/epoxyexpert.si\/en\/wp-json\/wp\/v2\/pages\/103","targetHints":{"allow":["GET"]}}],"collection":[{"href":"https:\/\/epoxyexpert.si\/en\/wp-json\/wp\/v2\/pages"}],"about":[{"href":"https:\/\/epoxyexpert.si\/en\/wp-json\/wp\/v2\/types\/page"}],"author":[{"embeddable":true,"href":"https:\/\/epoxyexpert.si\/en\/wp-json\/wp\/v2\/users\/1"}],"replies":[{"embeddable":true,"href":"https:\/\/epoxyexpert.si\/en\/wp-json\/wp\/v2\/comments?post=103"}],"version-history":[{"count":88,"href":"https:\/\/epoxyexpert.si\/en\/wp-json\/wp\/v2\/pages\/103\/revisions"}],"predecessor-version":[{"id":2367,"href":"https:\/\/epoxyexpert.si\/en\/wp-json\/wp\/v2\/pages\/103\/revisions\/2367"}],"wp:attachment":[{"href":"https:\/\/epoxyexpert.si\/en\/wp-json\/wp\/v2\/media?parent=103"}],"curies":[{"name":"wp","href":"https:\/\/api.w.org\/{rel}","templated":true}]}}